{"id":181,"date":"2019-05-21T10:41:55","date_gmt":"2019-05-21T09:41:55","guid":{"rendered":"https:\/\/fittingall.com\/?page_id=181"},"modified":"2023-03-16T19:55:35","modified_gmt":"2023-03-16T18:55:35","slug":"catalogo","status":"publish","type":"page","link":"https:\/\/fittingall.com\/es\/catalogo\/","title":{"rendered":"Cat\u00e1logos"},"content":{"rendered":"\n<div class=\"wp-block-media-text alignwide is-stacked-on-mobile\"><figure class=\"wp-block-media-text__media\"><a href=\"https:\/\/fittingall.com\/wp-content\/uploads\/Ansell_Protection_Solutions_Guide_2023-2_es.pdf\"><img loading=\"lazy\" decoding=\"async\" width=\"350\" height=\"125\" src=\"https:\/\/fittingall.com\/wp-content\/uploads\/Catalogo-Proteccion-Ansell.png\" alt=\"\" class=\"wp-image-1182 size-full\" srcset=\"https:\/\/fittingall.com\/es\/wp-content\/uploads\/Catalogo-Proteccion-Ansell.png 350w, https:\/\/fittingall.com\/es\/wp-content\/uploads\/Catalogo-Proteccion-Ansell-300x107.png 300w\" sizes=\"auto, (max-width: 350px) 100vw, 350px\" \/><\/a><\/figure><div class=\"wp-block-media-text__content\">\n<p>Cat\u00e1logo ANSELL de equipamiento de protecci\u00f3n <strong>corporal<\/strong>  para diversos entornos con apartado especial a <strong>manos y brazos<\/strong>.<\/p>\n<\/div><\/div>\n\n\n\n<hr class=\"wp-block-separator has-alpha-channel-opacity\"\/>\n\n\n\n<div class=\"wp-block-media-text alignwide is-stacked-on-mobile\"><figure class=\"wp-block-media-text__media\"><a href=\"https:\/\/fittingall.com\/wp-content\/uploads\/3M-PROTECCION-RESPIRATORIA.pdf\"><img loading=\"lazy\" decoding=\"async\" width=\"350\" height=\"125\" src=\"https:\/\/fittingall.com\/wp-content\/uploads\/Proteccion-Respiratoria.png\" alt=\"\" class=\"wp-image-1132 size-full\" srcset=\"https:\/\/fittingall.com\/es\/wp-content\/uploads\/Proteccion-Respiratoria.png 350w, https:\/\/fittingall.com\/es\/wp-content\/uploads\/Proteccion-Respiratoria-300x107.png 300w\" sizes=\"auto, (max-width: 350px) 100vw, 350px\" \/><\/a><\/figure><div class=\"wp-block-media-text__content\">\n<p>Cat\u00e1logo 3M de <strong>mascarillas autofiltrantes<\/strong> para particulas y equipos motorizados de <strong>suministro de aire<\/strong>.<\/p>\n<\/div><\/div>\n\n\n\n<hr class=\"wp-block-separator has-alpha-channel-opacity\"\/>\n\n\n\n<div class=\"wp-block-media-text alignwide is-stacked-on-mobile\"><figure class=\"wp-block-media-text__media\"><a href=\"https:\/\/fittingall.com\/wp-content\/uploads\/catalogo_METEO_2022.pdf\"><img loading=\"lazy\" decoding=\"async\" width=\"350\" height=\"125\" src=\"https:\/\/fittingall.com\/wp-content\/uploads\/abrigo-y-lluvia-1.png\" alt=\"\" class=\"wp-image-1106 size-full\" srcset=\"https:\/\/fittingall.com\/es\/wp-content\/uploads\/abrigo-y-lluvia-1.png 350w, https:\/\/fittingall.com\/es\/wp-content\/uploads\/abrigo-y-lluvia-1-300x107.png 300w\" sizes=\"auto, (max-width: 350px) 100vw, 350px\" \/><\/a><\/figure><div class=\"wp-block-media-text__content\">\n<p>Cat\u00e1logo METEO con una gran variedad de vestimenta de protecci\u00f3n para <strong>climatolog\u00eda adversa<\/strong>.<\/p>\n<\/div><\/div>\n\n\n\n<hr class=\"wp-block-separator has-alpha-channel-opacity\"\/>\n\n\n\n<div class=\"wp-block-media-text alignwide is-stacked-on-mobile\"><figure class=\"wp-block-media-text__media\"><a href=\"https:\/\/fittingall.com\/wp-content\/uploads\/catalogo_anibal_2021_ESP.pdf\"><img loading=\"lazy\" decoding=\"async\" width=\"350\" height=\"125\" src=\"https:\/\/fittingall.com\/wp-content\/uploads\/calzado-proteccion.png\" alt=\"\" class=\"wp-image-1107 size-full\" srcset=\"https:\/\/fittingall.com\/es\/wp-content\/uploads\/calzado-proteccion.png 350w, https:\/\/fittingall.com\/es\/wp-content\/uploads\/calzado-proteccion-300x107.png 300w\" sizes=\"auto, (max-width: 350px) 100vw, 350px\" \/><\/a><\/figure><div class=\"wp-block-media-text__content\">\n<p>Cat\u00e1logo ANIBAL con los mejores productos en <strong>calzado de protecci\u00f3n<\/strong> para el trabajador.<\/p>\n<\/div><\/div>\n\n\n\n<hr class=\"wp-block-separator has-alpha-channel-opacity\"\/>\n\n\n\n<div class=\"wp-block-media-text alignwide is-stacked-on-mobile\"><figure class=\"wp-block-media-text__media\"><a href=\"https:\/\/fittingall.com\/wp-content\/uploads\/catalogo_marca_2022_ESP.pdf\"><img loading=\"lazy\" decoding=\"async\" width=\"350\" height=\"125\" src=\"https:\/\/fittingall.com\/wp-content\/uploads\/vestuario-proteccio\u0301n.png\" alt=\"\" class=\"wp-image-1109 size-full\" srcset=\"https:\/\/fittingall.com\/es\/wp-content\/uploads\/vestuario-proteccio\u0301n.png 350w, https:\/\/fittingall.com\/es\/wp-content\/uploads\/vestuario-proteccio\u0301n-300x107.png 300w\" sizes=\"auto, (max-width: 350px) 100vw, 350px\" \/><\/a><\/figure><div class=\"wp-block-media-text__content\">\n<p>Cat\u00e1logo MARCA que abarca todos los principales aspectos del <strong>equipamiento de protecci\u00f3n general<\/strong> para el trabajador<\/p>\n<\/div><\/div>\n\n\n\n<hr class=\"wp-block-separator has-alpha-channel-opacity\"\/>\n\n\n\n<div class=\"wp-block-media-text alignwide is-stacked-on-mobile\"><figure class=\"wp-block-media-text__media\"><a href=\"https:\/\/fittingall.com\/wp-content\/uploads\/catalogo_vestuario_desechable_proteccion_quimica-1805.pdf\"><img loading=\"lazy\" decoding=\"async\" width=\"350\" height=\"125\" src=\"https:\/\/fittingall.com\/wp-content\/uploads\/proteccion-quimica.png\" alt=\"\" class=\"wp-image-1108 size-full\" srcset=\"https:\/\/fittingall.com\/es\/wp-content\/uploads\/proteccion-quimica.png 350w, https:\/\/fittingall.com\/es\/wp-content\/uploads\/proteccion-quimica-300x107.png 300w\" sizes=\"auto, (max-width: 350px) 100vw, 350px\" \/><\/a><\/figure><div class=\"wp-block-media-text__content\">\n<p>Cat\u00e1logo STEELGEN especializado en buzos de protecci\u00f3n para entornos de <strong>manipulaci\u00f3n qu\u00edmica<\/strong>.<\/p>\n<\/div><\/div>\n\n\n\n<div style=\"height:100px\" aria-hidden=\"true\" class=\"wp-block-spacer\"><\/div>\n\n\n\n<div class=\"wp-block-buttons is-layout-flex wp-block-buttons-is-layout-flex\">\n<div class=\"wp-block-button aligncenter is-style-fill\"><a class=\"wp-block-button__link has-luminous-vivid-amber-background-color has-background wp-element-button\" href=\"mailto:comercial@pcpweb.es\" target=\"_blank\" rel=\"noreferrer noopener\">A\u00fan no encuentro lo que busco &#8230;<\/a><\/div>\n<\/div>\n","protected":false},"excerpt":{"rendered":"<p>Cat\u00e1logo ANSELL de equipamiento de protecci\u00f3n corporal para diversos entornos con apartado especial a manos y brazos. Cat\u00e1logo 3M de mascarillas autofiltrantes para particulas y equipos motorizados de suministro de aire. Cat\u00e1logo METEO con una gran variedad de vestimenta de protecci\u00f3n para climatolog\u00eda adversa. Cat\u00e1logo ANIBAL con los mejores productos en calzado de protecci\u00f3n para [&hellip;]<\/p>\n","protected":false},"author":1,"featured_media":0,"parent":0,"menu_order":0,"comment_status":"closed","ping_status":"closed","template":"","meta":{"footnotes":""},"class_list":["post-181","page","type-page","status-publish","hentry"],"_links":{"self":[{"href":"https:\/\/fittingall.com\/es\/wp-json\/wp\/v2\/pages\/181","targetHints":{"allow":["GET"]}}],"collection":[{"href":"https:\/\/fittingall.com\/es\/wp-json\/wp\/v2\/pages"}],"about":[{"href":"https:\/\/fittingall.com\/es\/wp-json\/wp\/v2\/types\/page"}],"author":[{"embeddable":true,"href":"https:\/\/fittingall.com\/es\/wp-json\/wp\/v2\/users\/1"}],"replies":[{"embeddable":true,"href":"https:\/\/fittingall.com\/es\/wp-json\/wp\/v2\/comments?post=181"}],"version-history":[{"count":10,"href":"https:\/\/fittingall.com\/es\/wp-json\/wp\/v2\/pages\/181\/revisions"}],"predecessor-version":[{"id":1201,"href":"https:\/\/fittingall.com\/es\/wp-json\/wp\/v2\/pages\/181\/revisions\/1201"}],"wp:attachment":[{"href":"https:\/\/fittingall.com\/es\/wp-json\/wp\/v2\/media?parent=181"}],"curies":[{"name":"wp","href":"https:\/\/api.w.org\/{rel}","templated":true}]}}