{"id":19,"date":"2017-05-10T00:00:00","date_gmt":"2017-05-10T00:00:00","guid":{"rendered":"http:\/\/localhost\/Themes\/2017\/Juno\/Website_WP\/index.php\/home\/"},"modified":"2023-12-21T19:30:38","modified_gmt":"2023-12-21T18:30:38","slug":"home","status":"publish","type":"page","link":"https:\/\/fittingall.com\/es\/","title":{"rendered":"Home"},"content":{"rendered":"<h1>Suministros para la empresa<\/h1>\n<div>\n<p>Equipos y suministros de protecci\u00f3n y aseguramiento de la cadena del frio<\/p>\n<\/div>\n<p>\n    <a href=\"\/categoria-producto\/cadena-del-frio\/\">Ver cat\u00e1logo<\/a>\n<\/p>\n<h2><a href=\"https:\/\/fittingall.com\/categoria-producto\/cadena-del-frio\/\">Cadena del frio<\/a><\/h2>\n<p>\n    <a href=\"https:\/\/fittingall.com\/categoria-producto\/cadena-del-frio\/\">Art\u00edculos para asegurar la cadena del fr\u00edo<\/a>\n<\/p>\n<h2><a href=\"https:\/\/fittingall.com\/categoria-producto\/proteccion\/\">Protecci\u00f3n<\/a><\/h2>\n<p>\n    <a href=\"https:\/\/fittingall.com\/categoria-producto\/proteccion\/\">Art\u00edculos para la protecci\u00f3n del trabajador<\/a>\n<\/p>\n<h2>Productos Destacados<\/h2>\n<ul>\n<li>\n<p>        <img decoding=\"async\" src=\"\/es\/wp-content\/uploads\/medicina.jpg\" alt=\"\"><\/p>\n<h3>Cajas Isot\u00e9rmicas<\/h3>\n<p>Cadena del Fr\u00edo<\/p>\n<p><a href=\"\/es\/categoria-producto\/cadena-del-frio\/cajas-isotermicas\/\"><\/a><\/p>\n<\/li>\n<li>\n<p>        <img decoding=\"async\" src=\"\/es\/wp-content\/uploads\/acumuladores.jpg\" alt=\"\"><\/p>\n<h3>Acumuladores de Fr\u00edo<\/h3>\n<p>Cadena del Fr\u00edo<\/p>\n<p><a href=\"\/es\/categoria-producto\/cadena-del-frio\/acumuladores-de-frio\/\"><\/a><\/p>\n<\/li>\n<li>\n<p>        <img decoding=\"async\" src=\"\/es\/wp-content\/uploads\/Fittingall-categorias-1.png\" alt=\"\"><\/p>\n<h3>Control de Temperatura<\/h3>\n<p>Cadena del Fr\u00edo<\/p>\n<p><a href=\"\/es\/categoria-producto\/cadena-del-frio\/control-de-temperatura\/\"><\/a><\/p>\n<\/li>\n<li>\n<p>        <img decoding=\"async\" src=\"\/es\/wp-content\/uploads\/Fittingall-categorias-1-1.png\" alt=\"\"><\/p>\n<h3>Fundas Isot\u00e9rmicas<\/h3>\n<p>Cadena del Fr\u00edo<\/p>\n<p><a href=\"\/es\/categoria-producto\/cadena-del-frio\/fundas-isotermicas\/\"><\/a><\/p>\n<\/li>\n<li>\n<p>        <img decoding=\"async\" src=\"\/es\/wp-content\/uploads\/fall_protec10.png\" alt=\"\"><\/p>\n<h3>Vestuario Laboral<\/h3>\n<p>Protecci\u00f3n<\/p>\n<p><a href=\"\/es\/categoria-producto\/proteccion\/vestuario-laboral\/\"><\/a><\/p>\n<\/li>\n<li>\n<p>        <img decoding=\"async\" src=\"\/es\/wp-content\/uploads\/fall_protec11.png\" alt=\"\"><\/p>\n<h3>Protecci\u00f3n Respiratoria<\/h3>\n<p>Protecci\u00f3n<\/p>\n<p><a href=\"\/es\/categoria-producto\/proteccion\/proteccion-respiratoria\/\"><\/a><\/p>\n<\/li>\n<li>\n<p>        <img decoding=\"async\" src=\"\/es\/wp-content\/uploads\/fall_protec12.png\" alt=\"\"><\/p>\n<h3>Protecci\u00f3n Ocular<\/h3>\n<p>Protecci\u00f3n<\/p>\n<p><a href=\"\/es\/categoria-producto\/proteccion\/proteccion-ocular\/\"><\/a><\/p>\n<\/li>\n<li>\n<p>        <img decoding=\"async\" src=\"\/es\/wp-content\/uploads\/fall_protec13.png\" alt=\"\"><\/p>\n<h3>Protecci\u00f3n Auditiva<\/h3>\n<p>Protecci\u00f3n<\/p>\n<p><a href=\"\/es\/categoria-producto\/proteccion\/proteccion-auditiva\/\"><\/a><\/p>\n<\/li>\n<\/ul>\n<h3>Reciba actualizaciones<\/h3>\n<div>\n<p>Suscr\u00edbase a nuestro bolet\u00edn<\/p>\n<\/div>\n<div>\n<h3>\u00bfAlguna pregunta?<\/h3>\n<div>\n<p>Ll\u00e1menos sin compromiso o &#8230;<\/p>\n<\/div>\n<p><a href=\"https:\/\/fittingall.com\/es\/haz-una-consulta\/\">Haga su consulta aqu\u00ed<\/a><\/p>\n<\/div>\n<p><img decoding=\"async\" src=\"\/es\/wp-content\/uploads\/2.png\" alt=\"\"><\/p>\n<h1><strong>Cold Chain Security Products<\/strong><\/h1>\n<h1>Servicios<\/h1>\n<ul>\n<li>\n<p><a href=\"\/es\/index.php?page_id=23\">Auditor\u00eda<\/a><\/p>\n<\/li>\n<li>\n<p><a href=\"\/es\/index.php?page_id=23\">Validaciones<\/a><\/p>\n<\/li>\n<li>\n<p><a href=\"\/es\/index.php?page_id=23\">Revisiones<\/a><\/p>\n<\/li>\n<li>\n<p><a href=\"\/es\/index.php?page_id=23\">Consultoria<\/a><\/p>\n<\/li>\n<\/ul>\n<h1>Productos<\/h1>\n<ul>\n<li>\n<p><a href=\"\/es\/index.php?page_id=20\">Cajas Isot\u00e9rmicas<\/a><\/p>\n<\/li>\n<li>\n<p><a href=\"\/es\/index.php?page_id=20\">Acumuladores de fr\u00edo<\/a><\/p>\n<\/li>\n<li>\n<p><a href=\"\/es\/index.php?page_id=20\">Control de Temperatura<\/a><\/p>\n<\/li>\n<\/ul>\n<h1>S\u00edganos<\/h1>\n<ul>\n<li><a href=\"https:\/\/www.instagram.com\/_fittingall\/\">instagram<\/a>\n<\/li>\n<li><a href=\"https:\/\/www.facebook.com\/fittingall\">facebook<\/a>\n<\/li>\n<li><a href=\"https:\/\/www.linkedin.com\/fittingall\">linkedin<\/a>\n<\/li>\n<\/ul>\n<p><!--more--><br \/>\n<!-- {\"name\":\"Home\",\"type\":\"layout\",\"children\":[{\"name\":\"Hero\",\"type\":\"section\",\"props\":{\"animation\":\"fade\",\"header_overlay\":\"light\",\"header_transparent_noplaceholder\":false,\"height\":\"percent\",\"height_viewport\":true,\"image\":\"wp-content\\\/uploads\\\/Portada-1200x1006-1.png\",\"image_effect\":\"parallax\",\"image_fixed\":false,\"image_parallax\":-540,\"image_parallax_bgy\":\"70,0\",\"image_parallax_breakpoint\":\"m\",\"image_parallax_easing\":\"1\",\"image_position\":\"bottom-right\",\"image_size\":\"contain\",\"media\":\"images\\\/home-header.jpg\",\"media_advanced\":true,\"media_blend_mode\":\"luminosity\",\"media_visibility\":\"s\",\"overlap\":false,\"padding\":\"large\",\"padding_remove_bottom\":false,\"padding_remove_top\":false,\"style\":\"default\",\"title_breakpoint\":\"xl\",\"title_position\":\"top-left\",\"title_rotation\":\"left\",\"vertical_align\":\"middle\",\"width\":\"large\"},\"children\":[{\"type\":\"row\",\"props\":{\"column_gap\":\"small\",\"divider\":false,\"margin\":\"large\",\"match\":false,\"row_gap\":\"small\",\"vertical_align\":false,\"width\":\"expand\"},\"children\":[{\"type\":\"column\",\"props\":{\"image_position\":\"center-center\",\"image_size\":\"cover\",\"position_sticky_breakpoint\":\"m\",\"width_medium\":\"1-1\"},\"children\":[{\"type\":\"headline\",\"props\":{\"animation\":\"parallax\",\"block_align\":\"right\",\"content\":\"Suministros para la empresa\",\"margin\":\"small\",\"margin_remove_bottom\":false,\"margin_remove_top\":false,\"maxwidth\":\"large\",\"parallax_breakpoint\":\"s\",\"parallax_easing\":\"1\",\"parallax_y\":\"0,-50\",\"text_align\":\"right\",\"title_element\":\"h1\",\"title_style\":\"heading-large\"}},{\"type\":\"text\",\"props\":{\"animation\":\"parallax\",\"block_align\":\"right\",\"column_breakpoint\":\"m\",\"content\":\"\n\n<p>Equipos y suministros de protecci\\u00f3n y aseguramiento de la cadena del frio<\\\/p>\",\"margin\":\"medium\",\"maxwidth\":\"medium\",\"parallax_breakpoint\":\"s\",\"parallax_easing\":\"1\",\"parallax_y\":\"0,-50\",\"text_align\":\"left\",\"text_style\":\"lead\"}},{\"type\":\"button\",\"props\":{\"animation\":\"parallax\",\"button_size\":\"large\",\"grid_column_gap\":\"small\",\"grid_row_gap\":\"small\",\"margin\":\"default\",\"parallax_breakpoint\":\"s\",\"parallax_easing\":\"1\",\"parallax_y\":\"0,-50\"},\"children\":[{\"type\":\"button_item\",\"props\":{\"button_style\":\"default\",\"content\":\"Ver cat\\u00e1logo\",\"icon_align\":\"left\",\"link\":\"\\\/categoria-producto\\\/cadena-del-frio\\\/\"}}]}]}]}]},{\"name\":\"Products Grid\",\"type\":\"section\",\"props\":{\"animation\":\"slide-top-small\",\"header_overlay\":\"light\",\"height_viewport\":false,\"image_position\":\"center-center\",\"image_size\":\"cover\",\"padding\":\"none\",\"padding_remove_top\":false,\"style\":\"default\",\"title_breakpoint\":\"xl\",\"title_position\":\"top-left\",\"title_rotation\":\"left\",\"vertical_align\":\"middle\",\"width\":\"\"},\"children\":[{\"type\":\"row\",\"props\":{\"column_gap\":\"collapse\",\"layout\":\"1-2,1-2\",\"margin\":\"small\",\"match\":false,\"row_gap\":\"collapse\",\"vertical_align\":false},\"children\":[{\"type\":\"column\",\"props\":{\"image\":\"wp-content\\\/uploads\\\/Fittingall.png\",\"image_height\":\"470\",\"image_position\":\"center-right\",\"image_size\":\"contain\",\"image_width\":\"700\",\"padding\":\"large\",\"position_sticky_breakpoint\":\"m\",\"preserve_color\":false,\"style\":\"tile-primary\",\"width_medium\":\"1-2\"},\"children\":[{\"type\":\"headline\",\"props\":{\"animation\":\"parallax\",\"block_align\":\"center\",\"content\":\"Cadena del frio\",\"link\":\"https:\\\/\\\/fittingall.com\\\/categoria-producto\\\/cadena-del-frio\\\/\",\"margin\":\"small\",\"maxwidth\":\"2xlarge\",\"parallax_breakpoint\":\"m\",\"parallax_easing\":\"1\",\"parallax_y\":\"0,-50\",\"title_element\":\"h2\",\"title_style\":\"heading-large\"}},{\"type\":\"button\",\"props\":{\"animation\":\"parallax\",\"block_align\":\"center\",\"grid_column_gap\":\"small\",\"grid_row_gap\":\"small\",\"margin\":\"remove-vertical\",\"maxwidth\":\"2xlarge\",\"parallax_breakpoint\":\"m\",\"parallax_easing\":\"1\",\"parallax_y\":\"0,-50\"},\"children\":[{\"type\":\"button_item\",\"props\":{\"button_style\":\"text\",\"content\":\"Art\\u00edculos para asegurar la cadena del fr\\u00edo\",\"icon_align\":\"left\",\"link\":\"https:\\\/\\\/fittingall.com\\\/categoria-producto\\\/cadena-del-frio\\\/\"}}]}]},{\"type\":\"column\",\"props\":{\"image\":\"wp-content\\\/uploads\\\/Fittingall-2.png\",\"image_height\":\"470\",\"image_position\":\"center-right\",\"image_size\":\"contain\",\"image_width\":\"700\",\"padding\":\"large\",\"position_sticky_breakpoint\":\"m\",\"preserve_color\":false,\"style\":\"tile-secondary\",\"width_medium\":\"1-2\"},\"children\":[{\"type\":\"headline\",\"props\":{\"animation\":\"parallax\",\"block_align\":\"center\",\"content\":\"Protecci\\u00f3n\",\"link\":\"https:\\\/\\\/fittingall.com\\\/categoria-producto\\\/proteccion\\\/\",\"margin\":\"small\",\"maxwidth\":\"2xlarge\",\"parallax_breakpoint\":\"m\",\"parallax_easing\":\"1\",\"parallax_y\":\"0,-50\",\"title_element\":\"h2\",\"title_style\":\"heading-large\"}},{\"type\":\"button\",\"props\":{\"animation\":\"parallax\",\"block_align\":\"center\",\"grid_column_gap\":\"small\",\"grid_row_gap\":\"small\",\"margin\":\"remove-vertical\",\"maxwidth\":\"2xlarge\",\"parallax_breakpoint\":\"m\",\"parallax_easing\":\"1\",\"parallax_y\":\"0,-50\"},\"children\":[{\"type\":\"button_item\",\"props\":{\"button_style\":\"text\",\"content\":\"Art\\u00edculos para la protecci\\u00f3n del trabajador\",\"icon_align\":\"left\",\"link\":\"https:\\\/\\\/fittingall.com\\\/categoria-producto\\\/proteccion\\\/\"}}]}]}]}]},{\"name\":\"Featured Projects\",\"type\":\"section\",\"props\":{\"animation\":\"fade\",\"image_position\":\"center-center\",\"image_size\":\"cover\",\"padding\":\"large\",\"style\":\"default\",\"title_breakpoint\":\"xl\",\"title_position\":\"top-left\",\"title_rotation\":\"left\",\"vertical_align\":\"middle\",\"width\":\"large\"},\"children\":[{\"type\":\"row\",\"props\":{\"column_gap\":\"medium\",\"row_gap\":\"medium\",\"vertical_align\":true},\"children\":[{\"type\":\"column\",\"props\":{\"image_position\":\"center-center\",\"position_sticky_breakpoint\":\"m\",\"width_medium\":\"1-1\"},\"children\":[{\"type\":\"headline\",\"props\":{\"animation\":\"parallax\",\"content\":\"Productos Destacados\",\"parallax_breakpoint\":\"m\",\"parallax_easing\":\"1\",\"parallax_y\":\"0,-50\",\"text_align\":\"center\",\"title_element\":\"h2\",\"title_style\":\"heading-large\"}}]}]},{\"type\":\"row\",\"props\":{\"column_gap\":\"small\",\"row_gap\":\"small\",\"width\":\"large\"},\"children\":[{\"type\":\"column\",\"props\":{\"image_position\":\"center-center\",\"position_sticky_breakpoint\":\"m\",\"width_medium\":\"1-1\"},\"children\":[{\"type\":\"grid\",\"props\":{\"content_column_breakpoint\":\"m\",\"filter_align\":\"left\",\"filter_all\":true,\"filter_grid_breakpoint\":\"m\",\"filter_grid_width\":\"auto\",\"filter_position\":\"top\",\"filter_style\":\"tab\",\"grid_default\":\"1\",\"grid_medium\":\"4\",\"grid_small\":\"2\",\"icon_width\":80,\"image_align\":\"top\",\"image_grid_breakpoint\":\"m\",\"image_grid_width\":\"1-2\",\"image_height\":\"940\",\"image_link\":true,\"image_svg_color\":\"emphasis\",\"image_width\":\"910\",\"item_animation\":true,\"link_style\":\"default\",\"link_text\":\"\",\"margin\":\"default\",\"meta_align\":\"below-title\",\"meta_color\":\"muted\",\"meta_element\":\"div\",\"meta_margin\":\"remove\",\"meta_style\":\"\",\"parallax_easing\":\"1\",\"show_content\":true,\"show_image\":true,\"show_link\":true,\"show_meta\":true,\"show_title\":true,\"text_align\":\"center\",\"text_align_breakpoint\":\"s\",\"text_align_fallback\":\"center\",\"title_align\":\"top\",\"title_color\":\"primary\",\"title_element\":\"h3\",\"title_grid_breakpoint\":\"m\",\"title_grid_width\":\"1-2\",\"title_hover_style\":\"reset\",\"title_link\":true,\"title_style\":\"h4\"},\"children\":[{\"type\":\"grid_item\",\"props\":{\"image\":\"wp-content\\\/uploads\\\/medicina.jpg\",\"link\":\"\\\/es\\\/categoria-producto\\\/cadena-del-frio\\\/cajas-isotermicas\\\/\",\"meta\":\"Cadena del Fr\\u00edo\",\"title\":\"Cajas Isot\\u00e9rmicas\"}},{\"type\":\"grid_item\",\"props\":{\"image\":\"wp-content\\\/uploads\\\/acumuladores.jpg\",\"link\":\"\\\/es\\\/categoria-producto\\\/cadena-del-frio\\\/acumuladores-de-frio\\\/\",\"meta\":\"Cadena del Fr\\u00edo\",\"title\":\"Acumuladores de Fr\\u00edo\"}},{\"type\":\"grid_item\",\"props\":{\"image\":\"wp-content\\\/uploads\\\/Fittingall-categorias-1.png\",\"link\":\"\\\/es\\\/categoria-producto\\\/cadena-del-frio\\\/control-de-temperatura\\\/\",\"meta\":\"Cadena del Fr\\u00edo\",\"title\":\"Control de Temperatura\"}},{\"type\":\"grid_item\",\"props\":{\"image\":\"wp-content\\\/uploads\\\/Fittingall-categorias-1-1.png\",\"link\":\"\\\/es\\\/categoria-producto\\\/cadena-del-frio\\\/fundas-isotermicas\\\/\",\"meta\":\"Cadena del Fr\\u00edo\",\"title\":\"Fundas Isot\\u00e9rmicas\"}},{\"type\":\"grid_item\",\"props\":{\"image\":\"wp-content\\\/uploads\\\/fall_protec10.png\",\"link\":\"\\\/es\\\/categoria-producto\\\/proteccion\\\/vestuario-laboral\\\/\",\"meta\":\"Protecci\\u00f3n\",\"title\":\"Vestuario Laboral\"}},{\"type\":\"grid_item\",\"props\":{\"image\":\"wp-content\\\/uploads\\\/fall_protec11.png\",\"link\":\"\\\/es\\\/categoria-producto\\\/proteccion\\\/proteccion-respiratoria\\\/\",\"meta\":\"Protecci\\u00f3n\",\"title\":\"Protecci\\u00f3n Respiratoria\"}},{\"type\":\"grid_item\",\"props\":{\"image\":\"wp-content\\\/uploads\\\/fall_protec12.png\",\"link\":\"\\\/es\\\/categoria-producto\\\/proteccion\\\/proteccion-ocular\\\/\",\"meta\":\"Protecci\\u00f3n\",\"title\":\"Protecci\\u00f3n Ocular\"}},{\"type\":\"grid_item\",\"props\":{\"image\":\"wp-content\\\/uploads\\\/fall_protec13.png\",\"link\":\"\\\/es\\\/categoria-producto\\\/proteccion\\\/proteccion-auditiva\\\/\",\"meta\":\"Protecci\\u00f3n\",\"title\":\"Protecci\\u00f3n Auditiva\"}}]}]}]}]},{\"name\":\"Information Grid\",\"type\":\"section\",\"props\":{\"animation\":\"slide-top-small\",\"class\":\"uk-grid-margin-small\",\"header_overlay\":\"light\",\"height_viewport\":false,\"image_position\":\"center-center\",\"image_size\":\"cover\",\"padding\":\"none\",\"padding_remove_top\":false,\"style\":\"default\",\"title_breakpoint\":\"xl\",\"title_position\":\"top-left\",\"title_rotation\":\"left\",\"vertical_align\":\"middle\",\"width\":\"\"},\"children\":[{\"type\":\"row\",\"props\":{\"column_gap\":\"small\",\"layout\":\"1-2,1-2\",\"margin\":\"small\",\"match\":true,\"row_gap\":\"small\",\"vertical_align\":false},\"children\":[{\"type\":\"column\",\"props\":{\"image\":\"wp-content\\\/uploads\\\/newsletter.jpeg\",\"image_height\":\"470\",\"image_position\":\"center-right\",\"image_size\":\"contain\",\"image_width\":\"600\",\"media_visibility\":\"s\",\"padding\":\"large\",\"position_sticky_breakpoint\":\"m\",\"preserve_color\":true,\"style\":\"tile-muted\",\"width_medium\":\"1-2\"},\"children\":[{\"type\":\"headline\",\"props\":{\"animation\":\"parallax\",\"block_align\":\"center\",\"content\":\"Reciba actualizaciones\",\"margin\":\"remove-vertical\",\"maxwidth\":\"2xlarge\",\"parallax_breakpoint\":\"m\",\"parallax_easing\":\"1\",\"parallax_y\":\"110,80\",\"title_element\":\"h3\"}},{\"type\":\"text\",\"props\":{\"animation\":\"parallax\",\"block_align\":\"center\",\"column_breakpoint\":\"m\",\"content\":\"\n\n<p>Suscr\\u00edbase a nuestro bolet\\u00edn<\\\/p>\",\"margin\":\"remove-vertical\",\"maxwidth\":\"2xlarge\",\"parallax_breakpoint\":\"m\",\"parallax_easing\":\"1\",\"parallax_y\":\"110,80\"}},{\"type\":\"newsletter\",\"props\":{\"animation\":\"parallax\",\"block_align\":\"center\",\"button_icon\":\"mail\",\"button_mode\":\"icon\",\"button_style\":\"primary\",\"cmonitor\":{\"client_id\":\"\",\"list_id\":\"\"},\"form_size\":\"large\",\"gap\":\"small\",\"label_button\":\"Subscribe\",\"label_email\":\"Introduzca su direcci\\u00f3n de correo\",\"label_first_name\":\"\",\"label_last_name\":\"\",\"layout\":\"grid\",\"mailchimp\":{\"client_id\":\"\",\"list_id\":\"13a96925fd\"},\"margin\":\"default\",\"maxwidth\":\"2xlarge\",\"parallax_breakpoint\":\"m\",\"parallax_easing\":\"1\",\"parallax_y\":\"110,80\",\"provider\":{\"name\":\"mailchimp\",\"after_submit\":\"message\",\"message\":\"\\u00a1Gracias por suscribirse!\",\"redirect\":\"\"},\"show_name\":false}}]},{\"type\":\"column\",\"props\":{\"image\":\"wp-content\\\/uploads\\\/Fittingall-2-1.png\",\"image_height\":\"470\",\"image_position\":\"bottom-right\",\"image_size\":\"contain\",\"image_width\":\"600\",\"media_visibility\":\"s\",\"padding\":\"large\",\"position_sticky_breakpoint\":\"m\",\"preserve_color\":false,\"style\":\"tile-primary\",\"width_medium\":\"1-2\"},\"children\":[{\"type\":\"panel\",\"props\":{\"animation\":\"parallax\",\"block_align\":\"center\",\"content\":\"\n\n<p>Ll\\u00e1menos sin compromiso o ...<\\\/p>\",\"content_column_breakpoint\":\"m\",\"icon_width\":80,\"image\":\"\",\"image_align\":\"top\",\"image_grid_breakpoint\":\"m\",\"image_grid_width\":\"1-2\",\"image_svg_color\":\"emphasis\",\"link\":\"https:\\\/\\\/fittingall.com\\\/es\\\/haz-una-consulta\\\/\",\"link_style\":\"text\",\"link_target\":true,\"link_text\":\"Haga su consulta aqu\\u00ed\",\"margin\":\"remove-vertical\",\"margin_remove_top\":false,\"maxwidth\":\"2xlarge\",\"meta\":\"\",\"meta_align\":\"below-title\",\"meta_element\":\"div\",\"meta_style\":\"\",\"panel_card_size\":\"large\",\"parallax_breakpoint\":\"m\",\"parallax_easing\":\"1\",\"parallax_y\":\"30,0\",\"text_align\":\"left\",\"title\":\"\\u00bfAlguna pregunta?\",\"title_align\":\"top\",\"title_element\":\"h3\",\"title_grid_breakpoint\":\"m\",\"title_grid_width\":\"1-2\",\"title_hover_style\":\"reset\"}}]}]}]},{\"name\":\"Footer information\",\"type\":\"section\",\"props\":{\"image_position\":\"center-center\",\"padding\":\"large\",\"padding_remove_bottom\":false,\"style\":\"default\",\"title_breakpoint\":\"xl\",\"title_position\":\"top-left\",\"title_rotation\":\"left\",\"vertical_align\":\"middle\",\"width\":\"large\"},\"children\":[{\"type\":\"row\",\"props\":{\"layout\":\"1-4,1-4,1-4,1-4|1-2,1-2,1-2,1-2\"},\"children\":[{\"type\":\"column\",\"props\":{\"image_position\":\"center-center\",\"position_sticky_breakpoint\":\"m\",\"width_medium\":\"1-4\",\"width_small\":\"1-2\"},\"children\":[{\"type\":\"image\",\"props\":{\"image\":\"wp-content\\\/uploads\\\/2.png\",\"image_svg_color\":\"emphasis\",\"image_width\":\"200\",\"margin\":\"default\"}},{\"type\":\"headline\",\"props\":{\"content\":\"<strong>Cold Chain Security Products<\\\/strong>\",\"text_align\":\"left\",\"text_align_breakpoint\":\"s\",\"text_align_fallback\":\"center\",\"title_element\":\"h1\",\"title_style\":\"h5\"}}]},{\"type\":\"column\",\"props\":{\"image_position\":\"center-center\",\"position_sticky_breakpoint\":\"m\",\"width_medium\":\"1-4\",\"width_small\":\"1-2\"},\"children\":[{\"type\":\"headline\",\"props\":{\"content\":\"Servicios\",\"text_align\":\"left\",\"text_align_breakpoint\":\"s\",\"text_align_fallback\":\"center\",\"title_element\":\"h1\",\"title_style\":\"h5\"}},{\"type\":\"list\",\"props\":{\"column_breakpoint\":\"m\",\"content_style\":\"h6\",\"image_align\":\"left\",\"image_svg_color\":\"emphasis\",\"image_vertical_align\":true,\"link_style\":\"text\",\"list_element\":\"ul\",\"list_horizontal_separator\":\", \",\"list_type\":\"vertical\",\"show_image\":true,\"show_link\":true,\"text_align\":\"left\",\"text_align_breakpoint\":\"s\",\"text_align_fallback\":\"center\"},\"children\":[{\"type\":\"list_item\",\"props\":{\"content\":\"Auditor\\u00eda\",\"link\":\"index.php?page_id=23\"}},{\"type\":\"list_item\",\"props\":{\"content\":\"Validaciones\",\"link\":\"index.php?page_id=23\"}},{\"type\":\"list_item\",\"props\":{\"content\":\"Revisiones\",\"link\":\"index.php?page_id=23\"}},{\"type\":\"list_item\",\"props\":{\"content\":\"Consultoria\",\"link\":\"index.php?page_id=23\"}}]}]},{\"type\":\"column\",\"props\":{\"image_position\":\"center-center\",\"position_sticky_breakpoint\":\"m\",\"width_medium\":\"1-4\",\"width_small\":\"1-2\"},\"children\":[{\"type\":\"headline\",\"props\":{\"content\":\"Productos\",\"text_align\":\"left\",\"text_align_breakpoint\":\"s\",\"text_align_fallback\":\"center\",\"title_element\":\"h1\",\"title_style\":\"h5\"}},{\"type\":\"list\",\"props\":{\"column_breakpoint\":\"m\",\"content_style\":\"h6\",\"image_align\":\"left\",\"image_svg_color\":\"emphasis\",\"image_vertical_align\":true,\"link_style\":\"text\",\"list_element\":\"ul\",\"list_horizontal_separator\":\", \",\"list_type\":\"vertical\",\"show_image\":true,\"show_link\":true,\"text_align\":\"left\",\"text_align_breakpoint\":\"s\",\"text_align_fallback\":\"center\"},\"children\":[{\"type\":\"list_item\",\"props\":{\"content\":\"Cajas Isot\\u00e9rmicas\",\"link\":\"index.php?page_id=20\"}},{\"type\":\"list_item\",\"props\":{\"content\":\"Acumuladores de fr\\u00edo\",\"link\":\"index.php?page_id=20\"}},{\"type\":\"list_item\",\"props\":{\"content\":\"Control de Temperatura\",\"link\":\"index.php?page_id=20\"}}]}]},{\"type\":\"column\",\"props\":{\"image_position\":\"center-center\",\"position_sticky_breakpoint\":\"m\",\"width_medium\":\"1-4\",\"width_small\":\"1-2\"},\"children\":[{\"type\":\"headline\",\"props\":{\"content\":\"S\\u00edganos\",\"text_align\":\"left\",\"text_align_breakpoint\":\"s\",\"text_align_fallback\":\"center\",\"title_element\":\"h1\",\"title_style\":\"h5\"}},{\"type\":\"social\",\"props\":{\"grid\":\"horizontal\",\"grid_gap\":\"medium\",\"image_svg_inline\":true,\"link_style\":\"button\",\"link_target\":true,\"margin\":\"default\",\"text_align\":\"left\",\"text_align_breakpoint\":\"s\",\"text_align_fallback\":\"center\"},\"children\":[{\"type\":\"social_item\",\"props\":{\"link\":\"https:\\\/\\\/www.instagram.com\\\/_fittingall\\\/\"}},{\"type\":\"social_item\",\"props\":{\"link\":\"https:\\\/\\\/www.facebook.com\\\/fittingall\"}},{\"type\":\"social_item\",\"props\":{\"link\":\"https:\\\/\\\/www.linkedin.com\\\/fittingall\"}}]}]}]}]}],\"version\":\"4.2.10\"} --><\/p>\n","protected":false},"excerpt":{"rendered":"<p>Suministros para la empresa Equipos y suministros de protecci\u00f3n y aseguramiento de la cadena del frio Ver cat\u00e1logo Cadena del frio Art\u00edculos para asegurar la cadena del fr\u00edo Protecci\u00f3n Art\u00edculos para la protecci\u00f3n del trabajador Productos Destacados Cajas Isot\u00e9rmicas Cadena del Fr\u00edo Acumuladores de Fr\u00edo Cadena del Fr\u00edo Control de Temperatura Cadena del Fr\u00edo Fundas [&hellip;]<\/p>\n","protected":false},"author":1,"featured_media":0,"parent":0,"menu_order":2,"comment_status":"closed","ping_status":"closed","template":"","meta":{"footnotes":""},"class_list":["post-19","page","type-page","status-publish","hentry"],"_links":{"self":[{"href":"https:\/\/fittingall.com\/es\/wp-json\/wp\/v2\/pages\/19","targetHints":{"allow":["GET"]}}],"collection":[{"href":"https:\/\/fittingall.com\/es\/wp-json\/wp\/v2\/pages"}],"about":[{"href":"https:\/\/fittingall.com\/es\/wp-json\/wp\/v2\/types\/page"}],"author":[{"embeddable":true,"href":"https:\/\/fittingall.com\/es\/wp-json\/wp\/v2\/users\/1"}],"replies":[{"embeddable":true,"href":"https:\/\/fittingall.com\/es\/wp-json\/wp\/v2\/comments?post=19"}],"version-history":[{"count":100,"href":"https:\/\/fittingall.com\/es\/wp-json\/wp\/v2\/pages\/19\/revisions"}],"predecessor-version":[{"id":1354,"href":"https:\/\/fittingall.com\/es\/wp-json\/wp\/v2\/pages\/19\/revisions\/1354"}],"wp:attachment":[{"href":"https:\/\/fittingall.com\/es\/wp-json\/wp\/v2\/media?parent=19"}],"curies":[{"name":"wp","href":"https:\/\/api.w.org\/{rel}","templated":true}]}}