{"id":20,"date":"2017-05-10T13:10:00","date_gmt":"2017-05-10T12:10:00","guid":{"rendered":"http:\/\/localhost\/Themes\/2017\/Juno\/Website_WP\/index.php\/products\/"},"modified":"2023-04-19T21:19:25","modified_gmt":"2023-04-19T20:19:25","slug":"cadena-del-frio","status":"publish","type":"page","link":"https:\/\/fittingall.com\/es\/cadena-del-frio\/","title":{"rendered":"Cadena del fr\u00edo"},"content":{"rendered":"<p>El buen mantenimiento de la <a href=\"\/como-mantener-la-cadena-del-frio\/\"><strong>cadena del fr\u00edo<\/strong><\/a> en el suministro de un producto es fundamental para aquellos productos que puedan cambiar sus propiedades al soportar <strong>variaciones de temperatura<\/strong>. Estos productos para mantener su calidad precisan ser conservados a la <strong>temperatura adecuada<\/strong> hasta su entrega final. Por ello, preservar la cadena de fr\u00edo intacta <strong>garantiza el buen estado<\/strong> de estos productos y salvaguarda la salud del consumidor. El suministrador dispone de <strong>cuatro elementos<\/strong> fundamentales que le ayudar\u00e1n en este proceso.<\/p>\n<p>01<\/p>\n<p>Embalajes Isot\u00e9rmicos<\/p>\n<p>Las cajas y contenedores isot\u00e9rmicos, est\u00e1n fabricados con materiales aislantes de la temperatura, con baja conductividad t\u00e9rmica, que permiten mantener un estrecho margen de temperatura durante un amplio periodo de tiempo.\u00a0<\/p>\n<p>Estos materiales pueden ser desechables o reutilizables, flexibles o r\u00edgidos seg\u00fan convenga en cada caso.\u00a0<\/p>\n<\/p>\n<p>02<\/p>\n<p>Acumuladores de fr\u00edo<\/p>\n<p>Los acumuladores son elementos que contienen un gel especial con propiedades de retenci\u00f3n de temperatura (eutectico). Esto los hace ideales como generadores internos de frio o calor, ayudando de esta manera a prolongar las condiciones t\u00e9rmicas conservadas en el interior del embalaje.<\/p>\n<p>Pueden ser elementos r\u00edgidos o flexibles y se disponen en diferentes vol\u00famenes y tama\u00f1o seg\u00fan las necesidades del transporte.<\/p>\n<\/p>\n<p>03<\/p>\n<p>Indicadores de Temperatura<\/p>\n<p>Nos permiten controlar y conocer las oscilaciones de temperatura en los productos. As\u00ed nos van a mostrar si estos han estado expuestos a temperaturas no deseadas durante su transporte o almacenaje, y con ello conocer si los productos han podido sufrir cambios en sus propiedades o caracter\u00edsticas.<\/p>\n<\/p>\n<p>04<\/p>\n<\/p>\n<p>Aislamiento t\u00e9rmico<\/p>\n<p>Los aislantes isot\u00e9rmicos, ya sean externos como las fundas t\u00e9rmicas o internos como los acolchados, conservan sus productos de los cambios de temperatura y mantienen las mercanc\u00edas a una temperatura adecuada sin la necesidad de utilizar contenedores especiales.<\/p>\n<\/p>\n<p>H\u00e1ganos una consulta<\/p>\n<p><!-- {\"name\":\"Portfolio\",\"type\":\"layout\",\"children\":[{\"name\":\"Hero\",\"type\":\"section\",\"props\":{\"style\":\"default\",\"width\":\"expand\",\"image_position\":\"center-center\",\"image\":\"wp-content\\\/uploads\\\/products-hero-text.svg\",\"padding\":\"large\",\"image_width\":\"\",\"image_height\":\"\",\"image_size\":\"contain\",\"image_effect\":\"parallax\",\"image_parallax\":60,\"image_visibility\":\"m\",\"image_parallax_bgy_start\":10,\"image_parallax_bgy_end\":200,\"image_parallax_breakpoint\":\"m\",\"vertical_align\":\"middle\",\"title_position\":\"top-left\",\"title_rotation\":\"left\",\"title_breakpoint\":\"xl\"},\"children\":[{\"name\":\"\",\"type\":\"row\",\"props\":{\"fixed_width\":\"large\",\"breakpoint\":\"m\",\"layout\":\",2-3\",\"vertical_align\":true},\"children\":[{\"name\":\"\",\"type\":\"column\",\"props\":{\"image_position\":\"center-center\",\"widths\":[\"\"]},\"children\":[{\"name\":\"\",\"type\":\"image\",\"props\":{\"margin\":\"default\",\"image\":\"wp-content\\\/uploads\\\/conjunto.png\",\"animation\":\"parallax\",\"parallax_y\":\"500\",\"parallax_x\":\"300\",\"parallax_target\":false,\"image_width\":\"auto\",\"image_height\":\"auto\",\"parallax_y_start\":70,\"parallax_y_end\":\"\",\"parallax_easing\":\"\",\"parallax_viewport\":\"\",\"visibility\":\"m\",\"parallax_breakpoint\":\"m\"}}]},{\"name\":\"\",\"type\":\"column\",\"props\":{\"widths\":[\"2-3\"],\"image_position\":\"center-center\"},\"children\":[{\"name\":\"\",\"type\":\"image\",\"props\":{\"margin\":\"remove-vertical\",\"image\":\"wp-content\\\/uploads\\\/Productos-CDF-1.png\",\"animation\":\"parallax\",\"parallax_x\":\"500\",\"parallax_y\":\"100\",\"image_width\":\"4000\",\"image_height\":\"\",\"parallax_y_end\":\"60\",\"parallax_y_start\":\"-60\",\"parallax_breakpoint\":\"m\",\"image_alt\":\"Cadena del frio\",\"image_border\":\"rounded\",\"link\":\"\",\"maxwidth\":\"large\",\"maxwidth_align\":\"center\"}},{\"name\":\"\",\"type\":\"text\",\"props\":{\"margin\":\"default\",\"column_breakpoint\":\"m\",\"content\":\"\n\n<p>El buen mantenimiento de la <a href=\\\"\\\/como-mantener-la-cadena-del-frio\\\/\\\"><strong>cadena del fr\\u00edo<\\\/strong><\\\/a> en el suministro de un producto es fundamental para aquellos productos que puedan cambiar sus propiedades al soportar <strong>variaciones de temperatura<\\\/strong>. Estos productos para mantener su calidad precisan ser conservados a la <strong>temperatura adecuada<\\\/strong> hasta su entrega final. Por ello, preservar la cadena de fr\\u00edo intacta <strong>garantiza el buen estado<\\\/strong> de estos productos y salvaguarda la salud del consumidor. El suministrador dispone de <strong>cuatro elementos<\\\/strong> fundamentales que le ayudar\\u00e1n en este proceso.<\\\/p>\"}}]}]}]},{\"name\":\"Product 1\",\"type\":\"section\",\"props\":{\"style\":\"default\",\"width\":\"\",\"image_position\":\"center-center\",\"padding_remove_top\":true,\"padding_remove_bottom\":true,\"padding\":\"none\",\"vertical_align\":\"middle\",\"title_position\":\"top-left\",\"title_rotation\":\"left\",\"title_breakpoint\":\"xl\"},\"children\":[{\"name\":\"\",\"type\":\"row\",\"props\":{\"fixed_width\":\"large\",\"breakpoint\":\"m\",\"layout\":\"2-3,\",\"width\":\"\",\"vertical_align\":true,\"order_last\":true},\"children\":[{\"name\":\"\",\"type\":\"column\",\"props\":{\"image_position\":\"center-center\",\"widths\":[\"2-3\"],\"style\":\"primary\",\"padding\":\"none\"},\"children\":[{\"name\":\"\",\"type\":\"image\",\"props\":{\"margin\":\"default\",\"image\":\"wp-content\\\/uploads\\\/EPS-cajas.png\",\"image_width\":\"2000\",\"image_height\":\"auto\",\"animation\":\"parallax\",\"parallax_x\":\"\",\"parallax_target\":false,\"parallax_viewport\":\"\",\"parallax_velocity\":\"\",\"parallax_y_end\":\"\",\"parallax_x_end\":\"\",\"parallax_x_start\":90,\"visibility\":\"\",\"parallax_breakpoint\":\"m\",\"link\":\"index.php?page_id=25\"}}]},{\"name\":\"\",\"type\":\"column\",\"props\":{\"image_position\":\"center-center\",\"widths\":[\"\"],\"style\":\"default\",\"padding\":\"\",\"image\":\"\"},\"children\":[{\"name\":\"\",\"type\":\"text\",\"props\":{\"column_breakpoint\":\"m\",\"margin\":\"remove-vertical\",\"content\":\"01\",\"text_align\":\"center\",\"maxwidth\":\"\",\"maxwidth_align\":\"center\",\"text_style\":\"\",\"text_size\":\"\",\"margin_remove_top\":false,\"margin_remove_bottom\":false,\"dropcap\":false}},{\"name\":\"\",\"type\":\"headline\",\"props\":{\"title_element\":\"h3\",\"content\":\"Embalajes Isot\\u00e9rmicos\",\"title_style\":\"\",\"title_decoration\":\"\",\"text_align\":\"center\",\"maxwidth\":\"medium\",\"maxwidth_align\":\"center\",\"margin\":\"small\"}},{\"name\":\"\",\"type\":\"text\",\"props\":{\"margin\":\"default\",\"column_breakpoint\":\"m\",\"content\":\"Las cajas y contenedores isot\\u00e9rmicos, est\\u00e1n fabricados con materiales aislantes de la temperatura, con baja conductividad t\\u00e9rmica, que permiten mantener un estrecho margen de temperatura durante un amplio periodo de tiempo.\\u00a0<\\\/p>\\nEstos materiales pueden ser desechables o reutilizables, flexibles o r\\u00edgidos seg\\u00fan convenga en cada caso.\\u00a0<\\\/p>\"}},{\"name\":\"\",\"type\":\"icon\",\"props\":{\"icon\":\"arrow-right\",\"icon_ratio\":\"2\",\"margin\":\"remove-vertical\",\"text_align\":\"center\",\"class\":\"\",\"link\":\"\\\/categoria-producto\\\/cadena-del-frio\\\/cajas-isotermicas\\\/\"}}]}]}]},{\"name\":\"Product 2\",\"type\":\"section\",\"props\":{\"style\":\"default\",\"width\":\"\",\"image_position\":\"center-center\",\"padding_remove_top\":true,\"padding_remove_bottom\":true,\"padding\":\"xlarge\",\"vertical_align\":\"middle\",\"title_position\":\"top-left\",\"title_rotation\":\"left\",\"title_breakpoint\":\"xl\"},\"children\":[{\"name\":\"\",\"type\":\"row\",\"props\":{\"fixed_width\":\"large\",\"breakpoint\":\"m\",\"layout\":\"2-3,\",\"width\":\"\",\"vertical_align\":true,\"order_last\":false},\"children\":[{\"name\":\"\",\"type\":\"column\",\"props\":{\"image_position\":\"center-center\",\"widths\":[\"2-3\"],\"style\":\"secondary\"},\"children\":[{\"name\":\"\",\"type\":\"image\",\"props\":{\"image_border\":\"\",\"inline_align\":\"\",\"margin\":\"\",\"animation\":\"parallax\",\"visibility\":\"\",\"image\":\"wp-content\\\/uploads\\\/acumuladores2.png\",\"image_height\":\"300\",\"image_width\":\"auto\",\"image_alt\":\"\",\"link\":\"index.php?page_id=25\",\"parallax_x\":\"\",\"parallax_y\":\"\",\"parallax_x_start\":\"120\",\"parallax_breakpoint\":\"m\"}}]},{\"name\":\"\",\"type\":\"column\",\"props\":{\"image_position\":\"center-center\",\"widths\":[\"\"],\"style\":\"default\"},\"children\":[{\"name\":\"\",\"type\":\"text\",\"props\":{\"column_breakpoint\":\"m\",\"margin\":\"remove-vertical\",\"content\":\"02\",\"text_align\":\"center\",\"maxwidth\":\"\",\"maxwidth_align\":\"center\"}},{\"name\":\"\",\"type\":\"headline\",\"props\":{\"title_element\":\"h3\",\"content\":\"Acumuladores de fr\\u00edo\",\"title_style\":\"\",\"title_decoration\":\"\",\"text_align\":\"center\",\"maxwidth\":\"medium\",\"maxwidth_align\":\"center\",\"margin\":\"small\"}},{\"name\":\"\",\"type\":\"text\",\"props\":{\"margin\":\"default\",\"column_breakpoint\":\"m\",\"content\":\"Los acumuladores son elementos que contienen un gel especial con propiedades de retenci\\u00f3n de temperatura (eutectico). Esto los hace ideales como generadores internos de frio o calor, ayudando de esta manera a prolongar las condiciones t\\u00e9rmicas conservadas en el interior del embalaje.<\\\/p>\\nPueden ser elementos r\\u00edgidos o flexibles y se disponen en diferentes vol\\u00famenes y tama\\u00f1o seg\\u00fan las necesidades del transporte.<\\\/p>\",\"maxwidth\":\"\"}},{\"name\":\"\",\"type\":\"icon\",\"props\":{\"icon\":\"arrow-right\",\"icon_ratio\":\"2\",\"margin\":\"remove-vertical\",\"text_align\":\"center\",\"class\":\"\",\"link\":\"\\\/categoria-producto\\\/cadena-del-frio\\\/acumuladores-de-frio\\\/\"}}]}]}]},{\"name\":\"Product 3\",\"type\":\"section\",\"props\":{\"style\":\"default\",\"width\":\"\",\"image_position\":\"center-center\",\"padding_remove_top\":true,\"padding_remove_bottom\":true,\"padding\":\"\",\"vertical_align\":\"middle\",\"title_position\":\"top-left\",\"title_rotation\":\"left\",\"title_breakpoint\":\"xl\"},\"children\":[{\"name\":\"\",\"type\":\"row\",\"props\":{\"fixed_width\":\"large\",\"breakpoint\":\"m\",\"layout\":\"2-3,\",\"width\":\"\",\"vertical_align\":true,\"order_last\":true},\"children\":[{\"name\":\"\",\"type\":\"column\",\"props\":{\"image_position\":\"center-center\",\"widths\":[\"2-3\"],\"style\":\"primary\",\"padding\":\"none\"},\"children\":[{\"name\":\"\",\"type\":\"image\",\"props\":{\"margin\":\"\",\"image\":\"wp-content\\\/uploads\\\/DataLoguers.png\",\"image_width\":\"auto\",\"image_height\":\"400\",\"animation\":\"parallax\",\"parallax_x_end\":\"300\",\"parallax_breakpoint\":\"m\",\"link\":\"index.php?page_id=25\",\"text_align\":\"\",\"parallax_x_start\":\"0\"}}]},{\"name\":\"\",\"type\":\"column\",\"props\":{\"image_position\":\"center-center\",\"widths\":[\"\"],\"style\":\"default\",\"padding\":\"\",\"image\":\"\"},\"children\":[{\"name\":\"\",\"type\":\"text\",\"props\":{\"column_breakpoint\":\"m\",\"margin\":\"small\",\"content\":\"03\",\"text_align\":\"center\",\"maxwidth\":\"small\",\"maxwidth_align\":\"center\"}},{\"name\":\"\",\"type\":\"headline\",\"props\":{\"title_element\":\"h3\",\"content\":\"Indicadores de Temperatura\",\"title_style\":\"\",\"title_decoration\":\"\",\"text_align\":\"center\",\"maxwidth\":\"medium\",\"maxwidth_align\":\"center\",\"margin\":\"small\"}},{\"name\":\"\",\"type\":\"text\",\"props\":{\"margin\":\"default\",\"column_breakpoint\":\"m\",\"content\":\"Nos permiten controlar y conocer las oscilaciones de temperatura en los productos. As\\u00ed nos van a mostrar si estos han estado expuestos a temperaturas no deseadas durante su transporte o almacenaje, y con ello conocer si los productos han podido sufrir cambios en sus propiedades o caracter\\u00edsticas.<\\\/p>\"}},{\"name\":\"\",\"type\":\"icon\",\"props\":{\"icon\":\"arrow-right\",\"icon_ratio\":\"2\",\"margin\":\"remove-vertical\",\"text_align\":\"center\",\"class\":\"\",\"link\":\"\\\/categoria-producto\\\/cadena-del-frio\\\/indicadores-de-temperatura\\\/\"}}]}]}]},{\"name\":\"Product 4\",\"type\":\"section\",\"props\":{\"style\":\"default\",\"width\":\"\",\"image_position\":\"center-center\",\"padding_remove_top\":true,\"padding_remove_bottom\":true,\"padding\":\"xlarge\",\"vertical_align\":\"middle\",\"title_position\":\"top-left\",\"title_rotation\":\"left\",\"title_breakpoint\":\"xl\"},\"children\":[{\"name\":\"\",\"type\":\"row\",\"props\":{\"fixed_width\":\"large\",\"breakpoint\":\"m\",\"layout\":\"2-3,\",\"width\":\"\",\"vertical_align\":true},\"children\":[{\"name\":\"\",\"type\":\"column\",\"props\":{\"image_position\":\"center-center\",\"widths\":[\"2-3\"],\"style\":\"secondary\",\"padding\":\"none\"},\"children\":[{\"name\":\"\",\"type\":\"image\",\"props\":{\"image_border\":\"\",\"inline_align\":\"\",\"margin\":\"\",\"animation\":\"parallax\",\"visibility\":\"\",\"image\":\"wp-content\\\/uploads\\\/caja-desplegada.png\",\"image_height\":\"790\",\"image_width\":\"1600\",\"image_alt\":\"\",\"link\":\"index.php?page_id=25\",\"parallax_x_start\":-70,\"parallax_x_end\":30,\"parallax_breakpoint\":\"m\"}}]},{\"name\":\"\",\"type\":\"column\",\"props\":{\"image_position\":\"center-center\",\"widths\":[\"\"]},\"children\":[{\"name\":\"\",\"type\":\"text\",\"props\":{\"column_breakpoint\":\"m\",\"margin\":\"small\",\"content\":\"04<\\\/p>\",\"text_align\":\"center\",\"maxwidth\":\"small\",\"maxwidth_align\":\"center\"}},{\"name\":\"\",\"type\":\"headline\",\"props\":{\"title_element\":\"h3\",\"content\":\"Aislamiento t\\u00e9rmico\",\"title_style\":\"\",\"title_decoration\":\"\",\"text_align\":\"center\",\"maxwidth\":\"medium\",\"maxwidth_align\":\"center\",\"margin\":\"small\"}},{\"name\":\"\",\"type\":\"text\",\"props\":{\"margin\":\"default\",\"column_breakpoint\":\"m\",\"content\":\"Los aislantes isot\\u00e9rmicos, ya sean externos como las fundas t\\u00e9rmicas o internos como los acolchados, conservan sus productos de los cambios de temperatura y mantienen las mercanc\\u00edas a una temperatura adecuada sin la necesidad de utilizar contenedores especiales.<\\\/p>\",\"maxwidth\":\"\"}},{\"name\":\"\",\"type\":\"icon\",\"props\":{\"icon\":\"arrow-right\",\"icon_ratio\":\"2\",\"margin\":\"remove-vertical\",\"text_align\":\"center\",\"class\":\"\",\"link\":\"\\\/categoria-producto\\\/cadena-del-frio\\\/fundas-isotermicas\\\/\"}}]}]}]},{\"name\":\"Call to action\",\"type\":\"section\",\"props\":{\"width\":\"default\",\"padding\":\"large\",\"style\":\"default\",\"image_size\":\"cover\",\"image_position\":\"center-center\",\"vertical_align\":\"middle\",\"title_position\":\"top-left\",\"title_rotation\":\"left\",\"title_breakpoint\":\"xl\"},\"children\":[{\"name\":\"\",\"type\":\"row\",\"props\":{\"fixed_width\":\"large\",\"breakpoint\":\"m\",\"layout\":\"1-1\"},\"children\":[{\"name\":\"\",\"type\":\"column\",\"props\":{\"image_position\":\"center-center\",\"widths\":[\"1-1\"]},\"children\":[{\"name\":\"\",\"type\":\"button\",\"props\":{\"gutter\":\"small\",\"margin\":\"default\",\"text_align\":\"center\",\"button_size\":\"\"},\"children\":[{\"name\":\"\",\"type\":\"button_item\",\"props\":{\"button_style\":\"text\",\"icon_align\":\"right\",\"content\":\"H\\u00e1ganos una consulta\",\"link\":\"mailto:fittingall@fittingall.com\",\"icon\":\"\"}}]}]}]}]}]} --><\/p>\n","protected":false},"excerpt":{"rendered":"<p>El buen mantenimiento de la cadena del fr\u00edo en el suministro de un producto es fundamental para aquellos productos que puedan cambiar sus propiedades al soportar variaciones de temperatura. Estos productos para mantener su calidad precisan ser conservados a la temperatura adecuada hasta su entrega final. Por ello, preservar la cadena de fr\u00edo intacta garantiza [&hellip;]<\/p>\n","protected":false},"author":1,"featured_media":0,"parent":0,"menu_order":3,"comment_status":"closed","ping_status":"closed","template":"","meta":{"footnotes":""},"class_list":["post-20","page","type-page","status-publish","hentry"],"_links":{"self":[{"href":"https:\/\/fittingall.com\/es\/wp-json\/wp\/v2\/pages\/20","targetHints":{"allow":["GET"]}}],"collection":[{"href":"https:\/\/fittingall.com\/es\/wp-json\/wp\/v2\/pages"}],"about":[{"href":"https:\/\/fittingall.com\/es\/wp-json\/wp\/v2\/types\/page"}],"author":[{"embeddable":true,"href":"https:\/\/fittingall.com\/es\/wp-json\/wp\/v2\/users\/1"}],"replies":[{"embeddable":true,"href":"https:\/\/fittingall.com\/es\/wp-json\/wp\/v2\/comments?post=20"}],"version-history":[{"count":71,"href":"https:\/\/fittingall.com\/es\/wp-json\/wp\/v2\/pages\/20\/revisions"}],"predecessor-version":[{"id":1260,"href":"https:\/\/fittingall.com\/es\/wp-json\/wp\/v2\/pages\/20\/revisions\/1260"}],"wp:attachment":[{"href":"https:\/\/fittingall.com\/es\/wp-json\/wp\/v2\/media?parent=20"}],"curies":[{"name":"wp","href":"https:\/\/api.w.org\/{rel}","templated":true}]}}