{"id":21,"date":"2017-05-10T13:16:00","date_gmt":"2017-05-10T13:16:00","guid":{"rendered":"http:\/\/localhost\/Themes\/2017\/Juno\/Website_WP\/index.php\/about\/"},"modified":"2023-04-26T16:59:40","modified_gmt":"2023-04-26T15:59:40","slug":"about","status":"publish","type":"page","link":"https:\/\/fittingall.com\/es\/about\/","title":{"rendered":"About"},"content":{"rendered":"<p>Bienvenidos a la empresa del servicio global<\/p>\n<p>Nos especializamos en proporcionar soluciones de calidad para el transporte y almacenamiento de productos sensibles a la temperatura, como alimentos frescos, productos farmac\u00e9uticos y otros productos que requieren un control estricto de las variables t\u00e9rmicas. Para ello ofrecemos cajas isot\u00e9rmicas, acumuladores de fr\u00edo, dispositivos de monitorizaci\u00f3n de la temperatura o fundas isot\u00e9rmicas.<\/p>\n<p>Nos esforzamos en ofrecer a nuestros clientes una amplia gama de productos de alta calidad para garantizar la protecci\u00f3n de los trabajadores en su lugar de trabajo. Entre los productos que distribuimos, se encuentran equipos de protecci\u00f3n personal como cascos, guantes, gafas, mascarillas, entre otros, adem\u00e1s de sistemas de seguridad para maquinarias y herramientas.<\/p>\n<p>Adem\u00e1s de nuestra experiencia en la distribuci\u00f3n de productos para la cadena del fr\u00edo y elementos de protecci\u00f3n, tambi\u00e9n ofrecemos servicios personalizados para satisfacer las necesidades espec\u00edficas de nuestros clientes. Ya sea que necesite soluciones de almacenamiento a corto o largo plazo, servicios de seguimiento y monitoreo en tiempo real, o cualquier otro servicio de valor a\u00f1adido.<\/p>\n<p>Bienvenidos a la empresa del servicio al cliente<\/p>\n<p>P\u00f3ngase en contacto con nosotros y le ofreceremos las soluciones mas efectivas para mantener un alto nivel de seguridad en las operaciones de su empresa.<\/p>\n<p>Muchas gracias a todo el equipo de Fittingall por vuestra rapidez y profesionalidad en las entregas.\u00a0<\/p>\n<p>Comercial<\/p>\n<p>fittingall@fittingall.com<\/p>\n<p>+34 609 017 360<\/p>\n<p>Pedidos<\/p>\n<p>sales@fittingall.com<\/p>\n<p>+34 644 051 000<\/p>\n<p>Administraci\u00f3n<\/p>\n<p>admin@fittingall.com<\/p>\n<p>+34 644 662 722<\/p>\n<p><!-- {\"name\":\"About\",\"type\":\"layout\",\"children\":[{\"name\":\"Global\",\"type\":\"section\",\"props\":{\"style\":\"default\",\"width\":\"default\",\"image_position\":\"center-center\",\"padding\":\"large\",\"padding_remove_bottom\":true,\"vertical_align\":\"middle\",\"title_position\":\"top-left\",\"title_rotation\":\"left\",\"title_breakpoint\":\"xl\"},\"children\":[{\"name\":\"\",\"type\":\"row\",\"props\":{\"fixed_width\":\"large\",\"breakpoint\":\"m\",\"layout\":\"1-1\",\"margin\":\"medium\",\"width\":\"large\"},\"children\":[{\"name\":\"\",\"type\":\"column\",\"props\":{\"image_position\":\"center-center\",\"widths\":[\"1-1\"]},\"children\":[{\"name\":\"\",\"type\":\"headline\",\"props\":{\"title_element\":\"h1\",\"title_style\":\"\",\"title_decoration\":\"\",\"text_align\":\"center\",\"text_align_breakpoint\":\"\",\"text_align_fallback\":\"\",\"maxwidth\":\"\",\"maxwidth_align\":\"center\",\"margin\":\"large\",\"animation\":\"\",\"visibility\":\"\",\"content\":\"Bienvenidos a la empresa del servicio global\",\"margin_remove_bottom\":false}},{\"name\":\"\",\"type\":\"image\",\"props\":{\"margin\":\"default\",\"image\":\"wp-content\\\/uploads\\\/fall_empresa11.png\"}}]}]}]},{\"name\":\"About\",\"type\":\"section\",\"props\":{\"width\":\"large\",\"padding\":\"large\",\"style\":\"default\",\"text_color\":\"\",\"media\":\"images\\\/home-header.jpg\",\"height_viewport\":true,\"header_overlay\":\"light\",\"image\":\"wp-content\\\/uploads\\\/about-bg.svg\",\"media_advanced\":true,\"image_size\":\"contain\",\"media_background\":null,\"media_overlay\":null,\"height\":\"\",\"animation\":\"\",\"header_transparent\":\"\",\"image_position\":\"center-center\",\"image_width\":\"\",\"image_height\":\"\",\"image_fixed\":false,\"media_blend_mode\":\"\",\"overlap\":true,\"padding_remove_bottom\":false,\"padding_remove_top\":false,\"image_effect\":\"parallax\",\"image_parallax\":-450,\"image_parallax_bgx_start\":\"\",\"image_parallax_bgy_start\":\"50\",\"image_parallax_bgy_end\":\"-20\",\"image_visibility\":\"s\",\"image_parallax_breakpoint\":\"m\",\"vertical_align\":\"middle\",\"title_position\":\"top-left\",\"title_rotation\":\"left\",\"title_breakpoint\":\"xl\"},\"children\":[{\"name\":\"\",\"type\":\"row\",\"props\":{\"layout\":\",,\",\"breakpoint\":\"m\",\"fixed_width\":\"large\",\"margin\":\"\",\"vertical_align\":false,\"width\":\"default\",\"gutter\":\"medium\",\"divider\":false,\"match\":false},\"children\":[{\"name\":\"\",\"type\":\"column\",\"props\":{\"image_position\":\"center-center\",\"widths\":[\"\"],\"style\":\"\"},\"children\":[{\"name\":\"\",\"type\":\"panel\",\"props\":{\"link_text\":\"Read more\",\"title_element\":\"h3\",\"meta_style\":\"meta\",\"meta_align\":\"bottom\",\"icon_ratio\":4,\"image_align\":\"top\",\"image_grid_width\":\"1-2\",\"image_breakpoint\":\"m\",\"link_style\":\"default\",\"margin\":\"default\",\"content\":\"\n\n<p>Nos especializamos en proporcionar soluciones de calidad para el transporte y almacenamiento de productos sensibles a la temperatura, como alimentos frescos, productos farmac\\u00e9uticos y otros productos que requieren un control estricto de las variables t\\u00e9rmicas. Para ello ofrecemos cajas isot\\u00e9rmicas, acumuladores de fr\\u00edo, dispositivos de monitorizaci\\u00f3n de la temperatura o fundas isot\\u00e9rmicas.<\\\/p>\",\"title\":\"Una empresa l\\u00edder en la distribuci\\u00f3n de productos para la cadena del fr\\u00edo\",\"image\":\"wp-content\\\/uploads\\\/Cadena-del-Frio2.png\",\"title_style\":\"h2\"}}]},{\"name\":\"\",\"type\":\"column\",\"props\":{\"widths\":[\"\"],\"image_position\":\"center-center\"},\"children\":[{\"name\":\"\",\"type\":\"panel\",\"props\":{\"link_text\":\"Read more\",\"title_element\":\"h3\",\"meta_style\":\"meta\",\"meta_align\":\"bottom\",\"icon_ratio\":4,\"image_align\":\"top\",\"image_grid_width\":\"1-2\",\"image_breakpoint\":\"m\",\"link_style\":\"default\",\"margin\":\"default\",\"image\":\"wp-content\\\/uploads\\\/Proteccion2.png\",\"content\":\"\n\n<p>Nos esforzamos en ofrecer a nuestros clientes una amplia gama de productos de alta calidad para garantizar la protecci\\u00f3n de los trabajadores en su lugar de trabajo. Entre los productos que distribuimos, se encuentran equipos de protecci\\u00f3n personal como cascos, guantes, gafas, mascarillas, entre otros, adem\\u00e1s de sistemas de seguridad para maquinarias y herramientas.<\\\/p>\",\"title\":\"Una empresa comprometida con la seguridad en el trabajo\",\"title_style\":\"h2\",\"text_align\":\"center\",\"maxwidth\":\"large\",\"maxwidth_align\":\"center\"}}]},{\"name\":\"\",\"type\":\"column\",\"props\":{\"widths\":[\"\"],\"image_position\":\"center-center\"},\"children\":[{\"name\":\"\",\"type\":\"panel\",\"props\":{\"link_text\":\"Read more\",\"title_element\":\"h3\",\"meta_style\":\"meta\",\"meta_align\":\"bottom\",\"icon_ratio\":4,\"image_align\":\"top\",\"image_grid_width\":\"1-2\",\"image_breakpoint\":\"m\",\"link_style\":\"default\",\"margin\":\"default\",\"content\":\"\n\n<p>Adem\\u00e1s de nuestra experiencia en la distribuci\\u00f3n de productos para la cadena del fr\\u00edo y elementos de protecci\\u00f3n, tambi\\u00e9n ofrecemos servicios personalizados para satisfacer las necesidades espec\\u00edficas de nuestros clientes. Ya sea que necesite soluciones de almacenamiento a corto o largo plazo, servicios de seguimiento y monitoreo en tiempo real, o cualquier otro servicio de valor a\\u00f1adido.<\\\/p>\",\"image\":\"wp-content\\\/uploads\\\/fall_empresa12.png\",\"title\":\"Una empresa orientada en el servicio a sus clientes y la productividad\",\"title_style\":\"h2\",\"content_style\":\"\",\"image_box_shadow\":\"\",\"image_border\":\"\",\"image_box_shadow_bottom\":false,\"text_align\":\"center\",\"panel_style\":\"\"}}]}]}]},{\"name\":\"Empleados\",\"type\":\"section\",\"props\":{\"style\":\"default\",\"width\":\"default\",\"image_position\":\"center-center\",\"padding\":\"large\",\"padding_remove_bottom\":false,\"vertical_align\":\"middle\",\"title_position\":\"top-left\",\"title_rotation\":\"left\",\"title_breakpoint\":\"xl\",\"padding_remove_top\":true},\"children\":[{\"name\":\"\",\"type\":\"row\",\"props\":{\"fixed_width\":\"large\",\"breakpoint\":\"m\",\"layout\":\"1-1\",\"margin\":\"medium\",\"width\":\"large\"},\"children\":[{\"name\":\"\",\"type\":\"column\",\"props\":{\"image_position\":\"center-center\",\"widths\":[\"1-1\"]},\"children\":[{\"name\":\"\",\"type\":\"image\",\"props\":{\"margin\":\"default\",\"image\":\"wp-content\\\/uploads\\\/fall_empresa14.png\"}},{\"name\":\"\",\"type\":\"headline\",\"props\":{\"title_element\":\"h1\",\"title_style\":\"\",\"title_decoration\":\"\",\"text_align\":\"center\",\"text_align_breakpoint\":\"\",\"text_align_fallback\":\"\",\"maxwidth\":\"\",\"maxwidth_align\":\"center\",\"margin\":\"large\",\"animation\":\"\",\"visibility\":\"\",\"content\":\"Bienvenidos a la empresa del servicio al cliente\",\"margin_remove_bottom\":false}}]}]}]},{\"name\":\"Testimonial\",\"type\":\"section\",\"props\":{\"style\":\"default\",\"width\":\"\",\"image_position\":\"center-center\",\"padding\":\"small\",\"overlap\":false,\"height\":\"\",\"vertical_align\":\"middle\",\"title_position\":\"top-left\",\"title_rotation\":\"left\",\"title_breakpoint\":\"xl\"},\"children\":[{\"name\":\"\",\"type\":\"row\",\"props\":{\"fixed_width\":\"large\",\"breakpoint\":\"s\",\"layout\":\",\",\"gutter\":\"small\",\"divider\":false,\"width\":\"\",\"margin\":\"remove-vertical\",\"vertical_align\":false,\"match\":false},\"children\":[{\"name\":\"\",\"type\":\"column\",\"props\":{\"image_position\":\"center-center\",\"widths\":[\"\"],\"style\":\"muted\",\"padding\":\"large\"},\"children\":[{\"name\":\"\",\"type\":\"panel\",\"props\":{\"link_text\":\"Contacto\",\"title_element\":\"h3\",\"meta_style\":\"meta\",\"meta_align\":\"bottom\",\"icon_ratio\":4,\"image_align\":\"top\",\"image_grid_width\":\"1-2\",\"image_breakpoint\":\"m\",\"link_style\":\"default\",\"margin\":\"xlarge\",\"title\":\"Pruebe nuestros productos\",\"content\":\"\n\n<p>P\\u00f3ngase en contacto con nosotros y le ofreceremos las soluciones mas efectivas para mantener un alto nivel de seguridad en las operaciones de su empresa.<\\\/p>\",\"text_align\":\"center\",\"maxwidth\":\"large\",\"maxwidth_align\":\"center\",\"link\":\"mailto:fittingall@fittingall.com\",\"text_align_breakpoint\":\"s\",\"text_align_fallback\":\"center\",\"panel_style\":\"\",\"panel_size\":\"\",\"link_target\":true}}]},{\"name\":\"\",\"type\":\"column\",\"props\":{\"image_position\":\"center-center\",\"widths\":[\"\"],\"style\":\"secondary\",\"preserve_color\":false,\"padding\":\"large\"},\"children\":[{\"name\":\"\",\"type\":\"image\",\"props\":{\"margin\":\"default\",\"image\":\"wp-content\\\/uploads\\\/cliente1.png\",\"image_border\":\"circle\",\"text_align\":\"center\",\"image_width\":\"80\",\"image_height\":\"80\"}},{\"name\":\"\",\"type\":\"quotation\",\"props\":{\"content\":\"\n\n<p>Muchas gracias a todo el equipo de Fittingall por vuestra rapidez y profesionalidad en las entregas.\\u00a0<\\\/p>\",\"footer\":\"\",\"text_align\":\"center\",\"maxwidth\":\"xlarge\",\"maxwidth_align\":\"center\",\"author\":\"Jose Antonio Lucas, Cliente\",\"link\":\"index.php?page_id=24\",\"link_style\":\"reset\",\"margin\":\"default\",\"text_align_breakpoint\":\"\",\"text_align_fallback\":\"left\"}}]}]}]},{\"name\":\"clients\",\"type\":\"section\",\"props\":{\"style\":\"default\",\"width\":\"default\",\"image_position\":\"center-center\",\"padding\":\"large\",\"vertical_align\":\"middle\",\"title_position\":\"top-left\",\"title_rotation\":\"left\",\"title_breakpoint\":\"xl\"},\"children\":[{\"name\":\"\",\"type\":\"row\",\"props\":{\"fixed_width\":\"large\",\"breakpoint\":\"m\",\"layout\":\"1-1\",\"width\":\"\"},\"children\":[{\"name\":\"\",\"type\":\"column\",\"props\":{\"image_position\":\"center-center\",\"widths\":[\"1-1\"]},\"children\":[{\"name\":\"\",\"type\":\"image\",\"props\":{\"margin\":\"default\",\"image\":\"wp-content\\\/uploads\\\/fall_empresa13.png\"}}]}]}]},{\"name\":\"Contact\",\"type\":\"section\",\"props\":{\"width\":\"small\",\"padding\":\"large\",\"style\":\"default\",\"padding_remove_top\":false,\"image_size\":\"cover\",\"image_position\":\"center-center\",\"height\":\"\",\"id\":\"contact\",\"vertical_align\":\"middle\",\"title_position\":\"top-left\",\"title_rotation\":\"left\",\"title_breakpoint\":\"xl\"},\"children\":[{\"name\":\"\",\"type\":\"row\",\"props\":{\"layout\":\",,\",\"breakpoint\":\"s\",\"gutter\":\"large\",\"fixed_width\":\"large\",\"vertical_align\":true},\"children\":[{\"name\":\"\",\"type\":\"column\",\"props\":{\"image_position\":\"center-center\",\"widths\":[\"\"]},\"children\":[{\"name\":\"\",\"type\":\"headline\",\"props\":{\"title_element\":\"h4\",\"content\":\"Comercial\",\"title_style\":\"\",\"title_color\":\"\",\"margin\":\"small\",\"maxwidth\":\"medium\",\"margin_remove_bottom\":false,\"text_align\":\"left\",\"text_align_breakpoint\":\"s\",\"text_align_fallback\":\"center\",\"maxwidth_align\":\"center\"}},{\"name\":\"\",\"type\":\"list\",\"props\":{\"show_image\":false,\"show_link\":true,\"image_align\":\"left\",\"link_style\":\"text\",\"content_style\":\"\",\"margin_remove_top\":false,\"margin\":\"default\",\"list_size\":false,\"text_align\":\"left\",\"text_align_breakpoint\":\"s\",\"text_align_fallback\":\"center\"},\"children\":[{\"name\":\"\",\"type\":\"list_item\",\"props\":{\"content\":\"fittingall@fittingall.com\",\"link\":\"mailto:fittingall@fittingall.com\"}},{\"name\":\"\",\"type\":\"list_item\",\"props\":{\"content\":\"+34 609 017 360\",\"link\":\"tel:+5550199434\"}}]}]},{\"name\":\"\",\"type\":\"column\",\"props\":{\"image_position\":\"center-center\",\"widths\":[\"\"],\"text_color\":\"dark\"},\"children\":[{\"name\":\"\",\"type\":\"headline\",\"props\":{\"title_element\":\"h4\",\"content\":\"Pedidos\",\"title_style\":\"\",\"title_color\":\"\",\"text_align\":\"left\",\"text_align_breakpoint\":\"s\",\"text_align_fallback\":\"center\"}},{\"name\":\"\",\"type\":\"list\",\"props\":{\"show_image\":false,\"show_link\":true,\"image_align\":\"left\",\"link_style\":\"text\",\"content_style\":\"\",\"margin\":\"\",\"margin_remove_top\":false,\"text_align\":\"left\",\"text_align_breakpoint\":\"s\",\"text_align_fallback\":\"center\"},\"children\":[{\"name\":\"\",\"type\":\"list_item\",\"props\":{\"content\":\"sales@fittingall.com\",\"link\":\"mailto:customer-service@example.com\"}},{\"name\":\"\",\"type\":\"list_item\",\"props\":{\"content\":\"+34 644 051 000\",\"link\":\"tel:+5550199567\"}}]}]},{\"name\":\"\",\"type\":\"column\",\"props\":{\"image_position\":\"center-center\",\"widths\":[\"\"]},\"children\":[{\"name\":\"\",\"type\":\"headline\",\"props\":{\"title_element\":\"h4\",\"content\":\"Administraci\\u00f3n\",\"title_style\":\"\",\"title_color\":\"\",\"text_align\":\"left\",\"text_align_breakpoint\":\"s\",\"text_align_fallback\":\"center\"}},{\"name\":\"\",\"type\":\"list\",\"props\":{\"show_image\":false,\"show_link\":true,\"image_align\":\"left\",\"link_style\":\"text\",\"content_style\":\"\",\"margin\":\"\",\"margin_remove_top\":false,\"text_align\":\"left\",\"text_align_breakpoint\":\"s\",\"text_align_fallback\":\"center\"},\"children\":[{\"name\":\"\",\"type\":\"list_item\",\"props\":{\"content\":\"admin@fittingall.com\",\"link\":\"mailto:customer-service@example.com\"}},{\"name\":\"\",\"type\":\"list_item\",\"props\":{\"content\":\"+34 644 662 722\",\"link\":\"tel:+5550199567\"}}]}]}]}]}]} --><\/p>\n","protected":false},"excerpt":{"rendered":"<p>Bienvenidos a la empresa del servicio global Nos especializamos en proporcionar soluciones de calidad para el transporte y almacenamiento de productos sensibles a la temperatura, como alimentos frescos, productos farmac\u00e9uticos y otros productos que requieren un control estricto de las variables t\u00e9rmicas. Para ello ofrecemos cajas isot\u00e9rmicas, acumuladores de fr\u00edo, dispositivos de monitorizaci\u00f3n de la [&hellip;]<\/p>\n","protected":false},"author":1,"featured_media":0,"parent":0,"menu_order":5,"comment_status":"closed","ping_status":"closed","template":"","meta":{"footnotes":""},"class_list":["post-21","page","type-page","status-publish","hentry"],"_links":{"self":[{"href":"https:\/\/fittingall.com\/es\/wp-json\/wp\/v2\/pages\/21","targetHints":{"allow":["GET"]}}],"collection":[{"href":"https:\/\/fittingall.com\/es\/wp-json\/wp\/v2\/pages"}],"about":[{"href":"https:\/\/fittingall.com\/es\/wp-json\/wp\/v2\/types\/page"}],"author":[{"embeddable":true,"href":"https:\/\/fittingall.com\/es\/wp-json\/wp\/v2\/users\/1"}],"replies":[{"embeddable":true,"href":"https:\/\/fittingall.com\/es\/wp-json\/wp\/v2\/comments?post=21"}],"version-history":[{"count":51,"href":"https:\/\/fittingall.com\/es\/wp-json\/wp\/v2\/pages\/21\/revisions"}],"predecessor-version":[{"id":1342,"href":"https:\/\/fittingall.com\/es\/wp-json\/wp\/v2\/pages\/21\/revisions\/1342"}],"wp:attachment":[{"href":"https:\/\/fittingall.com\/es\/wp-json\/wp\/v2\/media?parent=21"}],"curies":[{"name":"wp","href":"https:\/\/api.w.org\/{rel}","templated":true}]}}