{"id":23,"date":"2017-05-11T13:17:00","date_gmt":"2017-05-11T13:17:00","guid":{"rendered":"http:\/\/localhost\/Themes\/2017\/Juno\/Website_WP\/index.php\/pricing\/"},"modified":"2021-02-19T19:37:47","modified_gmt":"2021-02-19T18:37:47","slug":"pricing","status":"publish","type":"page","link":"https:\/\/fittingall.com\/es\/pricing\/","title":{"rendered":"Servicios"},"content":{"rendered":"<p>Nuestros Servicios<\/p>\n<p>Soluciones a medida de sus necesidades<\/p>\n<p>Su negocio tiene unas necesidades<br class=\"uk-visible@m\">que son espec\u00edficas<\/p>\n<p>Conocer las regulaciones<br class=\"uk-visible@m\"> es fundamental<\/p>\n<p>La agilidad en el servicio<br class=\"uk-visible@m\">dispara el crecimiento<\/p>\n<p>Auditorias de estado<\/p>\n<ul>\n<li style=\"text-align: left;\">Seguridad e Higiene.<\/li>\n<li style=\"text-align: left;\">Riesgos Biol\u00f3gicos.<\/li>\n<li style=\"text-align: left;\">Riesgos Qu\u00edmicos.<\/li>\n<li style=\"text-align: left;\">Par\u00e1metros El\u00e9ctricos y Magnitudes.<\/li>\n<li style=\"text-align: left;\">Ingenier\u00eda Ambiental.<\/li>\n<\/ul>\n<p style=\"text-align: left;\">En cumplimiento de la normativa aplicable en vigor los Servicios Consultores utilizados por Fittingall (Prevenci\u00f3n Cadena del fr\u00edo y Protecci\u00f3n S.L.), no poseen vinculaci\u00f3n en los t\u00e9rminos legales establecidos con los vendedores o mantenedores de los elementos Auditados.<\/p>\n<p>Haga su consulta<\/p>\n<p>Validaciones<\/p>\n<ul>\n<li style=\"text-align: left;\">Cabinas de Protecci\u00f3n<\/li>\n<li style=\"text-align: left;\">Campanas de Seguridad Biol\u00f3gica<\/li>\n<li style=\"text-align: left;\">Salas Blancas<\/li>\n<li style=\"text-align: left;\">Salas Limpias<\/li>\n<li style=\"text-align: left;\">Laboratorios Farmace\u00faticos<\/li>\n<li style=\"text-align: left;\">Salas de Ambiente controlado<\/li>\n<li style=\"text-align: left;\">Cabinas de clase 3<\/li>\n<li style=\"text-align: left;\">Quir\u00f3fanos.<\/li>\n<li style=\"text-align: left;\">Esterilizadores de Vapor.<\/li>\n<li style=\"text-align: left;\">Aguas.<\/li>\n<li style=\"text-align: left;\">Endoscopias.<\/li>\n<li style=\"text-align: left;\">Bancos de sangre.<\/li>\n<li style=\"text-align: left;\">Controles Microbiol\u00f3gicos.<\/li>\n<\/ul>\n<p>Haga su consulta<\/p>\n<p>Revisiones t\u00e9cnicas<\/p>\n<p style=\"text-align: left;\">Revisiones de Uvis y Quir\u00f3fanos<br \/>\nPreparaci\u00f3n y montaje de cuadros el\u00e9ctricos.<br \/>\nAcometidas el\u00e9ctricas.<br \/>\nTendido de redes el\u00e9ctricas y de comunicaciones.<br \/>\nActualizaci\u00f3n de las instalaciones a la normativa actual.<br \/>\nProyectos de obra nueva en edificios y locales.<br \/>\nAlumbrados de Emergencia.<br \/>\nCertificaci\u00f3n de Instalaciones de baja tensi\u00f3n seg\u00fan REBT aprobado seg\u00fan Real Decreto 842\/2002, de 2 de agosto B.O.E. n\u00ba 224.<br \/>\nRevisiones Mensuales en Quir\u00f3fanos y U.V.I\u00b4s. Salas de intervenci\u00f3n.<br \/>\nSalas de RX-<br \/>\nSe editan los libros de registro de las revisiones que se realizan a quir\u00f3fanos, U.V.I\u00b4s y entornos cr\u00edticos. Registrados en Industria.<br \/>\nComprobaci\u00f3n de cuadros el\u00e9ctricos y sus elementos de protecci\u00f3n en el entorno hospitalario. Seg\u00fan Legislaci\u00f3n Vigente. Direcci\u00f3n General de Industria y Minas de la Comunidad de Madrid.<\/p>\n<p>Saber m\u00e1s<\/p>\n<p>Consultor\u00eda<\/p>\n<p style=\"text-align: left;\">Colaboramos con ustedes aportando nuestra experiencia y profesionalidad en las siguientes \u00e1reas:<\/p>\n<p style=\"text-align: left;\">Normativas y Regulaciones Nacionales.<br \/>\nEstablecimientos Sanitarios, Ingenier\u00eda Cl\u00ednica, Tecnolog\u00edas M\u00e9dicas, Procedimientos de Calidad.<br \/>\nServicios de soporte Internacional<\/p>\n<p style=\"text-align: center;\">Agente autorizado: grupo WAAS<\/p>\n<p>Saber m\u00e1s<\/p>\n<p>Preguntas m\u00e1s frecuentes<\/p>\n<p><!-- {\"name\":\"FAQ\",\"type\":\"layout\",\"children\":[{\"name\":\"Intro\",\"type\":\"section\",\"props\":{\"width\":\"small\",\"padding\":\"large\",\"style\":\"default\",\"header_overlay\":\"\",\"animation\":\"\",\"text_color\":\"\",\"media\":\"images\\\/demo\\\/demo-image_01.jpg\",\"height_viewport\":false,\"media_advanced\":true,\"media_size\":\"cover\",\"media_position\":\"\",\"media_breakpoint\":\"\",\"media_background\":\"#fff\",\"media_blend_mode\":\"\",\"media_overlay\":\"rgba(0,0,0,0)\",\"image_size\":\"cover\",\"image_position\":\"center-center\",\"vertical_align\":\"middle\",\"title_position\":\"top-left\",\"title_rotation\":\"left\",\"title_breakpoint\":\"xl\"},\"children\":[{\"name\":\"\",\"type\":\"row\",\"props\":{\"layout\":\"1-1\",\"breakpoint\":\"m\",\"fixed_width\":\"large\"},\"children\":[{\"name\":\"\",\"type\":\"column\",\"props\":{\"image_position\":\"center-center\",\"widths\":[\"1-1\"]},\"children\":[{\"name\":\"\",\"type\":\"headline\",\"props\":{\"title_element\":\"h1\",\"title_style\":\"heading-primary\",\"title_decoration\":\"\",\"text_align\":\"center\",\"text_align_breakpoint\":\"\",\"text_align_fallback\":\"\",\"maxwidth\":\"\",\"maxwidth_align\":\"center\",\"margin\":\"remove-vertical\",\"animation\":\"\",\"visibility\":\"\",\"content\":\"Nuestros Servicios\",\"margin_remove_bottom\":false}},{\"name\":\"\",\"type\":\"headline\",\"props\":{\"title_element\":\"h2\",\"text_align\":\"center\",\"title_style\":\"h4\",\"content\":\"Soluciones a medida de sus necesidades\",\"margin\":\"small\"}}]}]}]},{\"name\":\"Services\",\"type\":\"section\",\"props\":{\"style\":\"default\",\"width\":\"default\",\"image_position\":\"center-center\",\"padding\":\"none\",\"vertical_align\":\"middle\",\"title_position\":\"top-left\",\"title_rotation\":\"left\",\"title_breakpoint\":\"xl\"},\"children\":[{\"name\":\"\",\"type\":\"row\",\"props\":{\"fixed_width\":\"large\",\"breakpoint\":\"m\",\"layout\":\"1-1\"},\"children\":[{\"name\":\"\",\"type\":\"column\",\"props\":{\"image_position\":\"center-center\",\"widths\":[\"1-1\"]},\"children\":[{\"name\":\"\",\"type\":\"grid\",\"props\":{\"show_title\":true,\"show_meta\":true,\"show_content\":true,\"show_image\":true,\"show_link\":true,\"grid_default\":\"1\",\"grid_medium\":\"\",\"title_element\":\"h3\",\"meta_style\":\"meta\",\"meta_align\":\"bottom\",\"icon_ratio\":4,\"image_align\":\"top\",\"image_grid_width\":\"1-2\",\"image_breakpoint\":\"m\",\"link_text\":\"Read more\",\"link_style\":\"default\",\"margin\":\"default\",\"grid_small\":\"3\",\"text_align\":\"center\",\"gutter\":\"large\",\"title_style\":\"h4\",\"item_animation\":\"parallax\",\"parallax_y_end\":\"-30\",\"parallax_y_start\":\"30\",\"parallax_breakpoint\":\"m\"},\"children\":[{\"name\":\"\",\"type\":\"grid_item\",\"props\":{\"content\":\"Su negocio tiene unas necesidades<br class=\\\"uk-visible@m\\\" \\\/>que son espec\\u00edficas<\\\/p>\",\"title\":\"1\",\"image\":\"wp-content\\\/uploads\\\/pricing-services-01.svg\"}},{\"name\":\"\",\"type\":\"grid_item\",\"props\":{\"content\":\"Conocer las regulaciones<br class=\\\"uk-visible@m\\\"> es fundamental\",\"title\":\"2\",\"image\":\"wp-content\\\/uploads\\\/pricing-services-02.svg\"}},{\"name\":\"\",\"type\":\"grid_item\",\"props\":{\"content\":\"La agilidad en el servicio<br class=\\\"uk-visible@m\\\">dispara el crecimiento\",\"title\":\"3\",\"image\":\"wp-content\\\/uploads\\\/pricing-services-03.svg\"}}]}]}]}]},{\"name\":\"Pricing\",\"type\":\"section\",\"props\":{\"style\":\"default\",\"width\":\"default\",\"image_position\":\"center-center\",\"padding\":\"large\",\"vertical_align\":\"middle\",\"title_position\":\"top-left\",\"title_rotation\":\"left\",\"title_breakpoint\":\"xl\",\"padding_remove_bottom\":false},\"children\":[{\"name\":\"\",\"type\":\"row\",\"props\":{\"fixed_width\":\"large\",\"breakpoint\":\"s\",\"layout\":\",\",\"gutter\":\"small\"},\"children\":[{\"name\":\"\",\"type\":\"column\",\"props\":{\"image_position\":\"center-center\",\"widths\":[\"\"],\"style\":\"muted\",\"image\":\"\",\"image_size\":\"cover\",\"image_width\":\"900\",\"image_height\":\"900\",\"css\":\".el-column { min-height: 560px; }\",\"padding\":\"\"},\"children\":[{\"name\":\"\",\"type\":\"text\",\"props\":{\"column_breakpoint\":\"m\",\"margin\":\"small\",\"content\":\"Auditorias de estado<\\\/p>\",\"text_style\":\"lead\",\"text_align\":\"center\",\"animation\":\"parallax\",\"parallax_breakpoint\":\"m\",\"parallax_y_start\":\"30\",\"parallax_y_end\":\"\",\"parallax_viewport\":\"0.7\"}},{\"name\":\"\",\"type\":\"text\",\"props\":{\"column_breakpoint\":\"m\",\"margin\":\"small\",\"text_align\":\"center\",\"content\":\"\n\n\n<ul>\\n\n \t\n\n<li style=\\\"text-align: left;\\\">Seguridad e Higiene.<\\\/li>\\n\n \t\n\n<li style=\\\"text-align: left;\\\">Riesgos Biol\\u00f3gicos.<\\\/li>\\n\n \t\n\n<li style=\\\"text-align: left;\\\">Riesgos Qu\\u00edmicos.<\\\/li>\\n\n \t\n\n<li style=\\\"text-align: left;\\\">Par\\u00e1metros El\\u00e9ctricos y Magnitudes.<\\\/li>\\n\n \t\n\n<li style=\\\"text-align: left;\\\">Ingenier\\u00eda Ambiental.<\\\/li>\\n<\\\/ul>\\n\n\n\n<p style=\\\"text-align: left;\\\"><br \\\/>En cumplimiento de la normativa aplicable en vigor los Servicios Consultores utilizados por Fittingall (Prevenci\\u00f3n Cadena del fr\\u00edo y Protecci\\u00f3n S.L.), no poseen vinculaci\\u00f3n en los t\\u00e9rminos legales establecidos con los vendedores o mantenedores de los elementos Auditados.<\\\/p>\",\"text_style\":\"\",\"margin_remove_bottom\":false,\"animation\":\"parallax\",\"parallax_y_start\":\"30\",\"parallax_y_end\":\"\",\"parallax_breakpoint\":\"m\",\"parallax_viewport\":\"0.7\"}},{\"name\":\"\",\"type\":\"button\",\"props\":{\"gutter\":\"small\",\"margin\":\"small\",\"text_align\":\"center\",\"animation\":\"parallax\",\"parallax_y_start\":\"30\",\"parallax_y_end\":\"\",\"parallax_breakpoint\":\"m\",\"parallax_viewport\":\"0.7\"},\"children\":[{\"name\":\"\",\"type\":\"button_item\",\"props\":{\"button_style\":\"text\",\"icon_align\":\"left\",\"content\":\"Haga su consulta\",\"link\":\"mailto:info@pcpweb.es\"}}]}]},{\"name\":\"\",\"type\":\"column\",\"props\":{\"image_position\":\"bottom-center\",\"widths\":[\"\"],\"style\":\"primary\",\"preserve_color\":true,\"image\":\"\",\"css\":\".el-column { min-height: 560px; }\",\"image_size\":\"cover\",\"image_width\":\"900\",\"image_height\":\"900\",\"padding\":\"\"},\"children\":[{\"name\":\"\",\"type\":\"text\",\"props\":{\"column_breakpoint\":\"m\",\"margin\":\"small\",\"content\":\"Validaciones<\\\/p>\",\"text_style\":\"lead\",\"text_align\":\"center\",\"animation\":\"parallax\",\"parallax_y_start\":\"30\",\"parallax_viewport\":\"0.7\",\"parallax_breakpoint\":\"m\"}},{\"name\":\"\",\"type\":\"text\",\"props\":{\"column_breakpoint\":\"m\",\"margin\":\"small\",\"text_align\":\"center\",\"content\":\"\n\n\n<ul>\\n\n \t\n\n<li style=\\\"text-align: left;\\\">Cabinas de Protecci\\u00f3n<\\\/li>\\n\n \t\n\n<li style=\\\"text-align: left;\\\">Campanas de Seguridad Biol\\u00f3gica<\\\/li>\\n\n \t\n\n<li style=\\\"text-align: left;\\\">Salas Blancas<\\\/li>\\n\n \t\n\n<li style=\\\"text-align: left;\\\">Salas Limpias<\\\/li>\\n\n \t\n\n<li style=\\\"text-align: left;\\\">Laboratorios Farmace\\u00faticos<\\\/li>\\n\n \t\n\n<li style=\\\"text-align: left;\\\">Salas de Ambiente controlado<\\\/li>\\n\n \t\n\n<li style=\\\"text-align: left;\\\">Cabinas de clase 3<\\\/li>\\n\n \t\n\n<li style=\\\"text-align: left;\\\">Quir\\u00f3fanos.<\\\/li>\\n\n \t\n\n<li style=\\\"text-align: left;\\\">Esterilizadores de Vapor.<\\\/li>\\n\n \t\n\n<li style=\\\"text-align: left;\\\">Aguas.<\\\/li>\\n\n \t\n\n<li style=\\\"text-align: left;\\\">Endoscopias.<\\\/li>\\n\n \t\n\n<li style=\\\"text-align: left;\\\">Bancos de sangre.<\\\/li>\\n\n \t\n\n<li style=\\\"text-align: left;\\\">Controles Microbiol\\u00f3gicos.<\\\/li>\\n<\\\/ul>\",\"text_style\":\"\",\"animation\":\"parallax\",\"parallax_y_start\":\"30\",\"parallax_viewport\":\"0.7\",\"parallax_breakpoint\":\"m\"}},{\"name\":\"\",\"type\":\"button\",\"props\":{\"gutter\":\"small\",\"margin\":\"small\",\"text_align\":\"center\",\"animation\":\"parallax\",\"parallax_y_start\":\"30\",\"parallax_viewport\":\"0.7\",\"parallax_breakpoint\":\"m\"},\"children\":[{\"name\":\"\",\"type\":\"button_item\",\"props\":{\"button_style\":\"text\",\"icon_align\":\"left\",\"content\":\"Haga su consulta\",\"link\":\"mailto:info@pcpweb.es\"}}]}]}]}]},{\"name\":\"Pricing\",\"type\":\"section\",\"props\":{\"style\":\"default\",\"width\":\"default\",\"image_position\":\"center-center\",\"padding\":\"xlarge\",\"vertical_align\":\"middle\",\"title_position\":\"top-left\",\"title_rotation\":\"left\",\"title_breakpoint\":\"xl\",\"padding_remove_top\":true},\"children\":[{\"name\":\"\",\"type\":\"row\",\"props\":{\"fixed_width\":\"large\",\"breakpoint\":\"s\",\"layout\":\",\",\"gutter\":\"small\"},\"children\":[{\"name\":\"\",\"type\":\"column\",\"props\":{\"image_position\":\"center-center\",\"widths\":[\"\"],\"style\":\"muted\",\"image\":\"\",\"image_size\":\"cover\",\"image_width\":\"900\",\"image_height\":\"900\",\"css\":\".el-column { min-height: 560px; }\",\"padding\":\"\"},\"children\":[{\"name\":\"\",\"type\":\"text\",\"props\":{\"column_breakpoint\":\"m\",\"margin\":\"small\",\"content\":\"Revisiones t\\u00e9cnicas<\\\/p>\",\"text_style\":\"lead\",\"text_align\":\"center\",\"animation\":\"parallax\",\"parallax_breakpoint\":\"m\",\"parallax_y_start\":\"30\",\"parallax_y_end\":\"\",\"parallax_viewport\":\"0.7\"}},{\"name\":\"\",\"type\":\"text\",\"props\":{\"column_breakpoint\":\"m\",\"margin\":\"small\",\"text_align\":\"center\",\"content\":\"\n\n\n<p style=\\\"text-align: left;\\\">Revisiones de Uvis y Quir\\u00f3fanos<br \\\/>Preparaci\\u00f3n y montaje de cuadros el\\u00e9ctricos.<br \\\/>Acometidas el\\u00e9ctricas.<br \\\/>Tendido de redes el\\u00e9ctricas y de comunicaciones.<br \\\/>Actualizaci\\u00f3n de las instalaciones a la normativa actual.<br \\\/>Proyectos de obra nueva en edificios y locales.<br \\\/>Alumbrados de Emergencia.<br \\\/>Certificaci\\u00f3n de Instalaciones de baja tensi\\u00f3n seg\\u00fan REBT aprobado seg\\u00fan Real Decreto 842\\\/2002, de 2 de agosto B.O.E. n\\u00ba 224.<br \\\/>Revisiones Mensuales en Quir\\u00f3fanos y U.V.I\\u00b4s. Salas de intervenci\\u00f3n.<br \\\/>Salas de RX-<br \\\/>Se editan los libros de registro de las revisiones que se realizan a quir\\u00f3fanos, U.V.I\\u00b4s y entornos cr\\u00edticos. Registrados en Industria.<br \\\/>Comprobaci\\u00f3n de cuadros el\\u00e9ctricos y sus elementos de protecci\\u00f3n en el entorno hospitalario. Seg\\u00fan Legislaci\\u00f3n Vigente. Direcci\\u00f3n General de Industria y Minas de la Comunidad de Madrid.<\\\/p>\",\"text_style\":\"\",\"margin_remove_bottom\":false,\"animation\":\"parallax\",\"parallax_y_start\":\"30\",\"parallax_y_end\":\"\",\"parallax_breakpoint\":\"m\",\"parallax_viewport\":\"0.7\"}},{\"name\":\"\",\"type\":\"button\",\"props\":{\"gutter\":\"small\",\"margin\":\"small\",\"text_align\":\"center\",\"animation\":\"parallax\",\"parallax_y_start\":\"30\",\"parallax_y_end\":\"\",\"parallax_breakpoint\":\"m\",\"parallax_viewport\":\"0.7\"},\"children\":[{\"name\":\"\",\"type\":\"button_item\",\"props\":{\"button_style\":\"text\",\"icon_align\":\"left\",\"content\":\"Saber m\\u00e1s\",\"link\":\"#\"}}]}]},{\"name\":\"\",\"type\":\"column\",\"props\":{\"image_position\":\"bottom-center\",\"widths\":[\"\"],\"style\":\"primary\",\"preserve_color\":true,\"image\":\"\",\"css\":\".el-column { min-height: 560px; }\",\"image_size\":\"cover\",\"image_width\":\"900\",\"image_height\":\"900\",\"padding\":\"\"},\"children\":[{\"name\":\"\",\"type\":\"text\",\"props\":{\"column_breakpoint\":\"m\",\"margin\":\"small\",\"content\":\"Consultor\\u00eda<\\\/p>\",\"text_style\":\"lead\",\"text_align\":\"center\",\"animation\":\"parallax\",\"parallax_y_start\":\"30\",\"parallax_viewport\":\"0.7\",\"parallax_breakpoint\":\"m\"}},{\"name\":\"\",\"type\":\"text\",\"props\":{\"column_breakpoint\":\"m\",\"margin\":\"small\",\"text_align\":\"center\",\"content\":\"\n\n\n<p style=\\\"text-align: left;\\\">Colaboramos con ustedes aportando nuestra experiencia y profesionalidad en las siguientes \\u00e1reas:<\\\/p>\\n\n\n\n<p style=\\\"text-align: left;\\\">Normativas y Regulaciones Nacionales.<br \\\/>Establecimientos Sanitarios, Ingenier\\u00eda Cl\\u00ednica, Tecnolog\\u00edas M\\u00e9dicas, Procedimientos de Calidad.<br \\\/>Servicios de soporte Internacional<\\\/p>\\n\n\n\n<p style=\\\"text-align: center;\\\">Agente autorizado: grupo WAAS<\\\/p>\",\"text_style\":\"\",\"animation\":\"parallax\",\"parallax_y_start\":\"30\",\"parallax_viewport\":\"0.7\",\"parallax_breakpoint\":\"m\"}},{\"name\":\"\",\"type\":\"button\",\"props\":{\"gutter\":\"small\",\"margin\":\"small\",\"text_align\":\"center\",\"animation\":\"parallax\",\"parallax_y_start\":\"30\",\"parallax_viewport\":\"0.7\",\"parallax_breakpoint\":\"m\"},\"children\":[{\"name\":\"\",\"type\":\"button_item\",\"props\":{\"button_style\":\"text\",\"icon_align\":\"left\",\"content\":\"Saber m\\u00e1s\",\"link\":\"#\"}}]}]}]}]},{\"name\":\"\",\"type\":\"section\",\"props\":{\"width\":\"small\",\"padding\":\"xlarge\",\"style\":\"default\",\"header_overlay\":\"\",\"animation\":\"\",\"padding_remove_top\":true,\"image_size\":\"cover\",\"image_position\":\"center-center\",\"id\":\"FAQ\",\"vertical_align\":\"middle\",\"title_position\":\"top-left\",\"title_rotation\":\"left\",\"title_breakpoint\":\"xl\"},\"children\":[{\"name\":\"\",\"type\":\"row\",\"props\":{\"layout\":\"1-1\",\"breakpoint\":\"m\",\"fixed_width\":\"large\",\"margin\":\"xlarge\"},\"children\":[{\"name\":\"\",\"type\":\"column\",\"props\":{\"image_position\":\"center-center\",\"widths\":[\"1-1\"]},\"children\":[{\"name\":\"\",\"type\":\"headline\",\"props\":{\"title_element\":\"h2\",\"text_align\":\"left\",\"content\":\"Preguntas m\\u00e1s frecuentes\",\"title_style\":\"h4\",\"title_decoration\":\"\",\"margin\":\"medium\"}},{\"name\":\"servicio\",\"type\":\"accordion\",\"props\":{\"multiple\":false,\"collapsible\":true,\"text_align\":\"\",\"text_align_breakpoint\":\"\",\"text_align_fallback\":\"\",\"maxwidth\":\"\",\"maxwidth_align\":\"\",\"margin\":\"\",\"animation\":\"\",\"visibility\":\"\",\"show_image\":true,\"show_link\":true,\"title_element\":\"h3\",\"image_align\":\"top\",\"image_grid_width\":\"1-2\",\"image_breakpoint\":\"m\",\"link_text\":\"Read more\",\"link_style\":\"default\"},\"children\":[{\"name\":\"\",\"type\":\"accordion_item\",\"props\":{\"content\":\"\",\"title\":\"\\u00bfQu\\u00e9 incluye el servicio?\"}},{\"name\":\"\",\"type\":\"accordion_item\",\"props\":{\"title\":\"\\u00bfEs gratuita la primera visita?\",\"content\":\"\"}},{\"name\":\"\",\"type\":\"accordion_item\",\"props\":{\"content\":\"\",\"title\":\"\\u00bfC\\u00f3mo me doy de alta en el servicio?\"}},{\"name\":\"\",\"type\":\"accordion_item\",\"props\":{\"content\":\"\",\"title\":\"\\u00bfLos pagos son mensuales o anuales?\"}},{\"name\":\"\",\"type\":\"accordion_item\",\"props\":{\"content\":\"\",\"title\":\"\\u00bfQue tipo de informe recibir\\u00e9?\"}},{\"name\":\"\",\"type\":\"accordion_item\",\"props\":{\"content\":\"\",\"title\":\"\\u00bfQu\\u00e9 garant\\u00eda tienen los servicios?\"}}]}]}]}]}]} --><\/p>\n","protected":false},"excerpt":{"rendered":"<p>Nuestros Servicios Soluciones a medida de sus necesidades Su negocio tiene unas necesidadesque son espec\u00edficas Conocer las regulaciones es fundamental La agilidad en el serviciodispara el crecimiento Auditorias de estado Seguridad e Higiene. Riesgos Biol\u00f3gicos. Riesgos Qu\u00edmicos. Par\u00e1metros El\u00e9ctricos y Magnitudes. Ingenier\u00eda Ambiental. En cumplimiento de la normativa aplicable en vigor los Servicios Consultores utilizados [&hellip;]<\/p>\n","protected":false},"author":1,"featured_media":0,"parent":0,"menu_order":9,"comment_status":"closed","ping_status":"closed","template":"","meta":{"footnotes":""},"class_list":["post-23","page","type-page","status-publish","hentry"],"_links":{"self":[{"href":"https:\/\/fittingall.com\/es\/wp-json\/wp\/v2\/pages\/23","targetHints":{"allow":["GET"]}}],"collection":[{"href":"https:\/\/fittingall.com\/es\/wp-json\/wp\/v2\/pages"}],"about":[{"href":"https:\/\/fittingall.com\/es\/wp-json\/wp\/v2\/types\/page"}],"author":[{"embeddable":true,"href":"https:\/\/fittingall.com\/es\/wp-json\/wp\/v2\/users\/1"}],"replies":[{"embeddable":true,"href":"https:\/\/fittingall.com\/es\/wp-json\/wp\/v2\/comments?post=23"}],"version-history":[{"count":21,"href":"https:\/\/fittingall.com\/es\/wp-json\/wp\/v2\/pages\/23\/revisions"}],"predecessor-version":[{"id":661,"href":"https:\/\/fittingall.com\/es\/wp-json\/wp\/v2\/pages\/23\/revisions\/661"}],"wp:attachment":[{"href":"https:\/\/fittingall.com\/es\/wp-json\/wp\/v2\/media?parent=23"}],"curies":[{"name":"wp","href":"https:\/\/api.w.org\/{rel}","templated":true}]}}