{"id":1040,"date":"2022-10-19T09:05:18","date_gmt":"2022-10-19T08:05:18","guid":{"rendered":"https:\/\/fittingall.com\/?post_type=product&#038;p=1040"},"modified":"2022-10-25T21:10:10","modified_gmt":"2022-10-25T20:10:10","slug":"contenedores-isotermicos-neopor-desde-7-litros-hasta-50-litros","status":"publish","type":"product","link":"https:\/\/fittingall.com\/es\/producto\/contenedores-isotermicos-neopor-desde-7-litros-hasta-50-litros\/","title":{"rendered":"Contenedores isot\u00e9rmicos Neopor desde 7 litros hasta 50 litros"},"content":{"rendered":"","protected":false},"excerpt":{"rendered":"<p>Las\u00a0<b>cajas<\/b>\u00a0aislantes y las soluciones de sistema fabricadas con\u00a0<b>Neopor<\/b>\u00ae garantizan que los bienes siempre se mantienen dentro de un rango de temperatura establecido, independientemente del sistema de refrigeraci\u00f3n activo en el laboratorio, el almac\u00e9n o el cami\u00f3n.<\/p>\n","protected":false},"featured_media":1045,"comment_status":"open","ping_status":"closed","template":"","meta":[],"product_brand":[],"product_cat":[37,101],"product_tag":[],"class_list":{"0":"post-1040","1":"product","2":"type-product","3":"status-publish","4":"has-post-thumbnail","6":"product_cat-cajas-isotermicas","7":"product_cat-cajas-neopor","9":"first","10":"instock","11":"taxable","12":"shipping-taxable","13":"product-type-simple"},"supplier_id":null,"supplier_sku":"","barcode":null,"atum_controlled":true,"out_stock_date":null,"out_stock_threshold":null,"inheritable":false,"inbound_stock":0,"stock_on_hold":0,"sold_today":0,"sales_last_days":0,"reserved_stock":0,"customer_returns":0,"warehouse_damage":0,"lost_in_post":0,"other_logs":0,"out_stock_days":0,"lost_sales":0,"has_location":false,"update_date":"2026-05-10T09:31:57","atum_locations":[],"atum_stock_status":"instock","restock_status":false,"low_stock_amount":"","sales_update_date":"2026-05-10T09:31:57","calc_backorders":null,"_links":{"self":[{"href":"https:\/\/fittingall.com\/es\/wp-json\/wp\/v2\/product\/1040","targetHints":{"allow":["GET"]}}],"collection":[{"href":"https:\/\/fittingall.com\/es\/wp-json\/wp\/v2\/product"}],"about":[{"href":"https:\/\/fittingall.com\/es\/wp-json\/wp\/v2\/types\/product"}],"replies":[{"embeddable":true,"href":"https:\/\/fittingall.com\/es\/wp-json\/wp\/v2\/comments?post=1040"}],"wp:featuredmedia":[{"embeddable":true,"href":"https:\/\/fittingall.com\/es\/wp-json\/wp\/v2\/media\/1045"}],"wp:attachment":[{"href":"https:\/\/fittingall.com\/es\/wp-json\/wp\/v2\/media?parent=1040"}],"wp:term":[{"taxonomy":"product_brand","embeddable":true,"href":"https:\/\/fittingall.com\/es\/wp-json\/wp\/v2\/product_brand?post=1040"},{"taxonomy":"product_cat","embeddable":true,"href":"https:\/\/fittingall.com\/es\/wp-json\/wp\/v2\/product_cat?post=1040"},{"taxonomy":"product_tag","embeddable":true,"href":"https:\/\/fittingall.com\/es\/wp-json\/wp\/v2\/product_tag?post=1040"}],"curies":[{"name":"wp","href":"https:\/\/api.w.org\/{rel}","templated":true}]}}