{"id":1046,"date":"2022-10-24T11:17:43","date_gmt":"2022-10-24T10:17:43","guid":{"rendered":"https:\/\/fittingall.com\/?post_type=product&#038;p=1046"},"modified":"2022-10-24T15:32:15","modified_gmt":"2022-10-24T14:32:15","slug":"tempmate-s1","status":"publish","type":"product","link":"https:\/\/fittingall.com\/es\/producto\/tempmate-s1\/","title":{"rendered":"Datalogger Tempmate S1"},"content":{"rendered":"<p>Los registradores de temperatura tempmate.\u00ae-S1 se han desarrollado especialmente para controlar los productos sensibles a la temperatura a lo largo de toda la cadena de fr\u00edo. Incorporamos los ajustes espec\u00edficos del cliente directamente de f\u00e1brica para que cada registrador de temperatura est\u00e9 listo para funcionar nada m\u00e1s sacarlo de la caja. Los sensores digitales miden la temperatura con gran precisi\u00f3n, junto con la larga duraci\u00f3n de la bater\u00eda y la indicaci\u00f3n intuitiva del estado mediante LED, hacen de nuestro tempmate.\u00ae-S1 un est\u00e1ndar mundial en log\u00edstica y almacenamiento.<\/p>\n<p><strong>REGISTRADOR DE TEMPERATURA IDEAL PARA LA CARGA A\u00c9REA<\/strong><br \/>\nNo es necesario etiquetar su tempmate.\u00ae-S1 seg\u00fan la normativa de la IATA sobre mercanc\u00edas peligrosas. Simplemente active el registrador de temperatura, col\u00f3quelo en la caja y compruebe el estado a trav\u00e9s de los intuitivos indicadores LED mientras manipula el env\u00edo durante la expedici\u00f3n o una vez alcanzado el destino final. El informe generado autom\u00e1ticamente indica exactamente si se ha superado el umbral establecido y cu\u00e1ndo.<\/p>\n<p><img loading=\"lazy\" decoding=\"async\" class=\"alignnone size-medium wp-image-1060\" src=\"https:\/\/fittingall.com\/wp-content\/uploads\/tempmate-S1-Shipping-Documents-1-1030x565-1-300x230.jpeg\" alt=\"\" width=\"300\" height=\"230\" srcset=\"https:\/\/fittingall.com\/es\/wp-content\/uploads\/tempmate-S1-Shipping-Documents-1-1030x565-1-300x230.jpeg 300w, https:\/\/fittingall.com\/es\/wp-content\/uploads\/tempmate-S1-Shipping-Documents-1-1030x565-1.jpeg 736w\" sizes=\"auto, (max-width: 300px) 100vw, 300px\" \/><\/p>\n<div id=\"button-style-primary\" class=\"uk-margin uk-text-center\"><a class=\"el-content uk-button uk-button-primary\" href=\"https:\/\/fittingall.com\/wp-content\/uploads\/tempmate-S1-V2-Datasheet-V1.2-ES-Dcn.pdf\">Ficha T\u00e9cnica<\/a><\/div>\n","protected":false},"excerpt":{"rendered":"<p>Registrador econ\u00f3mico de temperatura conforme a GDP con informes automatizados en PDF y CSV para una log\u00edstica inteligente.<\/p>\n","protected":false},"featured_media":1047,"comment_status":"open","ping_status":"closed","template":"","meta":[],"product_brand":[],"product_cat":[102,103],"product_tag":[],"class_list":{"0":"post-1046","1":"product","2":"type-product","3":"status-publish","4":"has-post-thumbnail","6":"product_cat-control-de-temperatura","7":"product_cat-registradores-dataloggers","9":"first","10":"instock","11":"taxable","12":"shipping-taxable","13":"product-type-simple"},"supplier_id":null,"supplier_sku":"","barcode":null,"atum_controlled":true,"out_stock_date":null,"out_stock_threshold":null,"inheritable":false,"inbound_stock":0,"stock_on_hold":0,"sold_today":0,"sales_last_days":0,"reserved_stock":0,"customer_returns":0,"warehouse_damage":0,"lost_in_post":0,"other_logs":0,"out_stock_days":0,"lost_sales":0,"has_location":false,"update_date":"2026-05-10T09:31:57","atum_locations":[],"atum_stock_status":"instock","restock_status":false,"low_stock_amount":"","sales_update_date":"2026-05-10T09:31:57","calc_backorders":null,"_links":{"self":[{"href":"https:\/\/fittingall.com\/es\/wp-json\/wp\/v2\/product\/1046","targetHints":{"allow":["GET"]}}],"collection":[{"href":"https:\/\/fittingall.com\/es\/wp-json\/wp\/v2\/product"}],"about":[{"href":"https:\/\/fittingall.com\/es\/wp-json\/wp\/v2\/types\/product"}],"replies":[{"embeddable":true,"href":"https:\/\/fittingall.com\/es\/wp-json\/wp\/v2\/comments?post=1046"}],"wp:featuredmedia":[{"embeddable":true,"href":"https:\/\/fittingall.com\/es\/wp-json\/wp\/v2\/media\/1047"}],"wp:attachment":[{"href":"https:\/\/fittingall.com\/es\/wp-json\/wp\/v2\/media?parent=1046"}],"wp:term":[{"taxonomy":"product_brand","embeddable":true,"href":"https:\/\/fittingall.com\/es\/wp-json\/wp\/v2\/product_brand?post=1046"},{"taxonomy":"product_cat","embeddable":true,"href":"https:\/\/fittingall.com\/es\/wp-json\/wp\/v2\/product_cat?post=1046"},{"taxonomy":"product_tag","embeddable":true,"href":"https:\/\/fittingall.com\/es\/wp-json\/wp\/v2\/product_tag?post=1046"}],"curies":[{"name":"wp","href":"https:\/\/api.w.org\/{rel}","templated":true}]}}