{"id":1055,"date":"2022-10-24T12:10:26","date_gmt":"2022-10-24T11:10:26","guid":{"rendered":"https:\/\/fittingall.com\/?post_type=product&#038;p=1055"},"modified":"2022-10-24T15:32:00","modified_gmt":"2022-10-24T14:32:00","slug":"tempmate-m1","status":"publish","type":"product","link":"https:\/\/fittingall.com\/es\/producto\/tempmate-m1\/","title":{"rendered":"Datalogger Tempmate M1"},"content":{"rendered":"<p>El registrador de temperatura multiuso tempmate.\u00ae-M1 con puerto USB integrado es el registrador de datos definitivo para la supervisi\u00f3n econ\u00f3mica de la temperatura de sus frigor\u00edficos fijos y de las mercanc\u00edas transportadas. Para llevar a cabo el an\u00e1lisis, basta con conectar tempmate.\u00ae-M1 directamente al puerto USB de su PC. A continuaci\u00f3n, se genera autom\u00e1ticamente un informe en PDF que muestra el perfil de temperatura, as\u00ed como todos los valores individuales, adem\u00e1s de informaci\u00f3n estad\u00edstica. No se requiere ning\u00fan hardware o software adicional.<br \/>\n<img loading=\"lazy\" decoding=\"async\" class=\"alignnone size-medium wp-image-1057\" src=\"https:\/\/fittingall.com\/wp-content\/uploads\/sample-datalogger-report-300x225.jpeg\" alt=\"\" width=\"300\" height=\"225\" srcset=\"https:\/\/fittingall.com\/es\/wp-content\/uploads\/sample-datalogger-report-300x225.jpeg 300w, https:\/\/fittingall.com\/es\/wp-content\/uploads\/sample-datalogger-report.jpeg 450w\" sizes=\"auto, (max-width: 300px) 100vw, 300px\" \/><\/p>\n<div id=\"button-style-primary\" class=\"uk-margin uk-text-center\"><a class=\"el-content uk-button uk-button-primary\" href=\"https:\/\/fittingall.com\/wp-content\/uploads\/tempmate-M1-Datasheet-V1.1-ES.pdf\">Ficha T\u00e9cnica<\/a><\/div>\n","protected":false},"excerpt":{"rendered":"<p>Registrador de datos de temperatura econ\u00f3mico y multiuso que cumple con la normativa GDP, con an\u00e1lisis PDF automatizado para una log\u00edstica inteligente.<\/p>\n","protected":false},"featured_media":1056,"comment_status":"open","ping_status":"closed","template":"","meta":[],"product_brand":[],"product_cat":[102,103],"product_tag":[],"class_list":{"0":"post-1055","1":"product","2":"type-product","3":"status-publish","4":"has-post-thumbnail","6":"product_cat-control-de-temperatura","7":"product_cat-registradores-dataloggers","9":"first","10":"instock","11":"taxable","12":"shipping-taxable","13":"product-type-simple"},"supplier_id":null,"supplier_sku":"","barcode":null,"atum_controlled":true,"out_stock_date":null,"out_stock_threshold":null,"inheritable":false,"inbound_stock":0,"stock_on_hold":0,"sold_today":0,"sales_last_days":0,"reserved_stock":0,"customer_returns":0,"warehouse_damage":0,"lost_in_post":0,"other_logs":0,"out_stock_days":0,"lost_sales":0,"has_location":false,"update_date":"2026-05-10T09:31:57","atum_locations":[],"atum_stock_status":"instock","restock_status":false,"low_stock_amount":"","sales_update_date":"2026-05-10T09:31:57","calc_backorders":null,"_links":{"self":[{"href":"https:\/\/fittingall.com\/es\/wp-json\/wp\/v2\/product\/1055","targetHints":{"allow":["GET"]}}],"collection":[{"href":"https:\/\/fittingall.com\/es\/wp-json\/wp\/v2\/product"}],"about":[{"href":"https:\/\/fittingall.com\/es\/wp-json\/wp\/v2\/types\/product"}],"replies":[{"embeddable":true,"href":"https:\/\/fittingall.com\/es\/wp-json\/wp\/v2\/comments?post=1055"}],"wp:featuredmedia":[{"embeddable":true,"href":"https:\/\/fittingall.com\/es\/wp-json\/wp\/v2\/media\/1056"}],"wp:attachment":[{"href":"https:\/\/fittingall.com\/es\/wp-json\/wp\/v2\/media?parent=1055"}],"wp:term":[{"taxonomy":"product_brand","embeddable":true,"href":"https:\/\/fittingall.com\/es\/wp-json\/wp\/v2\/product_brand?post=1055"},{"taxonomy":"product_cat","embeddable":true,"href":"https:\/\/fittingall.com\/es\/wp-json\/wp\/v2\/product_cat?post=1055"},{"taxonomy":"product_tag","embeddable":true,"href":"https:\/\/fittingall.com\/es\/wp-json\/wp\/v2\/product_tag?post=1055"}],"curies":[{"name":"wp","href":"https:\/\/api.w.org\/{rel}","templated":true}]}}