{"id":1174,"date":"2023-02-25T20:11:21","date_gmt":"2023-02-25T19:11:21","guid":{"rendered":"https:\/\/fittingall.com\/?post_type=product&#038;p=1174"},"modified":"2023-02-25T20:16:19","modified_gmt":"2023-02-25T19:16:19","slug":"caja-isotermica-pcy429-pequena-255x172x165mm","status":"publish","type":"product","link":"https:\/\/fittingall.com\/es\/producto\/caja-isotermica-pcy429-pequena-255x172x165mm\/","title":{"rendered":"Caja Isot\u00e9rmica PCY429 Peque\u00f1a 255x172x165mm"},"content":{"rendered":"<p>Cajas Isot\u00e9rmica especial para env\u00edos de productos alimenticios, vacunas, medicamentos etc. Soluci\u00f3n muy Econ\u00f3mica y con gran capacidad de aislamiento t\u00e9rmico.<\/p>\n<p>Para mantener la Cadena del Fr\u00edo 24\/48\/72h, es imprescindible el uso adicional de Acumuladores de Fr\u00edo de \u00faltima generaci\u00f3n y altas Prestaciones.<\/p>\n","protected":false},"excerpt":{"rendered":"<p>Caja Isot\u00e9rmica EPS Peque\u00f1a. Medidas exteriores 255x172x165 mm. Medidas interiores 210x127x115 mm.<br \/>\nCapacidad 3 litros \/ 1,3 Kg. Paquetes de 24 unidades. Fabricado en Espa\u00f1a.<\/p>\n<p>Disponible caja cart\u00f3n exterior opcional, medidas 300x300x300 mm.<\/p>\n","protected":false},"featured_media":1171,"comment_status":"open","ping_status":"closed","template":"","meta":[],"product_brand":[],"product_cat":[41,37],"product_tag":[],"class_list":{"0":"post-1174","1":"product","2":"type-product","3":"status-publish","4":"has-post-thumbnail","6":"product_cat-caja-eps-porex","7":"product_cat-cajas-isotermicas","9":"first","10":"instock","11":"taxable","12":"shipping-taxable","13":"product-type-simple"},"supplier_id":null,"supplier_sku":"","barcode":null,"atum_controlled":true,"out_stock_date":null,"out_stock_threshold":null,"inheritable":false,"inbound_stock":null,"stock_on_hold":0,"sold_today":0,"sales_last_days":0,"reserved_stock":null,"customer_returns":null,"warehouse_damage":null,"lost_in_post":null,"other_logs":null,"out_stock_days":0,"lost_sales":0,"has_location":false,"update_date":"2026-04-05T01:13:53","atum_locations":[],"atum_stock_status":"instock","restock_status":false,"low_stock_amount":"","sales_update_date":"2026-04-05T01:13:53","calc_backorders":null,"_links":{"self":[{"href":"https:\/\/fittingall.com\/es\/wp-json\/wp\/v2\/product\/1174","targetHints":{"allow":["GET"]}}],"collection":[{"href":"https:\/\/fittingall.com\/es\/wp-json\/wp\/v2\/product"}],"about":[{"href":"https:\/\/fittingall.com\/es\/wp-json\/wp\/v2\/types\/product"}],"replies":[{"embeddable":true,"href":"https:\/\/fittingall.com\/es\/wp-json\/wp\/v2\/comments?post=1174"}],"wp:featuredmedia":[{"embeddable":true,"href":"https:\/\/fittingall.com\/es\/wp-json\/wp\/v2\/media\/1171"}],"wp:attachment":[{"href":"https:\/\/fittingall.com\/es\/wp-json\/wp\/v2\/media?parent=1174"}],"wp:term":[{"taxonomy":"product_brand","embeddable":true,"href":"https:\/\/fittingall.com\/es\/wp-json\/wp\/v2\/product_brand?post=1174"},{"taxonomy":"product_cat","embeddable":true,"href":"https:\/\/fittingall.com\/es\/wp-json\/wp\/v2\/product_cat?post=1174"},{"taxonomy":"product_tag","embeddable":true,"href":"https:\/\/fittingall.com\/es\/wp-json\/wp\/v2\/product_tag?post=1174"}],"curies":[{"name":"wp","href":"https:\/\/api.w.org\/{rel}","templated":true}]}}