{"id":220,"date":"2019-05-24T13:08:46","date_gmt":"2019-05-24T12:08:46","guid":{"rendered":"https:\/\/fittingall.com\/producto\/acumulador-rigido-200cc-gel-blanco-caja-de-39-unidades-2\/"},"modified":"2022-12-10T06:45:04","modified_gmt":"2022-12-10T05:45:04","slug":"acumulador-rigido-200cc-gel-blanco-caja-de-39-unidades-2","status":"publish","type":"product","link":"https:\/\/fittingall.com\/es\/producto\/acumulador-rigido-200cc-gel-blanco-caja-de-39-unidades-2\/","title":{"rendered":"Acumulador Rigido Gel de Ultima Generaci\u00f3n de 200cc Blanco &#8211; Caja de 36 unidades"},"content":{"rendered":"<p>Acumulador de fr\u00edo r\u00edgido en calidad Gel de 200cc color Blanco.<\/p>\n<p>Medidas del elemento: 165x75x21 mm<\/p>\n<p>Peso: 194 gr<\/p>\n<p>Embalaje: Caja de 36 unidades.<\/p>\n<p><a href=\"\/wp-content\/uploads\/HT_ARG200GEL_Rev03.pdf\"><img loading=\"lazy\" decoding=\"async\" class=\"alignnone wp-image-740 size-full\" src=\"https:\/\/fittingall.com\/wp-content\/uploads\/adobe_pdf_document_14979-e1633100001541.png\" alt=\"\" width=\"60\" height=\"60\" \/><\/a><\/p>\n","protected":false},"excerpt":{"rendered":"<p>Acumulador de fr\u00edo r\u00edgido en calidad Gel de 200cc color Blanco.<\/p>\n","protected":false},"featured_media":464,"comment_status":"open","ping_status":"closed","template":"","meta":[],"product_brand":[],"product_cat":[24,25],"product_tag":[27,32],"class_list":{"0":"post-220","1":"product","2":"type-product","3":"status-publish","4":"has-post-thumbnail","6":"product_cat-acumuladores-de-frio","7":"product_cat-acumuladores-rigidos","8":"product_tag-acumuladores","9":"product_tag-rigidos","11":"first","12":"instock","13":"featured","14":"taxable","15":"shipping-taxable","16":"product-type-simple"},"supplier_id":null,"supplier_sku":"","barcode":null,"atum_controlled":true,"out_stock_date":null,"out_stock_threshold":null,"inheritable":false,"inbound_stock":0,"stock_on_hold":0,"sold_today":0,"sales_last_days":0,"reserved_stock":0,"customer_returns":0,"warehouse_damage":0,"lost_in_post":0,"other_logs":0,"out_stock_days":0,"lost_sales":0,"has_location":false,"update_date":"2026-04-05T01:13:53","atum_locations":[],"atum_stock_status":"instock","restock_status":false,"low_stock_amount":"","sales_update_date":"2026-04-05T01:13:53","calc_backorders":null,"_links":{"self":[{"href":"https:\/\/fittingall.com\/es\/wp-json\/wp\/v2\/product\/220","targetHints":{"allow":["GET"]}}],"collection":[{"href":"https:\/\/fittingall.com\/es\/wp-json\/wp\/v2\/product"}],"about":[{"href":"https:\/\/fittingall.com\/es\/wp-json\/wp\/v2\/types\/product"}],"replies":[{"embeddable":true,"href":"https:\/\/fittingall.com\/es\/wp-json\/wp\/v2\/comments?post=220"}],"wp:featuredmedia":[{"embeddable":true,"href":"https:\/\/fittingall.com\/es\/wp-json\/wp\/v2\/media\/464"}],"wp:attachment":[{"href":"https:\/\/fittingall.com\/es\/wp-json\/wp\/v2\/media?parent=220"}],"wp:term":[{"taxonomy":"product_brand","embeddable":true,"href":"https:\/\/fittingall.com\/es\/wp-json\/wp\/v2\/product_brand?post=220"},{"taxonomy":"product_cat","embeddable":true,"href":"https:\/\/fittingall.com\/es\/wp-json\/wp\/v2\/product_cat?post=220"},{"taxonomy":"product_tag","embeddable":true,"href":"https:\/\/fittingall.com\/es\/wp-json\/wp\/v2\/product_tag?post=220"}],"curies":[{"name":"wp","href":"https:\/\/api.w.org\/{rel}","templated":true}]}}