{"id":248,"date":"2019-05-25T23:04:29","date_gmt":"2019-05-25T22:04:29","guid":{"rendered":"https:\/\/fittingall.com\/producto\/import-placeholder-for-242\/"},"modified":"2023-02-26T17:18:52","modified_gmt":"2023-02-26T16:18:52","slug":"caja-isotermica-eps-mediana-400x280x195mm","status":"publish","type":"product","link":"https:\/\/fittingall.com\/es\/producto\/caja-isotermica-eps-mediana-400x280x195mm\/","title":{"rendered":"Caja Isot\u00e9rmica PCY153 Mediana 400x280x195mm"},"content":{"rendered":"<table style=\"height: 385px;\" width=\"497\">\n<tbody>\n<tr>\n<td width=\"232\">Ref: <strong>PCY-153<\/strong><\/td>\n<td width=\"75\"><\/td>\n<\/tr>\n<tr>\n<td>Producto:<\/td>\n<td>Caja de Porex (poliestireno expandido)<\/td>\n<\/tr>\n<tr>\n<td>Aplicaciones:<\/td>\n<td>Alimentaci\u00f3n e Industria Farmaceutica<\/td>\n<\/tr>\n<tr>\n<td>Medidas exteriores:<\/td>\n<td>400x280x195 mm<\/td>\n<\/tr>\n<tr>\n<td>Medidas interiores:<\/td>\n<td>360x240x1750 mm<\/td>\n<\/tr>\n<tr>\n<td>Grosor de la pared:<\/td>\n<td>20 mm<\/td>\n<\/tr>\n<tr>\n<td>Proceso productivo:<\/td>\n<td>Moldeado<\/td>\n<\/tr>\n<tr>\n<td>Materias Primas:<\/td>\n<td>Poliestireno expandible<\/td>\n<\/tr>\n<\/tbody>\n<\/table>\n<pre><\/pre>\n<table width=\"589\">\n<tbody>\n<tr>\n<td colspan=\"4\" width=\"589\"><strong>PRESTACIONES T\u00c9RMICAS<\/strong><\/td>\n<\/tr>\n<tr>\n<td colspan=\"4\" width=\"589\">COEF. DE CONDUCTIVIDAD T\u00c9RMICA \u03bb = 0,037 W\/mK<\/td>\n<\/tr>\n<tr>\n<td colspan=\"4\" width=\"589\"><\/td>\n<\/tr>\n<tr>\n<td width=\"309\"><strong>CARACTER\u00cdSTICAS<\/strong><\/td>\n<td width=\"92\"><strong>NORMA<\/strong><\/td>\n<td width=\"87\"><strong>NIVEL<\/strong><\/td>\n<td width=\"101\"><strong>TOLERANCIA<\/strong><\/td>\n<\/tr>\n<tr>\n<td width=\"309\">Resistencia a la flexi\u00f3n<\/td>\n<td width=\"92\">EN 12089<\/td>\n<td width=\"87\">BS125<\/td>\n<td width=\"101\">\u2265 125 Kpa<\/td>\n<\/tr>\n<tr>\n<td width=\"309\">Resistencia a la compresi\u00f3n del 10%<\/td>\n<td width=\"92\">EN 826<\/td>\n<td width=\"87\">CS(10)80<\/td>\n<td width=\"101\">\u2265 80 Kpa<\/td>\n<\/tr>\n<tr>\n<td width=\"309\">Absorci\u00f3n de agua por inmersi\u00f3n<\/td>\n<td width=\"92\">EN 12087<\/td>\n<td width=\"87\">WL(T)4<\/td>\n<td width=\"101\">\u2264 4%<\/td>\n<\/tr>\n<tr>\n<td width=\"309\">Resistencia a la difusi\u00f3n del vapor de agua<\/td>\n<td width=\"92\">EN 12086<\/td>\n<td width=\"87\">\u03bc<\/td>\n<td width=\"101\">20-40<\/td>\n<\/tr>\n<\/tbody>\n<\/table>\n<pre><\/pre>\n<table style=\"height: 428px;\" width=\"716\">\n<tbody>\n<tr>\n<td width=\"317\">N\u00ba Registro General Sanitario:<\/td>\n<td width=\"141\">39.00002484\/M<\/td>\n<\/tr>\n<tr>\n<td>Normativa Sanitaria:<\/td>\n<td>\u00a0R.D. 191\/2011 Registro General Sanitario de Empresas Alimentarias y Alimentos (Vigencia del Registro Indefinida).<\/td>\n<\/tr>\n<tr>\n<td>Cumplimiento del UE N\u00ba 10\/2011<\/td>\n<td>Sobre materiales y objetos pl\u00e1sticos destinados a entrar en contacto con alimentos, mediante Buenas Pr\u00e1cticas de Fabricaci\u00f3n.<\/td>\n<\/tr>\n<tr>\n<td><\/td>\n<td><\/td>\n<\/tr>\n<tr>\n<td>Embalaje utilizado:<\/td>\n<td>Bolsas de pl\u00e1stico y precintos<\/td>\n<\/tr>\n<tr>\n<td>Unidades\/Paquete:<\/td>\n<td>21 unidades.<\/td>\n<\/tr>\n<tr>\n<td><\/td>\n<td><\/td>\n<\/tr>\n<\/tbody>\n<\/table>\n","protected":false},"excerpt":{"rendered":"<p>Caja Isot\u00e9rmica POREXPAN Mediana. Medidas exteriores 400x280x195mm. Medidas interiores 360x240x175 mm. Paquetes de 21 unidades.<\/p>\n<p>Disponible con su caja de cart\u00f3n exterior opcional.<\/p>\n<p>Fabricada en Espa\u00f1a.<\/p>\n<p>Probablemente la caja que mas se ve en los mercados de Espa\u00f1a<\/p>\n","protected":false},"featured_media":1089,"comment_status":"open","ping_status":"closed","template":"","meta":[],"product_brand":[],"product_cat":[41,37],"product_tag":[38],"class_list":{"0":"post-248","1":"product","2":"type-product","3":"status-publish","4":"has-post-thumbnail","6":"product_cat-caja-eps-porex","7":"product_cat-cajas-isotermicas","8":"product_tag-cajas-isotermicas","10":"first","11":"instock","12":"featured","13":"taxable","14":"shipping-taxable","15":"product-type-simple"},"supplier_id":null,"supplier_sku":"","barcode":null,"atum_controlled":true,"out_stock_date":null,"out_stock_threshold":null,"inheritable":false,"inbound_stock":0,"stock_on_hold":0,"sold_today":0,"sales_last_days":0,"reserved_stock":0,"customer_returns":0,"warehouse_damage":0,"lost_in_post":0,"other_logs":0,"out_stock_days":0,"lost_sales":0,"has_location":false,"update_date":"2026-04-05T01:13:53","atum_locations":[],"atum_stock_status":"instock","restock_status":false,"low_stock_amount":"","sales_update_date":"2026-04-05T01:13:53","calc_backorders":null,"_links":{"self":[{"href":"https:\/\/fittingall.com\/es\/wp-json\/wp\/v2\/product\/248","targetHints":{"allow":["GET"]}}],"collection":[{"href":"https:\/\/fittingall.com\/es\/wp-json\/wp\/v2\/product"}],"about":[{"href":"https:\/\/fittingall.com\/es\/wp-json\/wp\/v2\/types\/product"}],"replies":[{"embeddable":true,"href":"https:\/\/fittingall.com\/es\/wp-json\/wp\/v2\/comments?post=248"}],"wp:featuredmedia":[{"embeddable":true,"href":"https:\/\/fittingall.com\/es\/wp-json\/wp\/v2\/media\/1089"}],"wp:attachment":[{"href":"https:\/\/fittingall.com\/es\/wp-json\/wp\/v2\/media?parent=248"}],"wp:term":[{"taxonomy":"product_brand","embeddable":true,"href":"https:\/\/fittingall.com\/es\/wp-json\/wp\/v2\/product_brand?post=248"},{"taxonomy":"product_cat","embeddable":true,"href":"https:\/\/fittingall.com\/es\/wp-json\/wp\/v2\/product_cat?post=248"},{"taxonomy":"product_tag","embeddable":true,"href":"https:\/\/fittingall.com\/es\/wp-json\/wp\/v2\/product_tag?post=248"}],"curies":[{"name":"wp","href":"https:\/\/api.w.org\/{rel}","templated":true}]}}