{"id":472,"date":"2019-06-13T09:56:11","date_gmt":"2019-06-13T08:56:11","guid":{"rendered":"https:\/\/fittingall.com\/?post_type=product&#038;p=472"},"modified":"2022-10-27T15:10:11","modified_gmt":"2022-10-27T14:10:11","slug":"bolsa-isotermica-refrigerante","status":"publish","type":"product","link":"https:\/\/fittingall.com\/es\/producto\/bolsa-isotermica-refrigerante\/","title":{"rendered":"Bolsa Isot\u00e9rmica Refrigerante &#8211; Caja de 20 unidades"},"content":{"rendered":"<p>La bolsa refrigerante es la soluci\u00f3n ideal para mantener la temperatura de producto termo sensibles, entre 2\u00b0C y 8\u00b0C, en la distribuci\u00f3n capilar para tr\u00e1nsitos no superiores a 6 horas de vacunas, insulina, reactivos, productos farmac\u00e9uticos, sueros, alimentos perecederos o cualquier otro producto susceptible de ser transportado a temperatura controlada.<br \/>\nIncorpora gel positivo de alto poder calor\u00edfico que produce una baja conductividad del calor.<\/p>\n<p><strong>Caracter\u00edsticas<\/strong><\/p>\n<p><em>Bolsas<\/em><\/p>\n<p>Medidas exteriores de la bolsa:\u00a0 300 x 350mm. (\u00b1 1,5 mm.)<br \/>\nMedidas interiores de la bolsa:\u00a0 270 x 315 mm. (\u00b12 mm.)<br \/>\nPeso unidad:\u00a0 750 g. (\u00b1 10 g.)<\/p>\n<p><em>Cajas<\/em><\/p>\n<p>Unidades por caja: 20 u.<br \/>\nDimensi\u00f3n externa caja:\u00a0 58 x 40 x 17cm (\u00b1 0,5cm)<br \/>\nPeso de la caja:\u00a0 15 Kg. (\u00b1 200 g.)<\/p>\n<p><em>Palet<\/em><\/p>\n<p>Unidades por palet: 400 u. &#8211; 20 cajas por palet<br \/>\nDimensi\u00f3n externa palet:\u00a0 80&#215;120 x 115 cm (\u00b13 cm)<br \/>\nPeso del palet:\u00a0 300 kg. (\u00b1 4 kg.)<\/p>\n<p><a href=\"\/wp-content\/uploads\/FC_ES_Bolsas-Isotermicas_mai15_v00.pdf\"><img loading=\"lazy\" decoding=\"async\" class=\"alignnone wp-image-740 size-full\" src=\"https:\/\/fittingall.com\/wp-content\/uploads\/adobe_pdf_document_14979-e1633100001541.png\" alt=\"\" width=\"60\" height=\"60\" \/><\/a><\/p>\n","protected":false},"excerpt":{"rendered":"<p>Bolsa Isot\u00e9rmica refrigerante con gel. Medidas 300 x 350mm.<\/p>\n","protected":false},"featured_media":474,"comment_status":"open","ping_status":"closed","template":"","meta":[],"product_brand":[],"product_cat":[28,52],"product_tag":[53],"class_list":{"0":"post-472","1":"product","2":"type-product","3":"status-publish","4":"has-post-thumbnail","6":"product_cat-cadena-del-frio","7":"product_cat-fundas-isotermicas","8":"product_tag-bolsas-isotermicas","10":"first","11":"instock","12":"featured","13":"taxable","14":"shipping-taxable","15":"product-type-simple"},"supplier_id":null,"supplier_sku":"","barcode":null,"atum_controlled":true,"out_stock_date":null,"out_stock_threshold":null,"inheritable":false,"inbound_stock":0,"stock_on_hold":0,"sold_today":0,"sales_last_days":0,"reserved_stock":0,"customer_returns":0,"warehouse_damage":0,"lost_in_post":0,"other_logs":0,"out_stock_days":0,"lost_sales":0,"has_location":false,"update_date":"2026-04-05T01:13:53","atum_locations":[],"atum_stock_status":"instock","restock_status":false,"low_stock_amount":"","sales_update_date":"2026-04-05T01:13:53","calc_backorders":null,"_links":{"self":[{"href":"https:\/\/fittingall.com\/es\/wp-json\/wp\/v2\/product\/472","targetHints":{"allow":["GET"]}}],"collection":[{"href":"https:\/\/fittingall.com\/es\/wp-json\/wp\/v2\/product"}],"about":[{"href":"https:\/\/fittingall.com\/es\/wp-json\/wp\/v2\/types\/product"}],"replies":[{"embeddable":true,"href":"https:\/\/fittingall.com\/es\/wp-json\/wp\/v2\/comments?post=472"}],"wp:featuredmedia":[{"embeddable":true,"href":"https:\/\/fittingall.com\/es\/wp-json\/wp\/v2\/media\/474"}],"wp:attachment":[{"href":"https:\/\/fittingall.com\/es\/wp-json\/wp\/v2\/media?parent=472"}],"wp:term":[{"taxonomy":"product_brand","embeddable":true,"href":"https:\/\/fittingall.com\/es\/wp-json\/wp\/v2\/product_brand?post=472"},{"taxonomy":"product_cat","embeddable":true,"href":"https:\/\/fittingall.com\/es\/wp-json\/wp\/v2\/product_cat?post=472"},{"taxonomy":"product_tag","embeddable":true,"href":"https:\/\/fittingall.com\/es\/wp-json\/wp\/v2\/product_tag?post=472"}],"curies":[{"name":"wp","href":"https:\/\/api.w.org\/{rel}","templated":true}]}}