{"id":476,"date":"2019-06-13T11:05:23","date_gmt":"2019-06-13T10:05:23","guid":{"rendered":"https:\/\/fittingall.com\/?post_type=product&#038;p=476"},"modified":"2023-04-24T18:59:00","modified_gmt":"2023-04-24T17:59:00","slug":"acumulador-de-frio-hidratable","status":"publish","type":"product","link":"https:\/\/fittingall.com\/es\/producto\/acumulador-de-frio-hidratable\/","title":{"rendered":"Acumulador de fr\u00edo hidratable"},"content":{"rendered":"<p><strong>PRODUCTO<\/strong><br \/>\nAcumulador o aportador de fr\u00edo en forma de l\u00e1mina, con 2 caras una pl\u00e1stica y otra permeable y dividida en celdas. Absorbe agua por la cara permeable.<br \/>\nTras su posterior congelaci\u00f3n, se convierte en aportador de frio.<br \/>\nEl usuario puede cortar con tijera en el espacio entre celdas, preferible en seco<\/p>\n<p><strong>CARACTER\u00cdSTICAS<\/strong><br \/>\n\u25aa F\u00e1cil de activar, cuando se requiere el env\u00edo.<br \/>\n\u25aa R\u00e1pida disponibilidad, tras 24 horas en congelador.<br \/>\n\u25aa Se presenta en diferentes formatos, seg\u00fan la preferencia del usuario.<br \/>\n\u25aa No pierde agua al descongelarse, la celda hidratada retiene el agua en forma de gel.<br \/>\n\u25aa Flexible a la hora de ser manipulado durante el embalaje.<br \/>\n\u25aa Espacio reducirdo durante su almacenaje antes de la activaci\u00f3n.<br \/>\n\u25aa Ligero, evitando as\u00ed incrementar el peso de los paquetes que lo contienen.<\/p>\n<p><strong>INSTRUCCIONES DE USO<\/strong><br \/>\n\u25aa Mantener seco hasta ser utilizado.<br \/>\n\u25aa Sumergir en agua colocando la cara absorbente hacia abajo.<br \/>\n\u25aa Comprobar que ha tomado el peso que corresponde.<br \/>\n\u25aa Escurrir o secar, evitando que queden gotas de agua exterior, que al congelar provocar\u00eda que se peguen unas celdas a otras.<br \/>\n\u25aa Poner en congelador durante 24 h, con la cara absorbente hacia arriba.<br \/>\n\u25aa Mantener en congelador hasta su uso.<br \/>\n\u25aa Al utilizar colocar la cara absorbente hacia abajo y la cara pl\u00e1stica impresa hacia arriba.<\/p>\n<p><a href=\"https:\/\/fittingall.com\/wp-content\/uploads\/ACUMULADOR-HIDRATABLE-TP.pdf\"><img loading=\"lazy\" decoding=\"async\" class=\"alignnone wp-image-740\" src=\"https:\/\/fittingall.com\/wp-content\/uploads\/adobe_pdf_document_14979.png\" alt=\"\" width=\"80\" height=\"80\" \/><\/a><\/p>\n<p>&nbsp;<\/p>\n","protected":false},"excerpt":{"rendered":"<p>Los acumuladores de pol\u00edmero hidratable, son una alternativa al hielo, a los geles convencionales o bloques r\u00edgidos.<\/p>\n","protected":false},"featured_media":1287,"comment_status":"open","ping_status":"closed","template":"","meta":[],"product_brand":[],"product_cat":[54,24],"product_tag":[],"class_list":{"0":"post-476","1":"product","2":"type-product","3":"status-publish","4":"has-post-thumbnail","6":"product_cat-acumulador-hidratable","7":"product_cat-acumuladores-de-frio","9":"first","10":"instock","11":"featured","12":"taxable","13":"shipping-taxable","14":"product-type-simple"},"supplier_id":null,"supplier_sku":"","barcode":null,"atum_controlled":true,"out_stock_date":null,"out_stock_threshold":null,"inheritable":false,"inbound_stock":0,"stock_on_hold":0,"sold_today":0,"sales_last_days":0,"reserved_stock":0,"customer_returns":0,"warehouse_damage":0,"lost_in_post":0,"other_logs":0,"out_stock_days":0,"lost_sales":0,"has_location":false,"update_date":"2026-04-05T01:13:53","atum_locations":[],"atum_stock_status":"instock","restock_status":false,"low_stock_amount":"","sales_update_date":"2026-04-05T01:13:53","calc_backorders":null,"_links":{"self":[{"href":"https:\/\/fittingall.com\/es\/wp-json\/wp\/v2\/product\/476","targetHints":{"allow":["GET"]}}],"collection":[{"href":"https:\/\/fittingall.com\/es\/wp-json\/wp\/v2\/product"}],"about":[{"href":"https:\/\/fittingall.com\/es\/wp-json\/wp\/v2\/types\/product"}],"replies":[{"embeddable":true,"href":"https:\/\/fittingall.com\/es\/wp-json\/wp\/v2\/comments?post=476"}],"wp:featuredmedia":[{"embeddable":true,"href":"https:\/\/fittingall.com\/es\/wp-json\/wp\/v2\/media\/1287"}],"wp:attachment":[{"href":"https:\/\/fittingall.com\/es\/wp-json\/wp\/v2\/media?parent=476"}],"wp:term":[{"taxonomy":"product_brand","embeddable":true,"href":"https:\/\/fittingall.com\/es\/wp-json\/wp\/v2\/product_brand?post=476"},{"taxonomy":"product_cat","embeddable":true,"href":"https:\/\/fittingall.com\/es\/wp-json\/wp\/v2\/product_cat?post=476"},{"taxonomy":"product_tag","embeddable":true,"href":"https:\/\/fittingall.com\/es\/wp-json\/wp\/v2\/product_tag?post=476"}],"curies":[{"name":"wp","href":"https:\/\/api.w.org\/{rel}","templated":true}]}}