{"id":483,"date":"2019-06-20T11:47:35","date_gmt":"2019-06-20T10:47:35","guid":{"rendered":"https:\/\/fittingall.com\/?post_type=product&#038;p=483"},"modified":"2022-11-28T19:53:25","modified_gmt":"2022-11-28T18:53:25","slug":"mascarilla-3m-con-valvula-moldeada-caja-de-10-unidades","status":"publish","type":"product","link":"https:\/\/fittingall.com\/es\/producto\/mascarilla-3m-con-valvula-moldeada-caja-de-10-unidades\/","title":{"rendered":"Mascarilla 3M\u00ae 9332+ con v\u00e1lvula moldeada"},"content":{"rendered":"<ul class=\"MMM--pdpList SNAPS--bullets\">\n<li>Mayor movilidad facial con el dise\u00f1o de 3 paneles Aura\u2122<\/li>\n<li>Transpirabilidad mejorada gracias al material de filtro de alto rendimiento que permite respirar f\u00e1cilmente<\/li>\n<li>La v\u00e1lvula 3M\u2122 Cool Flow\u2122 reduce la formaci\u00f3n de calor dentro de la mascarilla al evacuar el aire espirado; as\u00ed llevarla resulta m\u00e1s fresco<\/li>\n<li>El panel nasal esculpido ayuda a mejorar la compatibilidad con gafas 3M, mientras que el panel superior en relieve est\u00e1 dise\u00f1ado para reducir el empa\u00f1amiento y conseguir mayor nitidez<\/li>\n<li>El clip nasal ajustable ayuda a sellar alrededor de la nariz y las mejillas<\/li>\n<li>La FFP3 (pieza facial de filtrado de clase 3) protege frente a niveles elevados de polvo fino y nieblas basadas en aceite o agua, que suelen producirse en tareas de colocaci\u00f3n de suelos, reparaci\u00f3n de paredes y techos y aislamiento de tejados o paredes, con materiales como madera dura, materiales aislantes o materiales con moho y plomo<\/li>\n<li>Las cintas para la cabeza est\u00e1n codificadas por color para indicar el nivel de rendimiento. Rojo: FFP3 seg\u00fan EN 149:2001+A1:2009<\/li>\n<li>Cumple con las normas europeas: marca CE 0086 (EN 149:2001 + A1:2009 FFP3 NR D)<\/li>\n<li>Este producto ayuda a proteger frente a determinadas part\u00edculas en concentraciones de hasta 20 veces el l\u00edmite de exposici\u00f3n ocupacional<\/li>\n<li>Contenido del paquete: 2<\/li>\n<li>Los usuarios deber\u00e1n leer todas las instrucciones antes del uso. El mal uso puede provocar lesiones o enfermedades graves o potencialmente mortales<\/li>\n<li>Compatible con protecciones oculares y auditivas de 3M<\/li>\n<\/ul>\n<p class=\"SNAPS--pdpTabDes\">El respirador para aislamientos y madera 3M\u2122 Aura\u2122 9332+ es nuestro respirador facial de filtrado con dise\u00f1o de 3 paneles Aura\u2122, clip nasal ajustable, panel nasal esculpido, bandas para la cabeza con c\u00f3digo de color rojo y v\u00e1lvula 3M\u2122 Cool Flow\u2122 para que resulte c\u00f3modo de llevar. Con clasificaci\u00f3n FFP3, se encuentra disponible en paquetes de dos.<\/p>\n<p class=\"SNAPS--pdpTabDes\">Utilice el respirador para aislamientos y madera 3M\u2122 Aura\u2122 9332+ como protecci\u00f3n respiratoria mientras repara paredes, techos, suelos y tejados, o a\u00edsla paredes. Nuestro respirador ayuda a proporcionar protecci\u00f3n de nivel FFP3 frente a niveles elevados de polvo fino y nieblas basadas en aceite o agua, que suelen generarse al trabajar con maderas duras, materiales aislantes o materiales con moho y plomo. Con nuestro dise\u00f1o de 3 paneles Aura\u2122, est\u00e1 dise\u00f1ado para permitir un mayor movimiento facial mientras se habla y el material de filtro de alto rendimiento est\u00e1 dise\u00f1ado para facilitar la respiraci\u00f3n. La v\u00e1lvula 3M\u2122 Cool Flow\u2122 reduce la acumulaci\u00f3n de calor dentro del respirador al evacuar el aire espirado. El clip nasal ajustable, el dise\u00f1o curvado de bajo perfil y el panel nasal esculpido ayudan a garantizar un mejor sellado y un ajuste preciso, pero tambi\u00e9n un buen campo de visi\u00f3n y mejor compatibilidad con gafas 3M. El panel superior en relieve est\u00e1 dise\u00f1ado para minimizar a\u00fan m\u00e1s el empa\u00f1amiento de gafas y consigue una mayor nitidez en estas.<\/p>\n<h4 class=\"MMM--hdg MMM--pdpTabVr SNAPS--pdpTabVr\">Aplicaciones Recomendadas<\/h4>\n<ul class=\"MMM--pdpList SNAPS--bullets\">\n<li>Lijado con herramientas el\u00e9ctricas, reparaciones de techos o trabajo con aislamientos de paredes o techos, colocaci\u00f3n de suelos de madera duro, materiales aislantes, materiales con moho y plomo<\/li>\n<\/ul>\n<div id=\"button-style-primary\" class=\"uk-margin uk-text-center\"><a class=\"el-content uk-button uk-button-primary\" href=\"https:\/\/fittingall.com\/wp-content\/uploads\/3M_9300.pdf\">Ficha T\u00e9cnica<\/a><\/div>\n","protected":false},"excerpt":{"rendered":"<p>Mascarilla 3M\u00ae 9332 FFP3 con v\u00e1lvula moldeada. Caja de 1X10 UDS<\/p>\n","protected":false},"featured_media":485,"comment_status":"open","ping_status":"closed","template":"","meta":[],"product_brand":[],"product_cat":[56,30],"product_tag":[57],"class_list":{"0":"post-483","1":"product","2":"type-product","3":"status-publish","4":"has-post-thumbnail","6":"product_cat-mascarillas","7":"product_cat-proteccion","8":"product_tag-mascarillas","10":"first","11":"instock","12":"taxable","13":"shipping-taxable","14":"product-type-simple"},"supplier_id":null,"supplier_sku":"","barcode":null,"atum_controlled":true,"out_stock_date":null,"out_stock_threshold":null,"inheritable":false,"inbound_stock":0,"stock_on_hold":0,"sold_today":0,"sales_last_days":0,"reserved_stock":0,"customer_returns":0,"warehouse_damage":0,"lost_in_post":0,"other_logs":0,"out_stock_days":0,"lost_sales":0,"has_location":false,"update_date":"2026-04-05T01:13:53","atum_locations":[],"atum_stock_status":"instock","restock_status":false,"low_stock_amount":"","sales_update_date":"2026-04-05T01:13:53","calc_backorders":null,"_links":{"self":[{"href":"https:\/\/fittingall.com\/es\/wp-json\/wp\/v2\/product\/483","targetHints":{"allow":["GET"]}}],"collection":[{"href":"https:\/\/fittingall.com\/es\/wp-json\/wp\/v2\/product"}],"about":[{"href":"https:\/\/fittingall.com\/es\/wp-json\/wp\/v2\/types\/product"}],"replies":[{"embeddable":true,"href":"https:\/\/fittingall.com\/es\/wp-json\/wp\/v2\/comments?post=483"}],"wp:featuredmedia":[{"embeddable":true,"href":"https:\/\/fittingall.com\/es\/wp-json\/wp\/v2\/media\/485"}],"wp:attachment":[{"href":"https:\/\/fittingall.com\/es\/wp-json\/wp\/v2\/media?parent=483"}],"wp:term":[{"taxonomy":"product_brand","embeddable":true,"href":"https:\/\/fittingall.com\/es\/wp-json\/wp\/v2\/product_brand?post=483"},{"taxonomy":"product_cat","embeddable":true,"href":"https:\/\/fittingall.com\/es\/wp-json\/wp\/v2\/product_cat?post=483"},{"taxonomy":"product_tag","embeddable":true,"href":"https:\/\/fittingall.com\/es\/wp-json\/wp\/v2\/product_tag?post=483"}],"curies":[{"name":"wp","href":"https:\/\/api.w.org\/{rel}","templated":true}]}}