{"id":489,"date":"2019-06-20T12:21:02","date_gmt":"2019-06-20T11:21:02","guid":{"rendered":"https:\/\/fittingall.com\/?post_type=product&#038;p=489"},"modified":"2022-12-18T04:12:15","modified_gmt":"2022-12-18T03:12:15","slug":"mascarilla-3m-9310","status":"publish","type":"product","link":"https:\/\/fittingall.com\/es\/producto\/mascarilla-3m-9310\/","title":{"rendered":"Mascarilla 3M\u00ae 9310+"},"content":{"rendered":"<ul class=\"MMM--pdpList SNAPS--bullets\">\n<li>Material filtrante de alto rendimiento 3M, que facilita la respiraci\u00f3n reduciendo la resistencia y aumentando el confort del usuario<\/li>\n<li>Innovador dise\u00f1o de 3 paneles: se adapta a rostros de diferentes formas y tama\u00f1os permitiendo un mayor movimiento facial durante la conversaci\u00f3n. Esto hace que sea mucho m\u00e1s c\u00f3moda de llevar y f\u00e1cil de guardar cuando no se est\u00e9 utilizando<\/li>\n<li>Panel de nariz conformado: con dise\u00f1o curvo y de perfil bajo, que se adapta bien al contorno de la nariz y los ojos, proporcionando un buen campo de visi\u00f3n y mejorando la compatibilidad con gafas<\/li>\n<li>3M\u2122 v\u00e1lvula de alta ventilaci\u00f3n: elimina eficientemente el calor generado acumulado proporcionando al usuario una sensaci\u00f3n m\u00e1s fresca y confortable<\/li>\n<li>Las bandas de sujeci\u00f3n est\u00e1n codificadas por colores para facilitar su identificaci\u00f3n: amarillo para FFP1; azul para FFP2 y rojo para FFP3<\/li>\n<li>La innovadora solapa para la barbilla est\u00e1 dise\u00f1ada para facilitar la colocaci\u00f3n y el ajuste de la mascarilla en la cara<\/li>\n<li>Se suministran en un embalaje higi\u00e9nico que ayuda a proteger las mascarillas contra la contaminaci\u00f3n antes de usarlas y, adem\u00e1s, permite guardarlas c\u00f3modamente y distribuirlas en el lugar de trabajo.<\/li>\n<li>El panel nasal moldeado facilita la adaptaci\u00f3n a la nariz y a los contornos faciales, adem\u00e1s de contribuir a mejorar la compatibilidad con las gafas de 3M.<\/li>\n<li>Las mascarillas desechables de 3M\u2122 Aura\u2122 9312+, 9322+ y 9332+ pueden adquirirse con la v\u00e1lvula 3M\u2122 Cool Flow\u2122, que reduce la acumulaci\u00f3n de calor y humedad para ofrecer a los trabajadores una protecci\u00f3n c\u00f3moda, incluso en entornos c\u00e1lidos y h\u00famedos<\/li>\n<\/ul>\n<p class=\"SNAPS--pdpTabDes\">Las mascarillas plegadas autofiltrantes para part\u00edculas 3M\u2122 Aura\u2122 de la serie 9300+ son el resultado del esfuerzo permanente de 3M por mejorar el confort de los usuarios de nuestros productos. El ingenioso e innovador dise\u00f1o de 3 paneles se adapta a diferentes perfiles faciales de m\u00faltiples formas y tama\u00f1os; permitiendo un mayor movimiento facial durante la jornada de trabajo, lo que se traduce en una mayor comodidad para el usuario.<\/p>\n<p class=\"SNAPS--pdpTabDes\">Utilice las mascarillas desechables 3M\u2122 Aura\u2122 de la serie 9300+ para protegerse c\u00f3modamente contra polvo y nieblas en una amplia variedad de entornos industriales y peligrosos. Nuestra serie 9300+ ofrece protecci\u00f3n FFP1, FFP2 y FFP3; adem\u00e1s, permite hablar y trabajar con comodidad. Su dise\u00f1o de 3 paneles permite una mayor movilidad facial; a su vez, el estilo moldeado y de perfil bajo del panel superior en relieve sella de forma eficaz, reduce el empa\u00f1amiento de las gafas y mejora la compatibilidad de uso con protecci\u00f3n ocular. Su tecnolog\u00eda del filtro de baja resistencia ayuda a respirar m\u00e1s f\u00e1cilmente y su innovadora pesta\u00f1a permite hacer ajustes sencillos. Algunas de las mascarillas de esta serie cuentan con una v\u00e1lvula 3M\u2122 Cool Flow\u2122, que reduce la acumulaci\u00f3n de calor y proporciona una protecci\u00f3n c\u00f3moda en condiciones de calor y humedad. Est\u00e1n empaquetadas individualmente en un envase higi\u00e9nico para evitar la contaminaci\u00f3n antes de usarse y las bandas de sujeci\u00f3n trenzadas, codificadas por colores, ayudan a identificar el nivel de protecci\u00f3n: amarillo para FFP1 (FPN 4), azul para FFP2 (FPN 12) y rojo para FFP3 (FPN 50). Su dise\u00f1o plegable facilita el almacenaje cuando no se est\u00e1n usando, y se adaptan perfectamente a los productos de protecci\u00f3n ocular y auditiva de 3M. Para consultar la documentaci\u00f3n completa de certificaci\u00f3n del producto y especificaciones, haga clic aqu\u00ed: selector de certificados de productos respiratorios<\/p>\n<div id=\"button-style-primary\" class=\"uk-margin uk-text-center\"><a class=\"el-content uk-button uk-button-primary\" href=\"https:\/\/fittingall.com\/wp-content\/uploads\/3M_9300.pdf\">Ficha T\u00e9cnica<\/a><\/div>\n","protected":false},"excerpt":{"rendered":"<p>Mascarilla desechable FFP1 NR D que protege contra part\u00edculas s\u00f3lidas y\/o liquidas no vol\u00e1tiles (clasificaci\u00f3n EN 149:2001+Ai:2009, m\u00e1ximo nivel de uso 4 x VLA)<\/p>\n","protected":false},"featured_media":490,"comment_status":"open","ping_status":"closed","template":"","meta":[],"product_brand":[],"product_cat":[56,30],"product_tag":[],"class_list":{"0":"post-489","1":"product","2":"type-product","3":"status-publish","4":"has-post-thumbnail","6":"product_cat-mascarillas","7":"product_cat-proteccion","9":"first","10":"instock","11":"taxable","12":"shipping-taxable","13":"product-type-simple"},"supplier_id":null,"supplier_sku":"","barcode":null,"atum_controlled":true,"out_stock_date":null,"out_stock_threshold":null,"inheritable":false,"inbound_stock":0,"stock_on_hold":0,"sold_today":0,"sales_last_days":0,"reserved_stock":0,"customer_returns":0,"warehouse_damage":0,"lost_in_post":0,"other_logs":0,"out_stock_days":0,"lost_sales":0,"has_location":false,"update_date":"2026-05-10T09:31:57","atum_locations":[],"atum_stock_status":"instock","restock_status":false,"low_stock_amount":"","sales_update_date":"2026-05-10T09:31:57","calc_backorders":null,"_links":{"self":[{"href":"https:\/\/fittingall.com\/es\/wp-json\/wp\/v2\/product\/489","targetHints":{"allow":["GET"]}}],"collection":[{"href":"https:\/\/fittingall.com\/es\/wp-json\/wp\/v2\/product"}],"about":[{"href":"https:\/\/fittingall.com\/es\/wp-json\/wp\/v2\/types\/product"}],"replies":[{"embeddable":true,"href":"https:\/\/fittingall.com\/es\/wp-json\/wp\/v2\/comments?post=489"}],"wp:featuredmedia":[{"embeddable":true,"href":"https:\/\/fittingall.com\/es\/wp-json\/wp\/v2\/media\/490"}],"wp:attachment":[{"href":"https:\/\/fittingall.com\/es\/wp-json\/wp\/v2\/media?parent=489"}],"wp:term":[{"taxonomy":"product_brand","embeddable":true,"href":"https:\/\/fittingall.com\/es\/wp-json\/wp\/v2\/product_brand?post=489"},{"taxonomy":"product_cat","embeddable":true,"href":"https:\/\/fittingall.com\/es\/wp-json\/wp\/v2\/product_cat?post=489"},{"taxonomy":"product_tag","embeddable":true,"href":"https:\/\/fittingall.com\/es\/wp-json\/wp\/v2\/product_tag?post=489"}],"curies":[{"name":"wp","href":"https:\/\/api.w.org\/{rel}","templated":true}]}}