{"id":497,"date":"2019-06-30T20:03:00","date_gmt":"2019-06-30T19:03:00","guid":{"rendered":"https:\/\/fittingall.com\/?post_type=product&#038;p=497"},"modified":"2022-11-28T19:52:56","modified_gmt":"2022-11-28T18:52:56","slug":"proteccion","status":"publish","type":"product","link":"https:\/\/fittingall.com\/es\/producto\/proteccion\/","title":{"rendered":"Mascarilla 3M\u00ae 9322+"},"content":{"rendered":"<p>Mascarilla 3M 9322+ FFP2 NR D plegada con v\u00e1lvula.<\/p>\n<ul>\n<li>Mascarillas plegadas 3M Serie 9300<\/li>\n<li>Mascarillas Autofiltrantes para Part\u00edculas (Norma EN149:2001+A1:2009)<\/li>\n<li>Fabricado en material que absorbe el sudor.<\/li>\n<li>El material de las bandas de sujeci\u00f3n se adapta a cualquier tama\u00f1o de cabeza para no aumentar la tensi\u00f3n.<\/li>\n<li>Embalaje higi\u00e9nico que protege la mascarilla de contaminaci\u00f3n antes de su uso.<\/li>\n<li>Paquete\u00a010 unidades. Caja\u00a0120 unidades.<\/li>\n<\/ul>\n<p>Mascarilla desechable FFP2 NR D que protege contra part\u00edculas s\u00f3lidas y\/o liquidas no vol\u00e1tiles (clasificaci\u00f3n EN 149:2001+Ai:2009, m\u00e1ximo nivel de uso 12 x VLA)<\/p>\n<p>Material filtrante de alto rendimiento 3M, que facilita la respiraci\u00f3n reduciendo la resistencia y aumentando el confort del usuario<\/p>\n<p>Innovador dise\u00f1o de 3 paneles: se adapta a rostros de diferentes formas y tama\u00f1os permitiendo un mayor movimiento facial durante la conversaci\u00f3n. Esto hace que sea mucho m\u00e1s c\u00f3moda de llevar y f\u00e1cil de guardar cuando no se est\u00e9 utilizando<\/p>\n<p>Con embalaje individual: envase higi\u00e9nico que protege la mascartilla de cualquier contaminaci\u00f3n antes de su uso. Se lleva y almacena m\u00e1s f\u00e1cilmente antes de su uso<\/p>\n<p>3M\u2122 v\u00e1lvula de alta ventilaci\u00f3n: elimina eficientemente el calor generado acumulado proporcionando al usuario una sensaci\u00f3n m\u00e1s fresca y confortable<\/p>\n<p>3M\u2122 V\u00e1lvula Cool Flow\u2122 La v\u00e1lvula Cool Flow disminuye la acumulaci\u00f3n de calor para proporcionar a los trabajadores una protecci\u00f3n confortable, incluso en ambientes c\u00e1lidos o h\u00famedos<\/p>\n<p>Cinta para la cabeza Mantiene el respirador firmemente en su sitio, lo que contribuye a crear un sellado adecuado y c\u00f3modo, con c\u00f3digo de color azul para indicar el nivel de rendimiento: FFP2 seg\u00fan EN 149:2001+A1:2009<\/p>\n<p>Embalaje individual El embalaje higi\u00e9nico ayuda a proteger la mascarilla de la respiraci\u00f3n antes de usarla, permite guardarla c\u00f3modamente y distribuirla en el lugar de trabajo<\/p>\n<p>Compatible con: Protecci\u00f3n ocular de 3M, protecci\u00f3n auditiva de 3M<\/p>\n<p>La mascarilla plegada autofiltrante para part\u00edculas 3M\u2122 Aura\u2122 9322+ proporciona confort y estilo sin comprometer el rendimiento. Gracias a la innovadora tecnolog\u00eda de filtrado de baja resistencia a la respiraci\u00f3n de 3M\u2122, podr\u00e1s respirar a trav\u00e9s de la mascarilla con menos esfuerzo. Protege contra el polvo y nieblas presentes en una amplia variedad de aplicaciones industriales u otras situaciones laborales donde se requiera protecci\u00f3n FFP2. Con v\u00e1lvula de alta ventilaci\u00f3n, para una eliminaci\u00f3n eficiente del calor generado. Panel nasal conformado, que aumenta el campo de visi\u00f3n y compatibilidad con gafas.<\/p>\n<div id=\"button-style-primary\" class=\"uk-margin uk-text-center\"><a class=\"el-content uk-button uk-button-primary\" href=\"https:\/\/fittingall.com\/wp-content\/uploads\/3M_9300.pdf\">Ficha T\u00e9cnica<\/a><\/div>\n","protected":false},"excerpt":{"rendered":"<p>Mascarilla desechable FFP2 NR D que protege contra part\u00edculas s\u00f3lidas y\/o liquidas no vol\u00e1tiles (clasificaci\u00f3n EN 149:2001+Ai:2009, m\u00e1ximo nivel de uso 12 x VLA)<\/p>\n","protected":false},"featured_media":498,"comment_status":"open","ping_status":"closed","template":"","meta":[],"product_brand":[],"product_cat":[56,30],"product_tag":[],"class_list":{"0":"post-497","1":"product","2":"type-product","3":"status-publish","4":"has-post-thumbnail","6":"product_cat-mascarillas","7":"product_cat-proteccion","9":"first","10":"instock","11":"taxable","12":"shipping-taxable","13":"product-type-simple"},"supplier_id":null,"supplier_sku":"","barcode":null,"atum_controlled":true,"out_stock_date":null,"out_stock_threshold":null,"inheritable":false,"inbound_stock":0,"stock_on_hold":0,"sold_today":0,"sales_last_days":0,"reserved_stock":0,"customer_returns":0,"warehouse_damage":0,"lost_in_post":0,"other_logs":0,"out_stock_days":0,"lost_sales":0,"has_location":false,"update_date":"2026-04-05T01:13:53","atum_locations":[],"atum_stock_status":"instock","restock_status":false,"low_stock_amount":"","sales_update_date":"2026-04-05T01:13:53","calc_backorders":null,"_links":{"self":[{"href":"https:\/\/fittingall.com\/es\/wp-json\/wp\/v2\/product\/497","targetHints":{"allow":["GET"]}}],"collection":[{"href":"https:\/\/fittingall.com\/es\/wp-json\/wp\/v2\/product"}],"about":[{"href":"https:\/\/fittingall.com\/es\/wp-json\/wp\/v2\/types\/product"}],"replies":[{"embeddable":true,"href":"https:\/\/fittingall.com\/es\/wp-json\/wp\/v2\/comments?post=497"}],"wp:featuredmedia":[{"embeddable":true,"href":"https:\/\/fittingall.com\/es\/wp-json\/wp\/v2\/media\/498"}],"wp:attachment":[{"href":"https:\/\/fittingall.com\/es\/wp-json\/wp\/v2\/media?parent=497"}],"wp:term":[{"taxonomy":"product_brand","embeddable":true,"href":"https:\/\/fittingall.com\/es\/wp-json\/wp\/v2\/product_brand?post=497"},{"taxonomy":"product_cat","embeddable":true,"href":"https:\/\/fittingall.com\/es\/wp-json\/wp\/v2\/product_cat?post=497"},{"taxonomy":"product_tag","embeddable":true,"href":"https:\/\/fittingall.com\/es\/wp-json\/wp\/v2\/product_tag?post=497"}],"curies":[{"name":"wp","href":"https:\/\/api.w.org\/{rel}","templated":true}]}}