{"id":532,"date":"2019-09-08T23:10:52","date_gmt":"2019-09-08T22:10:52","guid":{"rendered":"https:\/\/fittingall.com\/?post_type=product&#038;p=532"},"modified":"2022-11-17T11:25:39","modified_gmt":"2022-11-17T10:25:39","slug":"mascarilla-con-valvula-de-exhalacion-honeywell-5211-ffp2-nr-d","status":"publish","type":"product","link":"https:\/\/fittingall.com\/es\/producto\/mascarilla-con-valvula-de-exhalacion-honeywell-5211-ffp2-nr-d\/","title":{"rendered":"Mascarilla con v\u00e1lvula de exhalaci\u00f3n (Honeywell 5211 FFP2 NR D)"},"content":{"rendered":"<p>Mascarilla con v\u00e1lvula de exhalaci\u00f3n que ofrece m\u00e1ximo confort y eficiencia.<\/p>\n<div class=\"logismarket--ficha-producto--product-details--brand\">\n<div>\n<ul>\n<li>M\u00e1ximo confort y eficiencia<\/li>\n<li>Gran volumen interno para facilitar el movimiento<\/li>\n<li>M\u00e1scaras ligeras (10 g a 28 g) minimizando la fatiga del usuario<\/li>\n<li>Tiras flexibles el\u00e1sticas dobles grapadas y altamente resistente para una mayor seguridad<\/li>\n<li>Grapado fuera de la zona de filtraci\u00f3n para eliminar el riesgo de fugas<\/li>\n<li>Ergon\u00f3mica.<\/li>\n<\/ul>\n<\/div>\n<div>\n<div>Caracter\u00edsticas:<\/div>\n<div>\n<ul>\n<li>Talla M\/L<\/li>\n<li>Clasificaci\u00f3n FFP2 NR D<\/li>\n<li>V\u00e1lvula de exhalaci\u00f3n<\/li>\n<li>Sellado nasal<\/li>\n<li>Sujeciones el\u00e1sticas<\/li>\n<li>Embalaje 20 unidades<\/li>\n<li>NPF 12<\/li>\n<li>APF 10<\/li>\n<\/ul>\n<\/div>\n<\/div>\n<\/div>\n","protected":false},"excerpt":{"rendered":"<p>Mascarilla con v\u00e1lvula de exhalaci\u00f3n que ofrece m\u00e1ximo confort y eficiencia.<\/p>\n","protected":false},"featured_media":533,"comment_status":"open","ping_status":"closed","template":"","meta":[],"product_brand":[],"product_cat":[56,30],"product_tag":[],"class_list":{"0":"post-532","1":"product","2":"type-product","3":"status-publish","4":"has-post-thumbnail","6":"product_cat-mascarillas","7":"product_cat-proteccion","9":"first","10":"instock","11":"taxable","12":"shipping-taxable","13":"product-type-simple"},"supplier_id":null,"supplier_sku":"","barcode":null,"atum_controlled":true,"out_stock_date":null,"out_stock_threshold":null,"inheritable":false,"inbound_stock":0,"stock_on_hold":0,"sold_today":0,"sales_last_days":0,"reserved_stock":0,"customer_returns":0,"warehouse_damage":0,"lost_in_post":0,"other_logs":0,"out_stock_days":0,"lost_sales":0,"has_location":false,"update_date":"2026-05-10T09:31:57","atum_locations":[],"atum_stock_status":"instock","restock_status":false,"low_stock_amount":"","sales_update_date":"2026-05-10T09:31:57","calc_backorders":null,"_links":{"self":[{"href":"https:\/\/fittingall.com\/es\/wp-json\/wp\/v2\/product\/532","targetHints":{"allow":["GET"]}}],"collection":[{"href":"https:\/\/fittingall.com\/es\/wp-json\/wp\/v2\/product"}],"about":[{"href":"https:\/\/fittingall.com\/es\/wp-json\/wp\/v2\/types\/product"}],"replies":[{"embeddable":true,"href":"https:\/\/fittingall.com\/es\/wp-json\/wp\/v2\/comments?post=532"}],"wp:featuredmedia":[{"embeddable":true,"href":"https:\/\/fittingall.com\/es\/wp-json\/wp\/v2\/media\/533"}],"wp:attachment":[{"href":"https:\/\/fittingall.com\/es\/wp-json\/wp\/v2\/media?parent=532"}],"wp:term":[{"taxonomy":"product_brand","embeddable":true,"href":"https:\/\/fittingall.com\/es\/wp-json\/wp\/v2\/product_brand?post=532"},{"taxonomy":"product_cat","embeddable":true,"href":"https:\/\/fittingall.com\/es\/wp-json\/wp\/v2\/product_cat?post=532"},{"taxonomy":"product_tag","embeddable":true,"href":"https:\/\/fittingall.com\/es\/wp-json\/wp\/v2\/product_tag?post=532"}],"curies":[{"name":"wp","href":"https:\/\/api.w.org\/{rel}","templated":true}]}}