{"id":534,"date":"2019-09-08T23:12:47","date_gmt":"2019-09-08T22:12:47","guid":{"rendered":"https:\/\/fittingall.com\/?post_type=product&#038;p=534"},"modified":"2022-01-23T09:10:27","modified_gmt":"2022-01-23T08:10:27","slug":"mascarilla-respiratoria-plegable-honeywell-2111-ffp2-nr-d","status":"publish","type":"product","link":"https:\/\/fittingall.com\/es\/producto\/mascarilla-respiratoria-plegable-honeywell-2111-ffp2-nr-d\/","title":{"rendered":"Mascarilla respiratoria plegable (Honeywell 2111 FFP2 NR D)"},"content":{"rendered":"<ul>\n<li>Forma de bajo perfil: para una visi\u00f3n perfecta<\/li>\n<li>Forma envolvente: gran superficie del filtro y mayor comodidad.<\/li>\n<li>Sin grapas: sin riesgo de irritaci\u00f3n<\/li>\n<li>Color puente de nariz: para facilitar el ajuste y la identificaci\u00f3n instant\u00e1nea del nivel de protecci\u00f3n<\/li>\n<li>Junta Willtech: hipoalerg\u00e9nico, anti-transpirantes, mejor confort<\/li>\n<li>Bolsa reutilizable individual: protege la m\u00e1scara antes de su uso y durante los descansos<\/li>\n<li>No contiene PVC, silicona, l\u00e1tex y grapas: m\u00e1s ecol\u00f3gica<\/li>\n<\/ul>\n<p>Caracter\u00edsticas:<\/p>\n<ul>\n<li>Talla M\/L<\/li>\n<li>Clasificaci\u00f3n FFP2 NR D<\/li>\n<li>V\u00e1lvula de exhalaci\u00f3n<\/li>\n<li>Sellado Willtech<\/li>\n<li>Sujeciones el\u00e1sticas<\/li>\n<li>Embalaje 20 unidades<\/li>\n<li>NPF 12<\/li>\n<li>APF 10<\/li>\n<\/ul>\n","protected":false},"excerpt":{"rendered":"<p>Mascarilla respiratoria plegable en bolsa individual.<\/p>\n","protected":false},"featured_media":535,"comment_status":"open","ping_status":"closed","template":"","meta":[],"product_brand":[],"product_cat":[56,30],"product_tag":[64],"class_list":{"0":"post-534","1":"product","2":"type-product","3":"status-publish","4":"has-post-thumbnail","6":"product_cat-mascarillas","7":"product_cat-proteccion","8":"product_tag-mascarilla","10":"first","11":"instock","12":"taxable","13":"shipping-taxable","14":"product-type-simple"},"supplier_id":null,"supplier_sku":"","barcode":null,"atum_controlled":true,"out_stock_date":null,"out_stock_threshold":null,"inheritable":false,"inbound_stock":0,"stock_on_hold":0,"sold_today":0,"sales_last_days":0,"reserved_stock":0,"customer_returns":0,"warehouse_damage":0,"lost_in_post":0,"other_logs":0,"out_stock_days":0,"lost_sales":0,"has_location":false,"update_date":"2026-04-05T01:13:53","atum_locations":[],"atum_stock_status":"instock","restock_status":false,"low_stock_amount":"","sales_update_date":"2026-04-05T01:13:53","calc_backorders":null,"_links":{"self":[{"href":"https:\/\/fittingall.com\/es\/wp-json\/wp\/v2\/product\/534","targetHints":{"allow":["GET"]}}],"collection":[{"href":"https:\/\/fittingall.com\/es\/wp-json\/wp\/v2\/product"}],"about":[{"href":"https:\/\/fittingall.com\/es\/wp-json\/wp\/v2\/types\/product"}],"replies":[{"embeddable":true,"href":"https:\/\/fittingall.com\/es\/wp-json\/wp\/v2\/comments?post=534"}],"wp:featuredmedia":[{"embeddable":true,"href":"https:\/\/fittingall.com\/es\/wp-json\/wp\/v2\/media\/535"}],"wp:attachment":[{"href":"https:\/\/fittingall.com\/es\/wp-json\/wp\/v2\/media?parent=534"}],"wp:term":[{"taxonomy":"product_brand","embeddable":true,"href":"https:\/\/fittingall.com\/es\/wp-json\/wp\/v2\/product_brand?post=534"},{"taxonomy":"product_cat","embeddable":true,"href":"https:\/\/fittingall.com\/es\/wp-json\/wp\/v2\/product_cat?post=534"},{"taxonomy":"product_tag","embeddable":true,"href":"https:\/\/fittingall.com\/es\/wp-json\/wp\/v2\/product_tag?post=534"}],"curies":[{"name":"wp","href":"https:\/\/api.w.org\/{rel}","templated":true}]}}