{"id":541,"date":"2019-09-08T23:23:12","date_gmt":"2019-09-08T22:23:12","guid":{"rendered":"https:\/\/fittingall.com\/?post_type=product&#038;p=541"},"modified":"2022-12-09T17:32:25","modified_gmt":"2022-12-09T16:32:25","slug":"mascara-completa-3m-6800s","status":"publish","type":"product","link":"https:\/\/fittingall.com\/es\/producto\/mascara-completa-3m-6800s\/","title":{"rendered":"M\u00e1scara completa (3M\u2122 6800S)"},"content":{"rendered":"<p>Suspensi\u00f3n de cuatro correas que permite quitarse y ponerse la m\u00e1scara con facilidad.<\/p>\n<p>Pantalla de policarbonato de gran tama\u00f1o que ofrece buena visibilidad y es resistente a impactos seg\u00fan la norma EN166:B. La v\u00e1lvula 3M\u2122 Cool Flow\u2122 ayuda a reducir la acumulaci\u00f3n de calor y humedad a la vez que reduce la resistencia a la respiraci\u00f3n.<\/p>\n<p>Se pueden usar con una amplia gama de filtros dobles ligeros, que puede elegir seg\u00fan sus necesidades espec\u00edficas.<\/p>\n<p>Para proteger frente a gases, vapores y part\u00edculas.<\/p>\n<p>Piezas de repuesto y accesorios disponibles para ayudarle a mantener el nivel adecuado de protecci\u00f3n y comodidad.<\/p>\n<p>Est\u00e1n disponibles en tres tama\u00f1os.<\/p>\n<p>Las m\u00e1scaras completas reutilizables 3M\u2122 de la serie 6000 incorporan una pantalla de policarbonato de gran tama\u00f1o y una pieza de ajuste facial suave, hipoalerg\u00e9nica y elastom\u00e9rica.<\/p>\n<p>Su sistema de conexi\u00f3n tipo bayoneta 3M\u2122 permite usarlas con una amplia gama de filtros dobles ligeros de 3M\u2122.<\/p>\n<p>Estas m\u00e1scaras completas ligeras cuentan con una v\u00e1lvula 3M\u2122 Cool Flow\u2122 y suspensi\u00f3n de cuatro correas.<\/p>\n<p>Si necesita protecci\u00f3n respiratoria ligera, f\u00e1cil de usar y c\u00f3moda, use las m\u00e1scaras completas reutilizables 3M\u2122 de la serie 6000.<\/p>\n<p>Cuentan con una pantalla de policarbonato de gran tama\u00f1o resistente a impactos seg\u00fan la norma EN166:B y ofrecen una buena visibilidad y un amplio campo de visi\u00f3n.<\/p>\n<p>Estas m\u00e1scaras completas incluyen una pieza de ajuste facial de silicona suave y c\u00f3moda, y una suspensi\u00f3n de cuatro correas que permite quit\u00e1rselas y pon\u00e9rselas con facilidad al moverse entre zonas seguras y contaminadas.<\/p>\n<p>Protegen contra gases, vapores y part\u00edculas, e incorporan el sistema de conexi\u00f3n tipo bayoneta 3M\u2122, que permite acoplar una amplia variedad de filtros dobles y ligeros, en funci\u00f3n de sus necesidades espec\u00edficas.<\/p>\n<p>La v\u00e1lvula 3M\u2122 Cool Flow\u2122 ayuda a reducir la acumulaci\u00f3n de calor y humedad, a la vez que reduce la resistencia a la respiraci\u00f3n.<\/p>\n<p>La serie 6000 cuenta con una amplia gama de piezas de repuesto y accesorios especialmente dise\u00f1ados para ayudarle a mantener el nivel adecuado de protecci\u00f3n y comodidad en caso de que\u00a0las piezas se desgasten o se da\u00f1en.<\/p>\n<p>&nbsp;<\/p>\n<p><iframe loading=\"lazy\" title=\"3M\u2122 | Respirador Rostro Completo Serie 6000\" width=\"500\" height=\"281\" src=\"https:\/\/www.youtube.com\/embed\/W8DLLm_fj74?feature=oembed\" frameborder=\"0\" allow=\"accelerometer; autoplay; clipboard-write; encrypted-media; gyroscope; picture-in-picture; web-share\" referrerpolicy=\"strict-origin-when-cross-origin\" allowfullscreen><\/iframe><\/p>\n","protected":false},"excerpt":{"rendered":"<p>Pieza de ajuste facial de silicona suave y c\u00f3moda.<\/p>\n","protected":false},"featured_media":542,"comment_status":"open","ping_status":"closed","template":"","meta":[],"product_brand":[],"product_cat":[56,30],"product_tag":[],"class_list":{"0":"post-541","1":"product","2":"type-product","3":"status-publish","4":"has-post-thumbnail","6":"product_cat-mascarillas","7":"product_cat-proteccion","9":"first","10":"instock","11":"taxable","12":"shipping-taxable","13":"product-type-simple"},"supplier_id":null,"supplier_sku":"","barcode":null,"atum_controlled":true,"out_stock_date":null,"out_stock_threshold":null,"inheritable":false,"inbound_stock":0,"stock_on_hold":0,"sold_today":0,"sales_last_days":0,"reserved_stock":0,"customer_returns":0,"warehouse_damage":0,"lost_in_post":0,"other_logs":0,"out_stock_days":0,"lost_sales":0,"has_location":false,"update_date":"2026-05-10T09:31:57","atum_locations":[],"atum_stock_status":"instock","restock_status":false,"low_stock_amount":"","sales_update_date":"2026-05-10T09:31:57","calc_backorders":null,"_links":{"self":[{"href":"https:\/\/fittingall.com\/es\/wp-json\/wp\/v2\/product\/541","targetHints":{"allow":["GET"]}}],"collection":[{"href":"https:\/\/fittingall.com\/es\/wp-json\/wp\/v2\/product"}],"about":[{"href":"https:\/\/fittingall.com\/es\/wp-json\/wp\/v2\/types\/product"}],"replies":[{"embeddable":true,"href":"https:\/\/fittingall.com\/es\/wp-json\/wp\/v2\/comments?post=541"}],"wp:featuredmedia":[{"embeddable":true,"href":"https:\/\/fittingall.com\/es\/wp-json\/wp\/v2\/media\/542"}],"wp:attachment":[{"href":"https:\/\/fittingall.com\/es\/wp-json\/wp\/v2\/media?parent=541"}],"wp:term":[{"taxonomy":"product_brand","embeddable":true,"href":"https:\/\/fittingall.com\/es\/wp-json\/wp\/v2\/product_brand?post=541"},{"taxonomy":"product_cat","embeddable":true,"href":"https:\/\/fittingall.com\/es\/wp-json\/wp\/v2\/product_cat?post=541"},{"taxonomy":"product_tag","embeddable":true,"href":"https:\/\/fittingall.com\/es\/wp-json\/wp\/v2\/product_tag?post=541"}],"curies":[{"name":"wp","href":"https:\/\/api.w.org\/{rel}","templated":true}]}}