{"id":543,"date":"2019-09-08T23:25:29","date_gmt":"2019-09-08T22:25:29","guid":{"rendered":"https:\/\/fittingall.com\/?post_type=product&#038;p=543"},"modified":"2022-12-23T10:38:41","modified_gmt":"2022-12-23T09:38:41","slug":"gafas-de-seguridad-panoramicas-3m-2890-s","status":"publish","type":"product","link":"https:\/\/fittingall.com\/es\/producto\/gafas-de-seguridad-panoramicas-3m-2890-s\/","title":{"rendered":"Gafas de seguridad panor\u00e1micas (3M 2890 S)"},"content":{"rendered":"<ul>\n<li>Claridad \u00f3ptica que permite un uso prolongado con gran comodidad.<\/li>\n<li>Ventilaci\u00f3n indirecta\u00a0reduciendo\u00a0el empa\u00f1amiento en condiciones de calor o humedad.<\/li>\n<li>Lente de acetato que\u00a0protege contra part\u00edculas de alta velocidad de impacto medio\u00a0(En 166 1BT) y metal fundido.<\/li>\n<li>Revestimiento\u00a0antivaho y extremadamente resistente a los ara\u00f1azos que aseguran una visi\u00f3n m\u00e1s clara. Protecci\u00f3n UV frente a determinados niveles de radiaci\u00f3n UV.<\/li>\n<li>Caja de 10 unidades.<\/li>\n<\/ul>\n<p>&nbsp;<\/p>\n<p><iframe loading=\"lazy\" title=\"3M Solus Eyewear Science Video\" width=\"500\" height=\"281\" src=\"https:\/\/www.youtube.com\/embed\/4rpnDr0N10g?feature=oembed\" frameborder=\"0\" allow=\"accelerometer; autoplay; clipboard-write; encrypted-media; gyroscope; picture-in-picture; web-share\" referrerpolicy=\"strict-origin-when-cross-origin\" allowfullscreen><\/iframe><\/p>\n","protected":false},"excerpt":{"rendered":"<p>Gafas panor\u00e1micas muy ligeras y f\u00e1ciles de llevar. Con ventilaci\u00f3n indirecta y lente de acetato.<\/p>\n","protected":false},"featured_media":544,"comment_status":"open","ping_status":"closed","template":"","meta":[],"product_brand":[],"product_cat":[71,30],"product_tag":[],"class_list":{"0":"post-543","1":"product","2":"type-product","3":"status-publish","4":"has-post-thumbnail","6":"product_cat-gafas","7":"product_cat-proteccion","9":"first","10":"instock","11":"taxable","12":"shipping-taxable","13":"product-type-simple"},"supplier_id":null,"supplier_sku":"","barcode":null,"atum_controlled":true,"out_stock_date":null,"out_stock_threshold":null,"inheritable":false,"inbound_stock":0,"stock_on_hold":0,"sold_today":0,"sales_last_days":0,"reserved_stock":0,"customer_returns":0,"warehouse_damage":0,"lost_in_post":0,"other_logs":0,"out_stock_days":0,"lost_sales":0,"has_location":false,"update_date":"2026-05-10T09:31:57","atum_locations":[],"atum_stock_status":"instock","restock_status":false,"low_stock_amount":"","sales_update_date":"2026-05-10T09:31:57","calc_backorders":null,"_links":{"self":[{"href":"https:\/\/fittingall.com\/es\/wp-json\/wp\/v2\/product\/543","targetHints":{"allow":["GET"]}}],"collection":[{"href":"https:\/\/fittingall.com\/es\/wp-json\/wp\/v2\/product"}],"about":[{"href":"https:\/\/fittingall.com\/es\/wp-json\/wp\/v2\/types\/product"}],"replies":[{"embeddable":true,"href":"https:\/\/fittingall.com\/es\/wp-json\/wp\/v2\/comments?post=543"}],"wp:featuredmedia":[{"embeddable":true,"href":"https:\/\/fittingall.com\/es\/wp-json\/wp\/v2\/media\/544"}],"wp:attachment":[{"href":"https:\/\/fittingall.com\/es\/wp-json\/wp\/v2\/media?parent=543"}],"wp:term":[{"taxonomy":"product_brand","embeddable":true,"href":"https:\/\/fittingall.com\/es\/wp-json\/wp\/v2\/product_brand?post=543"},{"taxonomy":"product_cat","embeddable":true,"href":"https:\/\/fittingall.com\/es\/wp-json\/wp\/v2\/product_cat?post=543"},{"taxonomy":"product_tag","embeddable":true,"href":"https:\/\/fittingall.com\/es\/wp-json\/wp\/v2\/product_tag?post=543"}],"curies":[{"name":"wp","href":"https:\/\/api.w.org\/{rel}","templated":true}]}}