{"id":549,"date":"2019-09-08T23:40:14","date_gmt":"2019-09-08T22:40:14","guid":{"rendered":"https:\/\/fittingall.com\/?post_type=product&#038;p=549"},"modified":"2022-11-06T21:21:10","modified_gmt":"2022-11-06T20:21:10","slug":"buzo-de-proteccion-3m-4530","status":"publish","type":"product","link":"https:\/\/fittingall.com\/es\/producto\/buzo-de-proteccion-3m-4530\/","title":{"rendered":"Buzo de protecci\u00f3n (3M 4530)"},"content":{"rendered":"<p>Traje con una combinaci\u00f3n \u00fanica de materiales y tratamientos especiales que proporcionan mayor seguridad y comodidad en muchas de las tareas y aplicaciones m\u00e1s comunes en la industria.<\/p>\n<p>Norma: EN 533 EN1149-1<\/p>\n<p>Cajas de 20 unidades.<\/p>\n<p><a href=\"https:\/\/www.youtube.com\/watch?v=u3XCrW4EgaM\">https:\/\/www.youtube.com\/watch?v=u3XCrW4EgaM<\/a><\/p>\n","protected":false},"excerpt":{"rendered":"<p>Transpirable toda la jornada con material retardante a la llama o resistencia mejorada a alcoholes y aceites.<\/p>\n<div class=\"logismarket--ficha-producto--product-details--brand\"><\/div>\n","protected":false},"featured_media":550,"comment_status":"open","ping_status":"closed","template":"","meta":[],"product_brand":[],"product_cat":[66,30],"product_tag":[65],"class_list":{"0":"post-549","1":"product","2":"type-product","3":"status-publish","4":"has-post-thumbnail","6":"product_cat-buzos","7":"product_cat-proteccion","8":"product_tag-traje","10":"first","11":"instock","12":"taxable","13":"shipping-taxable","14":"product-type-simple"},"supplier_id":null,"supplier_sku":"","barcode":null,"atum_controlled":true,"out_stock_date":null,"out_stock_threshold":null,"inheritable":false,"inbound_stock":0,"stock_on_hold":0,"sold_today":0,"sales_last_days":0,"reserved_stock":0,"customer_returns":0,"warehouse_damage":0,"lost_in_post":0,"other_logs":0,"out_stock_days":0,"lost_sales":0,"has_location":false,"update_date":"2026-04-05T01:13:54","atum_locations":[],"atum_stock_status":"instock","restock_status":false,"low_stock_amount":"","sales_update_date":"2026-04-05T01:13:54","calc_backorders":null,"_links":{"self":[{"href":"https:\/\/fittingall.com\/es\/wp-json\/wp\/v2\/product\/549","targetHints":{"allow":["GET"]}}],"collection":[{"href":"https:\/\/fittingall.com\/es\/wp-json\/wp\/v2\/product"}],"about":[{"href":"https:\/\/fittingall.com\/es\/wp-json\/wp\/v2\/types\/product"}],"replies":[{"embeddable":true,"href":"https:\/\/fittingall.com\/es\/wp-json\/wp\/v2\/comments?post=549"}],"wp:featuredmedia":[{"embeddable":true,"href":"https:\/\/fittingall.com\/es\/wp-json\/wp\/v2\/media\/550"}],"wp:attachment":[{"href":"https:\/\/fittingall.com\/es\/wp-json\/wp\/v2\/media?parent=549"}],"wp:term":[{"taxonomy":"product_brand","embeddable":true,"href":"https:\/\/fittingall.com\/es\/wp-json\/wp\/v2\/product_brand?post=549"},{"taxonomy":"product_cat","embeddable":true,"href":"https:\/\/fittingall.com\/es\/wp-json\/wp\/v2\/product_cat?post=549"},{"taxonomy":"product_tag","embeddable":true,"href":"https:\/\/fittingall.com\/es\/wp-json\/wp\/v2\/product_tag?post=549"}],"curies":[{"name":"wp","href":"https:\/\/api.w.org\/{rel}","templated":true}]}}