{"id":551,"date":"2019-09-08T23:42:44","date_gmt":"2019-09-08T22:42:44","guid":{"rendered":"https:\/\/fittingall.com\/?post_type=product&#038;p=551"},"modified":"2021-07-14T11:28:15","modified_gmt":"2021-07-14T10:28:15","slug":"buzo-tyvek-dupont-classic-xpert","status":"publish","type":"product","link":"https:\/\/fittingall.com\/es\/producto\/buzo-tyvek-dupont-classic-xpert\/","title":{"rendered":"Buzo Tyvek (DuPont Classic Xpert)"},"content":{"rendered":"<p>El mono Tyvek Classic act\u00faa como una barrera contra productos qu\u00edmicos inorg\u00e1nicos en baja concentraci\u00f3n y contra part\u00edculas de m\u00e1s de 1\u00a0\u00b5m (0,001 mm).<\/p>\n<p>Tambi\u00e9n protege contra la contaminaci\u00f3n radiactiva producida por part\u00edculas.<\/p>\n<p>Debido a sus propiedades antiest\u00e1ticas es adecuado para trabajos en ambientes potencialmente explosivos.<\/p>\n<p>Tratamiento antiest\u00e1tico en ambas caras de la prenda seg\u00fan normativa EN-1149-5:2008.<\/p>\n<p>Dispone de capucha con el\u00e1stico, cremallera oculta con tapeta y el\u00e1stico en tobillos y mu\u00f1ecas. Buzo especialmente indicado para protecci\u00f3n frente a productos qu\u00edmicos.<\/p>\n<p>Normas: EN-1149-1; EN-1073-2; EN-14126<\/p>\n<p>Tallas: M-L-XL-XXL<\/p>\n<p>&nbsp;<\/p>\n<p><iframe loading=\"lazy\" title=\"DuPont\u2122 Tyvek\u00ae Classic Xpert Hooded Coverall\" width=\"500\" height=\"281\" src=\"https:\/\/www.youtube.com\/embed\/g5WgGM4fa2E?feature=oembed\" frameborder=\"0\" allow=\"accelerometer; autoplay; clipboard-write; encrypted-media; gyroscope; picture-in-picture; web-share\" referrerpolicy=\"strict-origin-when-cross-origin\" allowfullscreen><\/iframe><\/p>\n","protected":false},"excerpt":{"rendered":"<p>Dispone de capucha con el\u00e1stico, cremallera oculta con tapeta y el\u00e1stico en tobillos y mu\u00f1ecas.<\/p>\n","protected":false},"featured_media":552,"comment_status":"open","ping_status":"closed","template":"","meta":[],"product_brand":[],"product_cat":[66,30],"product_tag":[65],"class_list":{"0":"post-551","1":"product","2":"type-product","3":"status-publish","4":"has-post-thumbnail","6":"product_cat-buzos","7":"product_cat-proteccion","8":"product_tag-traje","10":"first","11":"instock","12":"taxable","13":"shipping-taxable","14":"product-type-simple"},"supplier_id":null,"supplier_sku":"","barcode":null,"atum_controlled":true,"out_stock_date":null,"out_stock_threshold":null,"inheritable":false,"inbound_stock":0,"stock_on_hold":0,"sold_today":0,"sales_last_days":0,"reserved_stock":0,"customer_returns":0,"warehouse_damage":0,"lost_in_post":0,"other_logs":0,"out_stock_days":0,"lost_sales":0,"has_location":false,"update_date":"2026-04-05T01:13:54","atum_locations":[],"atum_stock_status":"instock","restock_status":false,"low_stock_amount":"","sales_update_date":"2026-04-05T01:13:54","calc_backorders":null,"_links":{"self":[{"href":"https:\/\/fittingall.com\/es\/wp-json\/wp\/v2\/product\/551","targetHints":{"allow":["GET"]}}],"collection":[{"href":"https:\/\/fittingall.com\/es\/wp-json\/wp\/v2\/product"}],"about":[{"href":"https:\/\/fittingall.com\/es\/wp-json\/wp\/v2\/types\/product"}],"replies":[{"embeddable":true,"href":"https:\/\/fittingall.com\/es\/wp-json\/wp\/v2\/comments?post=551"}],"wp:featuredmedia":[{"embeddable":true,"href":"https:\/\/fittingall.com\/es\/wp-json\/wp\/v2\/media\/552"}],"wp:attachment":[{"href":"https:\/\/fittingall.com\/es\/wp-json\/wp\/v2\/media?parent=551"}],"wp:term":[{"taxonomy":"product_brand","embeddable":true,"href":"https:\/\/fittingall.com\/es\/wp-json\/wp\/v2\/product_brand?post=551"},{"taxonomy":"product_cat","embeddable":true,"href":"https:\/\/fittingall.com\/es\/wp-json\/wp\/v2\/product_cat?post=551"},{"taxonomy":"product_tag","embeddable":true,"href":"https:\/\/fittingall.com\/es\/wp-json\/wp\/v2\/product_tag?post=551"}],"curies":[{"name":"wp","href":"https:\/\/api.w.org\/{rel}","templated":true}]}}