{"id":553,"date":"2019-09-08T23:45:07","date_gmt":"2019-09-08T22:45:07","guid":{"rendered":"https:\/\/fittingall.com\/?post_type=product&#038;p=553"},"modified":"2022-06-20T13:27:49","modified_gmt":"2022-06-20T12:27:49","slug":"buzo-de-proteccion-3m-4565-tipo-4-5-6","status":"publish","type":"product","link":"https:\/\/fittingall.com\/es\/producto\/buzo-de-proteccion-3m-4565-tipo-4-5-6\/","title":{"rendered":"Buzo de protecci\u00f3n (3M 4565 tipo 4-5-6)"},"content":{"rendered":"<p>El traje de protecci\u00f3n 3M 4565 est\u00e1 dise\u00f1ado para ayudar a proteger contra polvos peligrosos (Tipo 5), y salpicaduras ligeras de l\u00edquidos (Tipo 6) y aerosoles l\u00edquidos a baja presi\u00f3n (Tipo 4).<\/p>\n<p>Fabricado completamente en un nuevo material microporoso laminado, liviano y respirable, cuenta con costuras selladas para una protecci\u00f3n adicional y pu\u00f1os tejidos para mayor comodidad.<\/p>\n<p>El\u00e1stico en la cintura y los tobillos para mayor comodidad y libertad de movimientos.<\/p>\n<p>Capucha de tres paneles de compatibilidad con EPI complementario.<\/p>\n<p>Bajo nivel de desprendimiento de fibras, propiedades y revestimiento antiest\u00e1tico en ambos lados.<\/p>\n<p>Adecuado para\u00a0<strong>protecci\u00f3n biol\u00f3gica<\/strong>.<\/p>\n<p>Aplicaci\u00f3n de\u00a0<strong>fitosanitarios<\/strong>,\u00a0<strong>trabajos con amianto<\/strong>\u00a0o\u00a0<strong>preparaci\u00f3n y mezcla de productos qu\u00edmicos<\/strong>.<\/p>\n<p>&nbsp;<\/p>\n<p><iframe loading=\"lazy\" title=\"Cost-Effective Alternative to 3M 4565 Coverall: Microporous Coverall with Red Taped Seams\" width=\"500\" height=\"281\" src=\"https:\/\/www.youtube.com\/embed\/faFFP7LmPMo?feature=oembed\" frameborder=\"0\" allow=\"accelerometer; autoplay; clipboard-write; encrypted-media; gyroscope; picture-in-picture; web-share\" referrerpolicy=\"strict-origin-when-cross-origin\" allowfullscreen><\/iframe><\/p>\n","protected":false},"excerpt":{"rendered":"<p>Fabricado completamente en un nuevo material microporoso laminado, liviano y respirable.<\/p>\n","protected":false},"featured_media":554,"comment_status":"open","ping_status":"closed","template":"","meta":[],"product_brand":[],"product_cat":[66,30],"product_tag":[65],"class_list":{"0":"post-553","1":"product","2":"type-product","3":"status-publish","4":"has-post-thumbnail","6":"product_cat-buzos","7":"product_cat-proteccion","8":"product_tag-traje","10":"first","11":"instock","12":"taxable","13":"shipping-taxable","14":"product-type-simple"},"supplier_id":null,"supplier_sku":"","barcode":null,"atum_controlled":true,"out_stock_date":null,"out_stock_threshold":null,"inheritable":false,"inbound_stock":0,"stock_on_hold":0,"sold_today":0,"sales_last_days":0,"reserved_stock":0,"customer_returns":0,"warehouse_damage":0,"lost_in_post":0,"other_logs":0,"out_stock_days":0,"lost_sales":0,"has_location":false,"update_date":"2026-05-10T09:31:57","atum_locations":[],"atum_stock_status":"instock","restock_status":false,"low_stock_amount":"","sales_update_date":"2026-05-10T09:31:57","calc_backorders":null,"_links":{"self":[{"href":"https:\/\/fittingall.com\/es\/wp-json\/wp\/v2\/product\/553","targetHints":{"allow":["GET"]}}],"collection":[{"href":"https:\/\/fittingall.com\/es\/wp-json\/wp\/v2\/product"}],"about":[{"href":"https:\/\/fittingall.com\/es\/wp-json\/wp\/v2\/types\/product"}],"replies":[{"embeddable":true,"href":"https:\/\/fittingall.com\/es\/wp-json\/wp\/v2\/comments?post=553"}],"wp:featuredmedia":[{"embeddable":true,"href":"https:\/\/fittingall.com\/es\/wp-json\/wp\/v2\/media\/554"}],"wp:attachment":[{"href":"https:\/\/fittingall.com\/es\/wp-json\/wp\/v2\/media?parent=553"}],"wp:term":[{"taxonomy":"product_brand","embeddable":true,"href":"https:\/\/fittingall.com\/es\/wp-json\/wp\/v2\/product_brand?post=553"},{"taxonomy":"product_cat","embeddable":true,"href":"https:\/\/fittingall.com\/es\/wp-json\/wp\/v2\/product_cat?post=553"},{"taxonomy":"product_tag","embeddable":true,"href":"https:\/\/fittingall.com\/es\/wp-json\/wp\/v2\/product_tag?post=553"}],"curies":[{"name":"wp","href":"https:\/\/api.w.org\/{rel}","templated":true}]}}