{"id":574,"date":"2019-09-09T23:55:04","date_gmt":"2019-09-09T22:55:04","guid":{"rendered":"https:\/\/fittingall.com\/?post_type=product&#038;p=574"},"modified":"2022-10-21T01:27:19","modified_gmt":"2022-10-21T00:27:19","slug":"mascarilla-uvex-2210","status":"publish","type":"product","link":"https:\/\/fittingall.com\/es\/producto\/mascarilla-uvex-2210\/","title":{"rendered":"Mascarilla (Uvex 2210)"},"content":{"rendered":"<ul>\n<li>Estas m\u00e1scaras respiratorias cuentan con banda para la cabeza sin costuras para un ajuste c\u00f3modo, seguro y bordes blandos para mayor comodidad y aceptaci\u00f3n del usuario<\/li>\n<li>Estas m\u00e1scaras cumplen los requisitos de la prueba de polvo de dolomita<\/li>\n<li>El dise\u00f1o garantiza un ajuste compatible con gafas Uvex<\/li>\n<li>Dise\u00f1o innovador ori-nasal del puente de la nariz y el contorno de sellado suave para cualquier forma de cara<\/li>\n<li>V\u00e1lvula de exhalaci\u00f3n para el intercambio f\u00e1cil flujo de aire que reduce la acumulaci\u00f3n de calor y humedad dentro de la m\u00e1scara<\/li>\n<li>Pinza nasal ajustable que garantiza un ajuste excelente personalizado<\/li>\n<li>Sello de la cara superior que ofrece tanto una colocaci\u00f3n segura como confort<\/li>\n<li>Filtro de carb\u00f3n activo, adecuado para aplicaciones de soldadura<\/li>\n<li>El labio de sellado de espuma suave reduce el riesgo de fugas y promueve un ajuste apropiado (modelos FFP3)<\/li>\n<\/ul>\n<p><iframe loading=\"lazy\" title=\"How to wear a dust mask - FFP2 mask uvex 2210 (English)\" width=\"500\" height=\"281\" src=\"https:\/\/www.youtube.com\/embed\/tO1ahJTFgpo?feature=oembed\" frameborder=\"0\" allow=\"accelerometer; autoplay; clipboard-write; encrypted-media; gyroscope; picture-in-picture; web-share\" referrerpolicy=\"strict-origin-when-cross-origin\" allowfullscreen><\/iframe><\/p>\n","protected":false},"excerpt":{"rendered":"<p>Esta mascarilla cumple los requisitos de la prueba de polvo de dolomita.<\/p>\n","protected":false},"featured_media":575,"comment_status":"open","ping_status":"closed","template":"","meta":[],"product_brand":[],"product_cat":[56,30],"product_tag":[],"class_list":{"0":"post-574","1":"product","2":"type-product","3":"status-publish","4":"has-post-thumbnail","6":"product_cat-mascarillas","7":"product_cat-proteccion","9":"first","10":"instock","11":"taxable","12":"shipping-taxable","13":"product-type-simple"},"supplier_id":null,"supplier_sku":"","barcode":null,"atum_controlled":true,"out_stock_date":null,"out_stock_threshold":null,"inheritable":false,"inbound_stock":0,"stock_on_hold":0,"sold_today":0,"sales_last_days":0,"reserved_stock":0,"customer_returns":0,"warehouse_damage":0,"lost_in_post":0,"other_logs":0,"out_stock_days":0,"lost_sales":0,"has_location":false,"update_date":"2026-04-05T01:13:54","atum_locations":[],"atum_stock_status":"instock","restock_status":false,"low_stock_amount":"","sales_update_date":"2026-04-05T01:13:54","calc_backorders":null,"_links":{"self":[{"href":"https:\/\/fittingall.com\/es\/wp-json\/wp\/v2\/product\/574","targetHints":{"allow":["GET"]}}],"collection":[{"href":"https:\/\/fittingall.com\/es\/wp-json\/wp\/v2\/product"}],"about":[{"href":"https:\/\/fittingall.com\/es\/wp-json\/wp\/v2\/types\/product"}],"replies":[{"embeddable":true,"href":"https:\/\/fittingall.com\/es\/wp-json\/wp\/v2\/comments?post=574"}],"wp:featuredmedia":[{"embeddable":true,"href":"https:\/\/fittingall.com\/es\/wp-json\/wp\/v2\/media\/575"}],"wp:attachment":[{"href":"https:\/\/fittingall.com\/es\/wp-json\/wp\/v2\/media?parent=574"}],"wp:term":[{"taxonomy":"product_brand","embeddable":true,"href":"https:\/\/fittingall.com\/es\/wp-json\/wp\/v2\/product_brand?post=574"},{"taxonomy":"product_cat","embeddable":true,"href":"https:\/\/fittingall.com\/es\/wp-json\/wp\/v2\/product_cat?post=574"},{"taxonomy":"product_tag","embeddable":true,"href":"https:\/\/fittingall.com\/es\/wp-json\/wp\/v2\/product_tag?post=574"}],"curies":[{"name":"wp","href":"https:\/\/api.w.org\/{rel}","templated":true}]}}