{"id":580,"date":"2019-09-10T00:02:21","date_gmt":"2019-09-09T23:02:21","guid":{"rendered":"https:\/\/fittingall.com\/?post_type=product&#038;p=580"},"modified":"2021-05-06T15:32:25","modified_gmt":"2021-05-06T14:32:25","slug":"mascarilla-plegable-con-valvula-y-carbon-activo-alpha-solway-a-2cv","status":"publish","type":"product","link":"https:\/\/fittingall.com\/es\/producto\/mascarilla-plegable-con-valvula-y-carbon-activo-alpha-solway-a-2cv\/","title":{"rendered":"Mascarilla plegable con v\u00e1lvula y carb\u00f3n activo (Alpha Solway A-2CV)"},"content":{"rendered":"<p>Gama de mascarillas plegables compuesta por seis modelos clasificados por colores (blanco FFP1, azul FFP2, gris FFP2 con carb\u00f3n activado y naranja FFP3) para una f\u00e1cil distinci\u00f3n que evite confusiones.<\/p>\n<p>Las mascarillas de la Serie A permiten un ajuste facial \u00f3ptimo, garantizando un gran campo de visi\u00f3n, siendo adem\u00e1s compatibles para uso conjunto con otros EPIs.<\/p>\n<p>Gracias a su concha exterior de polietileno, alternativa eficaz frente a los modelos tradicionales de capas estructurales, se facilita la respiraci\u00f3n imposibilitando obstrucciones, impidiendo la transmisi\u00f3n de impurezas al contacto directo con las manos sucias para evitar la saturaci\u00f3n prematura de la mascarilla, obstaculizando el colapso por la humedad del aliento, conservando la forma incluso bajo condiciones extremas.<\/p>\n<p>Cabe citar su ajuste nasal autom\u00e1tico que impide fugas al exhalar, evitando as\u00ed empa\u00f1amientos oculares.<\/p>\n<p>Para mayor confort, higiene y facilidad de uso, disponen de cinta corredera de una \u00fanica tira libre de l\u00e1tex y con cierre clip.<\/p>\n<p>Para uso conforme a los preceptos de los sectores agroalimentario y farmac\u00e9utico, las mascarillas de la Serie A no contienen parte met\u00e1lica alguna. Las tres clases (FFP1, 2 y 3), est\u00e1n\u00a0disponibles con v\u00e1lvula de exhalaci\u00f3n, componente que reduce la temperatura buconasal, as\u00ed como la concentraci\u00f3n de CO2, am\u00e9n del efecto fatiga que ocasiona la cautividad buconasal por el uso prolongado.<\/p>\n","protected":false},"excerpt":{"rendered":"<p>Mascarillas plegables clasificadas por colores (blanco FFP1, azul FFP2, gris FFP2 con carb\u00f3n activado y naranja FFP3).<\/p>\n","protected":false},"featured_media":581,"comment_status":"open","ping_status":"closed","template":"","meta":[],"product_brand":[],"product_cat":[56,30],"product_tag":[],"class_list":{"0":"post-580","1":"product","2":"type-product","3":"status-publish","4":"has-post-thumbnail","6":"product_cat-mascarillas","7":"product_cat-proteccion","9":"first","10":"instock","11":"taxable","12":"shipping-taxable","13":"product-type-simple"},"supplier_id":null,"supplier_sku":"","barcode":null,"atum_controlled":true,"out_stock_date":null,"out_stock_threshold":null,"inheritable":false,"inbound_stock":0,"stock_on_hold":0,"sold_today":0,"sales_last_days":0,"reserved_stock":0,"customer_returns":0,"warehouse_damage":0,"lost_in_post":0,"other_logs":0,"out_stock_days":0,"lost_sales":0,"has_location":false,"update_date":"2026-05-10T09:31:57","atum_locations":[],"atum_stock_status":"instock","restock_status":false,"low_stock_amount":"","sales_update_date":"2026-05-10T09:31:57","calc_backorders":null,"_links":{"self":[{"href":"https:\/\/fittingall.com\/es\/wp-json\/wp\/v2\/product\/580","targetHints":{"allow":["GET"]}}],"collection":[{"href":"https:\/\/fittingall.com\/es\/wp-json\/wp\/v2\/product"}],"about":[{"href":"https:\/\/fittingall.com\/es\/wp-json\/wp\/v2\/types\/product"}],"replies":[{"embeddable":true,"href":"https:\/\/fittingall.com\/es\/wp-json\/wp\/v2\/comments?post=580"}],"wp:featuredmedia":[{"embeddable":true,"href":"https:\/\/fittingall.com\/es\/wp-json\/wp\/v2\/media\/581"}],"wp:attachment":[{"href":"https:\/\/fittingall.com\/es\/wp-json\/wp\/v2\/media?parent=580"}],"wp:term":[{"taxonomy":"product_brand","embeddable":true,"href":"https:\/\/fittingall.com\/es\/wp-json\/wp\/v2\/product_brand?post=580"},{"taxonomy":"product_cat","embeddable":true,"href":"https:\/\/fittingall.com\/es\/wp-json\/wp\/v2\/product_cat?post=580"},{"taxonomy":"product_tag","embeddable":true,"href":"https:\/\/fittingall.com\/es\/wp-json\/wp\/v2\/product_tag?post=580"}],"curies":[{"name":"wp","href":"https:\/\/api.w.org\/{rel}","templated":true}]}}