{"id":584,"date":"2019-09-16T22:48:17","date_gmt":"2019-09-16T21:48:17","guid":{"rendered":"https:\/\/fittingall.com\/?post_type=product&#038;p=584"},"modified":"2022-04-06T10:33:09","modified_gmt":"2022-04-06T09:33:09","slug":"cabina","status":"publish","type":"product","link":"https:\/\/fittingall.com\/es\/producto\/cabina\/","title":{"rendered":"VALIDACI\u00d3N Y CONTROL  METROLOGICO"},"content":{"rendered":"<div class=\"row\">\n<div class=\"column columns-6\">\n<p><strong>Validaci\u00f3n<\/strong><\/p>\n<ul>\n<li>Cabinas de Protecci\u00f3n<\/li>\n<li>Campanas de Seguridad Biol\u00f3gica<\/li>\n<li>Salas Blancas.<\/li>\n<li>Salas Limpias.<\/li>\n<li>Laboratorios Farmace\u00faticos.<\/li>\n<li>Salas de Ambiente controlado.<\/li>\n<li>Cabinas de clase 3.<\/li>\n<li>Quir\u00f3fanos.<\/li>\n<li>Esterilizadores de Vapor.<\/li>\n<li>Aguas.<\/li>\n<li>Endoscopias.<\/li>\n<li>Bancos de sangre.<\/li>\n<li>Controles Microbiol\u00f3gicos.<\/li>\n<\/ul>\n<\/div>\n<div class=\"column columns-6\">\n<p><strong>Control Metrol\u00f3gico<\/strong><\/p>\n<ul>\n<li>Carros de Anestesia \/ Vaporizadores \/ Respiradores.<\/li>\n<li>Electrobistur\u00edes \/ Coaguladores \/ Facoemulsificadores.<\/li>\n<li>Carros de Parada.<\/li>\n<li>Audi\u00f3metros.<\/li>\n<li>L\u00e1mparas Quir\u00fargicas.<\/li>\n<li>Par\u00e1metros Cl\u00ednicos de Monitorizaci\u00f3n.<\/li>\n<li>Monitorizaci\u00f3n Agentes Qu\u00edmicos. Capacidad para medir de forma simult\u00e1nea m\u00e1s de 50 agentes.<\/li>\n<li>Mediciones de campos electrom\u00e1gneticos. Estudio de lipoatrofia semicircular relacionada con los edificios.<\/li>\n<\/ul>\n<\/div>\n<\/div>\n<p>Validaci\u00f3n de Unidades Esterilizaci\u00f3n<\/p>\n<div class=\"row\">\n<div class=\"columns columns-6\">\n<p>Cumplimos la Licencia de Actividades seg\u00fan Normativa Vigente<\/p>\n<\/div>\n<div class=\"columns columns-6\">\n<p>Certificaciones de laboratorio Nacional e Internacional para todos los par\u00e1metros metrol\u00f3gicos.<\/p>\n<\/div>\n<\/div>\n","protected":false},"excerpt":{"rendered":"<p>Validaci\u00f3n Cabinas de Protecci\u00f3n Campanas de Seguridad Biol\u00f3gica Salas Blancas. Salas Limpias. Laboratorios Farmace\u00faticos. Salas de Ambiente controlado. Cabinas de clase 3. Quir\u00f3fanos. Esterilizadores de Vapor. Aguas. Endoscopias. Bancos de sangre. Controles Microbiol\u00f3gicos. Control Metrol\u00f3gico Carros de Anestesia \/ Vaporizadores \/ Respiradores. Electrobistur\u00edes \/ Coaguladores \/ Facoemulsificadores. Carros de Parada. Audi\u00f3metros. L\u00e1mparas Quir\u00fargicas. Par\u00e1metros Cl\u00ednicos [&hellip;]<\/p>\n","protected":false},"featured_media":583,"comment_status":"open","ping_status":"closed","template":"","meta":[],"product_brand":[],"product_cat":[29],"product_tag":[],"class_list":{"0":"post-584","1":"product","2":"type-product","3":"status-publish","4":"has-post-thumbnail","6":"product_cat-prevencion","8":"first","9":"instock","10":"taxable","11":"shipping-taxable","12":"product-type-simple"},"supplier_id":null,"supplier_sku":"","barcode":null,"atum_controlled":true,"out_stock_date":null,"out_stock_threshold":null,"inheritable":false,"inbound_stock":0,"stock_on_hold":0,"sold_today":0,"sales_last_days":0,"reserved_stock":0,"customer_returns":0,"warehouse_damage":0,"lost_in_post":0,"other_logs":0,"out_stock_days":0,"lost_sales":0,"has_location":false,"update_date":"2026-04-05T01:13:54","atum_locations":[],"atum_stock_status":"instock","restock_status":false,"low_stock_amount":"","sales_update_date":"2026-04-05T01:13:54","calc_backorders":null,"_links":{"self":[{"href":"https:\/\/fittingall.com\/es\/wp-json\/wp\/v2\/product\/584","targetHints":{"allow":["GET"]}}],"collection":[{"href":"https:\/\/fittingall.com\/es\/wp-json\/wp\/v2\/product"}],"about":[{"href":"https:\/\/fittingall.com\/es\/wp-json\/wp\/v2\/types\/product"}],"replies":[{"embeddable":true,"href":"https:\/\/fittingall.com\/es\/wp-json\/wp\/v2\/comments?post=584"}],"wp:featuredmedia":[{"embeddable":true,"href":"https:\/\/fittingall.com\/es\/wp-json\/wp\/v2\/media\/583"}],"wp:attachment":[{"href":"https:\/\/fittingall.com\/es\/wp-json\/wp\/v2\/media?parent=584"}],"wp:term":[{"taxonomy":"product_brand","embeddable":true,"href":"https:\/\/fittingall.com\/es\/wp-json\/wp\/v2\/product_brand?post=584"},{"taxonomy":"product_cat","embeddable":true,"href":"https:\/\/fittingall.com\/es\/wp-json\/wp\/v2\/product_cat?post=584"},{"taxonomy":"product_tag","embeddable":true,"href":"https:\/\/fittingall.com\/es\/wp-json\/wp\/v2\/product_tag?post=584"}],"curies":[{"name":"wp","href":"https:\/\/api.w.org\/{rel}","templated":true}]}}