{"id":592,"date":"2019-09-16T23:03:24","date_gmt":"2019-09-16T22:03:24","guid":{"rendered":"https:\/\/fittingall.com\/?post_type=product&#038;p=592"},"modified":"2023-03-21T10:08:25","modified_gmt":"2023-03-21T09:08:25","slug":"esterilizacion-y-desinfeccion","status":"publish","type":"product","link":"https:\/\/fittingall.com\/es\/producto\/esterilizacion-y-desinfeccion\/","title":{"rendered":"ESTERILIZACI\u00d3N Y DESINFECCI\u00d3N"},"content":{"rendered":"<ul>\n<li>Ambiental.<\/li>\n<li>Agentes Qu\u00edmicos: Radiaci\u00f3n U.V.<\/li>\n<li>Medios L\u00edquidos.<\/li>\n<li>Esterilizaci\u00f3n de Quir\u00f3fanos.<\/li>\n<li>Salas Blancas.<\/li>\n<li>Cabinas Flujo Laminar.<\/li>\n<li>Desinfecci\u00f3n \u00c1mbito Cl\u00ednico.<\/li>\n<\/ul>\n","protected":false},"excerpt":{"rendered":"<p>Ambiental. Agentes Qu\u00edmicos: Radiaci\u00f3n U.V. Medios L\u00edquidos. Esterilizaci\u00f3n de Quir\u00f3fanos. Salas Blancas. Cabinas Flujo Laminar. Desinfecci\u00f3n \u00c1mbito Cl\u00ednico.<\/p>\n","protected":false},"featured_media":593,"comment_status":"open","ping_status":"closed","template":"","meta":[],"product_brand":[],"product_cat":[29],"product_tag":[],"class_list":{"0":"post-592","1":"product","2":"type-product","3":"status-publish","4":"has-post-thumbnail","6":"product_cat-prevencion","8":"first","9":"instock","10":"taxable","11":"shipping-taxable","12":"product-type-simple"},"supplier_id":null,"supplier_sku":"","barcode":null,"atum_controlled":true,"out_stock_date":null,"out_stock_threshold":null,"inheritable":false,"inbound_stock":0,"stock_on_hold":0,"sold_today":0,"sales_last_days":0,"reserved_stock":0,"customer_returns":0,"warehouse_damage":0,"lost_in_post":0,"other_logs":0,"out_stock_days":0,"lost_sales":0,"has_location":false,"update_date":"2026-04-05T01:13:54","atum_locations":[],"atum_stock_status":"instock","restock_status":false,"low_stock_amount":"","sales_update_date":"2026-04-05T01:13:54","calc_backorders":null,"_links":{"self":[{"href":"https:\/\/fittingall.com\/es\/wp-json\/wp\/v2\/product\/592","targetHints":{"allow":["GET"]}}],"collection":[{"href":"https:\/\/fittingall.com\/es\/wp-json\/wp\/v2\/product"}],"about":[{"href":"https:\/\/fittingall.com\/es\/wp-json\/wp\/v2\/types\/product"}],"replies":[{"embeddable":true,"href":"https:\/\/fittingall.com\/es\/wp-json\/wp\/v2\/comments?post=592"}],"wp:featuredmedia":[{"embeddable":true,"href":"https:\/\/fittingall.com\/es\/wp-json\/wp\/v2\/media\/593"}],"wp:attachment":[{"href":"https:\/\/fittingall.com\/es\/wp-json\/wp\/v2\/media?parent=592"}],"wp:term":[{"taxonomy":"product_brand","embeddable":true,"href":"https:\/\/fittingall.com\/es\/wp-json\/wp\/v2\/product_brand?post=592"},{"taxonomy":"product_cat","embeddable":true,"href":"https:\/\/fittingall.com\/es\/wp-json\/wp\/v2\/product_cat?post=592"},{"taxonomy":"product_tag","embeddable":true,"href":"https:\/\/fittingall.com\/es\/wp-json\/wp\/v2\/product_tag?post=592"}],"curies":[{"name":"wp","href":"https:\/\/api.w.org\/{rel}","templated":true}]}}