{"id":616,"date":"2020-11-20T23:28:41","date_gmt":"2020-11-20T22:28:41","guid":{"rendered":"https:\/\/fittingall.com\/?post_type=product&#038;p=616"},"modified":"2022-10-26T11:37:25","modified_gmt":"2022-10-26T10:37:25","slug":"caja-para-trufas-y-caviar","status":"publish","type":"product","link":"https:\/\/fittingall.com\/es\/producto\/caja-para-trufas-y-caviar\/","title":{"rendered":"Caja Isotermica PCA002 gris (uso alimentario) ESPECIAL TRUFAS"},"content":{"rendered":"<p><img loading=\"lazy\" decoding=\"async\" class=\"alignnone size-medium wp-image-617\" src=\"https:\/\/fittingall.com\/wp-content\/uploads\/168d29c2-aef2-4dbd-ad14-17d7f9c8ef2f-225x300.jpg\" alt=\"\" width=\"225\" height=\"300\" srcset=\"https:\/\/fittingall.com\/es\/wp-content\/uploads\/168d29c2-aef2-4dbd-ad14-17d7f9c8ef2f-225x300.jpg 225w, https:\/\/fittingall.com\/es\/wp-content\/uploads\/168d29c2-aef2-4dbd-ad14-17d7f9c8ef2f.jpg 480w\" sizes=\"auto, (max-width: 225px) 100vw, 225px\" \/> <img loading=\"lazy\" decoding=\"async\" class=\"alignnone size-medium wp-image-618\" src=\"https:\/\/fittingall.com\/wp-content\/uploads\/d8f15fb6-7863-4dc9-8810-e1287f1e3429-225x300.jpg\" alt=\"\" width=\"225\" height=\"300\" srcset=\"https:\/\/fittingall.com\/es\/wp-content\/uploads\/d8f15fb6-7863-4dc9-8810-e1287f1e3429-225x300.jpg 225w, https:\/\/fittingall.com\/es\/wp-content\/uploads\/d8f15fb6-7863-4dc9-8810-e1287f1e3429.jpg 480w\" sizes=\"auto, (max-width: 225px) 100vw, 225px\" \/> <img loading=\"lazy\" decoding=\"async\" class=\"alignnone size-medium wp-image-619\" src=\"https:\/\/fittingall.com\/wp-content\/uploads\/e9e534aa-d98d-458e-b84f-dcbf9f23adbd-225x300.jpg\" alt=\"\" width=\"225\" height=\"300\" srcset=\"https:\/\/fittingall.com\/es\/wp-content\/uploads\/e9e534aa-d98d-458e-b84f-dcbf9f23adbd-225x300.jpg 225w, https:\/\/fittingall.com\/es\/wp-content\/uploads\/e9e534aa-d98d-458e-b84f-dcbf9f23adbd.jpg 480w\" sizes=\"auto, (max-width: 225px) 100vw, 225px\" \/> <img loading=\"lazy\" decoding=\"async\" class=\"alignnone size-medium wp-image-620\" src=\"https:\/\/fittingall.com\/wp-content\/uploads\/4281ab2b-05bd-452f-880e-7468757b2bd7-225x300.jpg\" alt=\"\" width=\"225\" height=\"300\" srcset=\"https:\/\/fittingall.com\/es\/wp-content\/uploads\/4281ab2b-05bd-452f-880e-7468757b2bd7-225x300.jpg 225w, https:\/\/fittingall.com\/es\/wp-content\/uploads\/4281ab2b-05bd-452f-880e-7468757b2bd7.jpg 480w\" sizes=\"auto, (max-width: 225px) 100vw, 225px\" \/> <img loading=\"lazy\" decoding=\"async\" class=\"alignnone size-medium wp-image-621\" src=\"https:\/\/fittingall.com\/wp-content\/uploads\/bd09d141-1836-4d07-ab5e-444dad474721-225x300.jpg\" alt=\"\" width=\"225\" height=\"300\" srcset=\"https:\/\/fittingall.com\/es\/wp-content\/uploads\/bd09d141-1836-4d07-ab5e-444dad474721-225x300.jpg 225w, https:\/\/fittingall.com\/es\/wp-content\/uploads\/bd09d141-1836-4d07-ab5e-444dad474721.jpg 480w\" sizes=\"auto, (max-width: 225px) 100vw, 225px\" \/><\/p>\n<div style=\"width: 800px;\" class=\"wp-video\"><video class=\"wp-video-shortcode\" id=\"video-616-1\" width=\"800\" height=\"800\" autoplay preload=\"metadata\" controls=\"controls\"><source type=\"video\/mp4\" src=\"https:\/\/fittingall.com\/wp-content\/uploads\/Video-Trufas-2.mp4?_=1\" \/><a href=\"https:\/\/fittingall.com\/wp-content\/uploads\/Video-Trufas-2.mp4\">https:\/\/fittingall.com\/wp-content\/uploads\/Video-Trufas-2.mp4<\/a><\/video><\/div>\n<div style=\"width: 848px;\" class=\"wp-video\"><video class=\"wp-video-shortcode\" id=\"video-616-2\" width=\"848\" height=\"480\" autoplay preload=\"metadata\" controls=\"controls\"><source type=\"video\/mp4\" src=\"https:\/\/fittingall.com\/wp-content\/uploads\/Video-Trufas-1.mp4?_=2\" \/><a href=\"https:\/\/fittingall.com\/wp-content\/uploads\/Video-Trufas-1.mp4\">https:\/\/fittingall.com\/wp-content\/uploads\/Video-Trufas-1.mp4<\/a><\/video><\/div>\n","protected":false},"excerpt":{"rendered":"<p>Caja isot\u00e9rmica de POREX especial para Trufas o Tarrina de Caviar.<br \/>\nCapacidad de 0,5 litros \/ 250 gr<br \/>\nIndicada para env\u00edos peque\u00f1os.<br \/>\nLa funda interior de la caja lleva el logo de apto para\u00a0 Productos Alimenticios.<\/p>\n<p>Se suministra en m\u00faltiplos de 32 unidades.<\/p>\n<p>Por su peque\u00f1o tama\u00f1o, es ideal para env\u00edos de 1 trufa grande, 2 medianas o varias peque\u00f1as. Tama\u00f1o interior 9x9x7,5 cms.<\/p>\n<p>Disponible <strong>caja cart\u00f3n exterior opcional.<\/strong><\/p>\n<p>Dise\u00f1ada para env\u00edos a Cliente final.<\/p>\n","protected":false},"featured_media":620,"comment_status":"open","ping_status":"closed","template":"","meta":[],"product_brand":[],"product_cat":[41,37],"product_tag":[],"class_list":{"0":"post-616","1":"product","2":"type-product","3":"status-publish","4":"has-post-thumbnail","6":"product_cat-caja-eps-porex","7":"product_cat-cajas-isotermicas","9":"first","10":"instock","11":"featured","12":"taxable","13":"shipping-taxable","14":"product-type-simple"},"supplier_id":null,"supplier_sku":"","barcode":null,"atum_controlled":true,"out_stock_date":null,"out_stock_threshold":null,"inheritable":false,"inbound_stock":0,"stock_on_hold":0,"sold_today":0,"sales_last_days":0,"reserved_stock":0,"customer_returns":0,"warehouse_damage":0,"lost_in_post":0,"other_logs":0,"out_stock_days":0,"lost_sales":0,"has_location":false,"update_date":"2026-04-05T01:13:53","atum_locations":[],"atum_stock_status":"instock","restock_status":false,"low_stock_amount":"","sales_update_date":"2026-04-05T01:13:53","calc_backorders":null,"_links":{"self":[{"href":"https:\/\/fittingall.com\/es\/wp-json\/wp\/v2\/product\/616","targetHints":{"allow":["GET"]}}],"collection":[{"href":"https:\/\/fittingall.com\/es\/wp-json\/wp\/v2\/product"}],"about":[{"href":"https:\/\/fittingall.com\/es\/wp-json\/wp\/v2\/types\/product"}],"replies":[{"embeddable":true,"href":"https:\/\/fittingall.com\/es\/wp-json\/wp\/v2\/comments?post=616"}],"wp:featuredmedia":[{"embeddable":true,"href":"https:\/\/fittingall.com\/es\/wp-json\/wp\/v2\/media\/620"}],"wp:attachment":[{"href":"https:\/\/fittingall.com\/es\/wp-json\/wp\/v2\/media?parent=616"}],"wp:term":[{"taxonomy":"product_brand","embeddable":true,"href":"https:\/\/fittingall.com\/es\/wp-json\/wp\/v2\/product_brand?post=616"},{"taxonomy":"product_cat","embeddable":true,"href":"https:\/\/fittingall.com\/es\/wp-json\/wp\/v2\/product_cat?post=616"},{"taxonomy":"product_tag","embeddable":true,"href":"https:\/\/fittingall.com\/es\/wp-json\/wp\/v2\/product_tag?post=616"}],"curies":[{"name":"wp","href":"https:\/\/api.w.org\/{rel}","templated":true}]}}