{"id":742,"date":"2021-09-08T17:57:23","date_gmt":"2021-09-08T16:57:23","guid":{"rendered":"https:\/\/fittingall.com\/?post_type=product&#038;p=742"},"modified":"2022-10-17T14:37:27","modified_gmt":"2022-10-17T13:37:27","slug":"aislamiento-isotermico-tempguard","status":"publish","type":"product","link":"https:\/\/fittingall.com\/es\/producto\/aislamiento-isotermico-tempguard\/","title":{"rendered":"Caja con Aislamiento Isot\u00e9rmico KTTG de TempGuard"},"content":{"rendered":"<p>La soluci\u00f3n de aislamiento TempGuard\u2122 de Sealed Air, es un material reciclable adaptable a los costados interiores y desarrollado para el env\u00edo de productos sensibles a la temperatura. El aislamiento t\u00e9rmico del producto est\u00e1 fabricado con papel kraft de alta resistencia que contiene un acolchado interior uniforme, que proporciona propiedades aislantes superiores. Este aislamiento es <strong>eficiente<\/strong>, <strong>ecol\u00f3gico<\/strong>, <strong>f\u00e1cilmente desechable<\/strong> y ocupa un <strong>espacio muy reducido<\/strong> en el almac\u00e9n del cliente.\u00a0Los datos de las propiedades de conductividad t\u00e9rmica y resistencia t\u00e9rmica de las almohadillas sin comprimir se enumeran en la Tabla 1.<\/p>\n<p>Tabla 1: Datos de las propiedades t\u00e9rmicas<\/p>\n<p><img loading=\"lazy\" decoding=\"async\" class=\"alignnone wp-image-746 size-full\" src=\"https:\/\/fittingall.com\/wp-content\/uploads\/Tabla-1.png\" alt=\"\" width=\"1059\" height=\"158\" srcset=\"https:\/\/fittingall.com\/es\/wp-content\/uploads\/Tabla-1.png 1059w, https:\/\/fittingall.com\/es\/wp-content\/uploads\/Tabla-1-300x45.png 300w, https:\/\/fittingall.com\/es\/wp-content\/uploads\/Tabla-1-1024x153.png 1024w, https:\/\/fittingall.com\/es\/wp-content\/uploads\/Tabla-1-768x115.png 768w, https:\/\/fittingall.com\/es\/wp-content\/uploads\/Tabla-1-800x119.png 800w\" sizes=\"auto, (max-width: 1059px) 100vw, 1059px\" \/><\/p>\n<p>TempGuard\u2122 es un forro de caja altamente personalizable que puede ser optimizado a trav\u00e9s del modelado t\u00e9rmico para satisfacer las necesidades de los env\u00edos de uno y dos d\u00edas. El siguiente gr\u00e1fico muestra los datos de un perfil caliente ISTA 7E t\u00edpico de una prueba en c\u00e1mara.<\/p>\n<p><img loading=\"lazy\" decoding=\"async\" class=\"aligncenter wp-image-747 size-full\" src=\"https:\/\/fittingall.com\/wp-content\/uploads\/Grafico1.png\" alt=\"\" width=\"695\" height=\"491\" srcset=\"https:\/\/fittingall.com\/es\/wp-content\/uploads\/Grafico1.png 695w, https:\/\/fittingall.com\/es\/wp-content\/uploads\/Grafico1-300x212.png 300w\" sizes=\"auto, (max-width: 695px) 100vw, 695px\" \/><\/p>\n<p>TempGuard\u2122 puede utilizarse como material de aislamiento t\u00e9rmico que no est\u00e1 en contacto directo con alimentos, productos farmac\u00e9uticos o dispositivos m\u00e9dicos. Estos art\u00edculos tambi\u00e9n deben tener un embalaje primario con un material de barrera funcional adecuado. TempGuard\u2122 puede personalizarse para satisfacer una variedad de perfiles de temperatura diferentes cuando se combina con refrigerantes para lograr las necesidades de env\u00edo t\u00e9rmico de los clientes.<\/p>\n<p>Sealed Air recomienda que cada cliente determine la idoneidad de TempGuard\u2122 para la aplicaci\u00f3n prevista utilizando un laboratorio certificado ISTA 20 y protocolos internos. Dado que las condiciones de uso y las leyes aplicables pueden diferir de un lugar a otro y pueden cambiar con el tiempo, cada cliente es responsable de determinar si los productos son apropiados para su uso y de asegurarse de que el producto y las pr\u00e1cticas para su eliminaci\u00f3n cumplen con las leyes aplicables y las promulgaciones gubernamentales.<\/p>\n<p><a href=\"https:\/\/fittingall.com\/wp-content\/uploads\/TempGuard-Technical-Data-Sheet10-10-18.pdf\"><img loading=\"lazy\" decoding=\"async\" class=\"aligncenter wp-image-740 size-full\" src=\"https:\/\/fittingall.com\/wp-content\/uploads\/adobe_pdf_document_14979.png\" alt=\"\" width=\"128\" height=\"128\" \/><\/a><\/p>\n","protected":false},"excerpt":{"rendered":"<p>La soluci\u00f3n de aislamiento TempGuard\u2122 de Sealed Air, es un material reciclable adaptable a los costados interiores y desarrollado para el env\u00edo de productos sensibles a la temperatura. El aislamiento t\u00e9rmico del producto est\u00e1 fabricado con papel kraft de alta resistencia que contiene un acolchado interior uniforme, que proporciona propiedades aislantes superiores.<\/p>\n<p>El Kit incluye las dos piezas de aislamiento TempGuard mas la caja exterior de transporte. Pedido m\u00ednimo 20 kits. Disponible en varios tama\u00f1os.<\/p>\n","protected":false},"featured_media":743,"comment_status":"open","ping_status":"closed","template":"","meta":[],"product_brand":[],"product_cat":[28,37,87],"product_tag":[72],"class_list":{"0":"post-742","1":"product","2":"type-product","3":"status-publish","4":"has-post-thumbnail","6":"product_cat-cadena-del-frio","7":"product_cat-cajas-isotermicas","8":"product_cat-papel-kraft-reciclable","9":"product_tag-aislamiento-interior-isotermico","11":"first","12":"instock","13":"taxable","14":"shipping-taxable","15":"product-type-simple"},"supplier_id":null,"supplier_sku":"","barcode":null,"atum_controlled":true,"out_stock_date":null,"out_stock_threshold":null,"inheritable":false,"inbound_stock":0,"stock_on_hold":0,"sold_today":0,"sales_last_days":0,"reserved_stock":0,"customer_returns":0,"warehouse_damage":0,"lost_in_post":0,"other_logs":0,"out_stock_days":0,"lost_sales":0,"has_location":false,"update_date":"2026-05-10T09:31:57","atum_locations":[],"atum_stock_status":"instock","restock_status":false,"low_stock_amount":"","sales_update_date":"2026-05-10T09:31:57","calc_backorders":null,"_links":{"self":[{"href":"https:\/\/fittingall.com\/es\/wp-json\/wp\/v2\/product\/742","targetHints":{"allow":["GET"]}}],"collection":[{"href":"https:\/\/fittingall.com\/es\/wp-json\/wp\/v2\/product"}],"about":[{"href":"https:\/\/fittingall.com\/es\/wp-json\/wp\/v2\/types\/product"}],"replies":[{"embeddable":true,"href":"https:\/\/fittingall.com\/es\/wp-json\/wp\/v2\/comments?post=742"}],"wp:featuredmedia":[{"embeddable":true,"href":"https:\/\/fittingall.com\/es\/wp-json\/wp\/v2\/media\/743"}],"wp:attachment":[{"href":"https:\/\/fittingall.com\/es\/wp-json\/wp\/v2\/media?parent=742"}],"wp:term":[{"taxonomy":"product_brand","embeddable":true,"href":"https:\/\/fittingall.com\/es\/wp-json\/wp\/v2\/product_brand?post=742"},{"taxonomy":"product_cat","embeddable":true,"href":"https:\/\/fittingall.com\/es\/wp-json\/wp\/v2\/product_cat?post=742"},{"taxonomy":"product_tag","embeddable":true,"href":"https:\/\/fittingall.com\/es\/wp-json\/wp\/v2\/product_tag?post=742"}],"curies":[{"name":"wp","href":"https:\/\/api.w.org\/{rel}","templated":true}]}}