{"id":766,"date":"2021-09-27T07:23:17","date_gmt":"2021-09-27T06:23:17","guid":{"rendered":"https:\/\/fittingall.com\/?post_type=product&#038;p=766"},"modified":"2022-02-28T20:01:28","modified_gmt":"2022-02-28T19:01:28","slug":"contenedor-isotermico-homologado-atp-cargo","status":"publish","type":"product","link":"https:\/\/fittingall.com\/es\/producto\/contenedor-isotermico-homologado-atp-cargo\/","title":{"rendered":"Contenedor Isot\u00e9rmico homologado ATP Cargo"},"content":{"rendered":"<p class=\"p1\"><span class=\"s1\">\u2022 <\/span>Excelente capacidad de carga, adecuada para el transporte de grandes cantidades.<\/p>\n<p class=\"p1\"><span class=\"s1\">\u2022 <\/span>Capacidad: 140 litros.<\/p>\n<p class=\"p1\"><span class=\"s1\">\u2022 <\/span>El aislamiento ofrecido por las paredes del contenedor (particularmente grueso en este modelo),<\/p>\n<p class=\"p1\">asegura el mantenimiento t\u00e9rmico correcto, lo que limita los riesgos de proliferaci\u00f3n bacteriana y<\/p>\n<p class=\"p1\">preserva la calidad de los alimentos y sus propiedades organol\u00e9pticas.<\/p>\n<p class=\"p1\"><span class=\"s1\">\u2022 <\/span>Apilable y f\u00e1cil de mover gracias al carro (opcional) en acero galvanizado.<\/p>\n<p class=\"p1\"><span class=\"s1\">\u2022 <\/span>Las caracter\u00edsticas isot\u00e9rmicas cumplen los criterios de la legislaci\u00f3n vigente (ATP, EC Reg.<\/p>\n<p class=\"p1\">852\/2004 &#8211; HACCP) y de las normas t\u00e9cnicas aplicables (Acuerdo AFNOR AC D40-007).<\/p>\n<p class=\"p1\"><span class=\"s1\">\u2022 <\/span>Producido con tecnolog\u00eda de moldeo rotacional: contenedor y puerta monobloque (sin bordes,<\/p>\n<p class=\"p1\">juntas y soldaduras).<\/p>\n<p class=\"p1\"><span class=\"s1\">\u2022 <\/span>Dise\u00f1ado para durar en el tiempo: su rendimiento permanece pr\u00e1cticamente inalterado con la<\/p>\n<p class=\"p1\">reutilizaci\u00f3n.<\/p>\n<p class=\"p1\"><span class=\"s1\">\u2022 <\/span>Completamente reciclable al final de la vida operativa.<\/p>\n","protected":false},"excerpt":{"rendered":"<p class=\"p1\">Contenedor isot\u00e9rmico con apertura frontal para el transporte de comidas calientes, productos frescos o congelados a temperatura controlada. Homologado ATP.<\/p>\n","protected":false},"featured_media":767,"comment_status":"open","ping_status":"closed","template":"","meta":[],"product_brand":[],"product_cat":[28,82],"product_tag":[],"class_list":{"0":"post-766","1":"product","2":"type-product","3":"status-publish","4":"has-post-thumbnail","6":"product_cat-cadena-del-frio","7":"product_cat-contenedores-isotermicos","9":"first","10":"instock","11":"taxable","12":"shipping-taxable","13":"product-type-simple"},"supplier_id":null,"supplier_sku":"","barcode":null,"atum_controlled":true,"out_stock_date":null,"out_stock_threshold":null,"inheritable":false,"inbound_stock":0,"stock_on_hold":0,"sold_today":0,"sales_last_days":0,"reserved_stock":0,"customer_returns":0,"warehouse_damage":0,"lost_in_post":0,"other_logs":0,"out_stock_days":0,"lost_sales":0,"has_location":false,"update_date":"2026-05-10T09:31:57","atum_locations":[],"atum_stock_status":"instock","restock_status":false,"low_stock_amount":"","sales_update_date":"2026-05-10T09:31:57","calc_backorders":null,"_links":{"self":[{"href":"https:\/\/fittingall.com\/es\/wp-json\/wp\/v2\/product\/766","targetHints":{"allow":["GET"]}}],"collection":[{"href":"https:\/\/fittingall.com\/es\/wp-json\/wp\/v2\/product"}],"about":[{"href":"https:\/\/fittingall.com\/es\/wp-json\/wp\/v2\/types\/product"}],"replies":[{"embeddable":true,"href":"https:\/\/fittingall.com\/es\/wp-json\/wp\/v2\/comments?post=766"}],"wp:featuredmedia":[{"embeddable":true,"href":"https:\/\/fittingall.com\/es\/wp-json\/wp\/v2\/media\/767"}],"wp:attachment":[{"href":"https:\/\/fittingall.com\/es\/wp-json\/wp\/v2\/media?parent=766"}],"wp:term":[{"taxonomy":"product_brand","embeddable":true,"href":"https:\/\/fittingall.com\/es\/wp-json\/wp\/v2\/product_brand?post=766"},{"taxonomy":"product_cat","embeddable":true,"href":"https:\/\/fittingall.com\/es\/wp-json\/wp\/v2\/product_cat?post=766"},{"taxonomy":"product_tag","embeddable":true,"href":"https:\/\/fittingall.com\/es\/wp-json\/wp\/v2\/product_tag?post=766"}],"curies":[{"name":"wp","href":"https:\/\/api.w.org\/{rel}","templated":true}]}}