{"id":786,"date":"2021-10-01T16:24:08","date_gmt":"2021-10-01T15:24:08","guid":{"rendered":"https:\/\/fittingall.com\/?post_type=product&#038;p=786"},"modified":"2022-10-24T16:06:16","modified_gmt":"2022-10-24T15:06:16","slug":"acumulador-rigido-21oc-900cc-rojo","status":"publish","type":"product","link":"https:\/\/fittingall.com\/es\/producto\/acumulador-rigido-21oc-900cc-rojo\/","title":{"rendered":"Acumulador R\u00edgido Gel para Congelados -21\u00ba de 900cc Rojo &#8211; Caja de 15 unidades"},"content":{"rendered":"<p><strong>El substituto ideal al hielo seco<\/strong><\/p>\n<p>Su cambio de fase se realiza a -21\u00baC,\u00a0 manteniendo esta temperatura de manera prolongada (hasta 96 horas, en funci\u00f3n del embalaje exterior seleccionado).<\/p>\n<p>A diferencia del hielo seco, el cual se considera mercanc\u00eda peligrosa y de uso muy restringido en transporte a\u00e9reo, nuestro acumulador de congelaci\u00f3n es totalmente apto para el transporte de alimentos (Gel no t\u00f3xico, en caso de rotura no mancha).<\/p>\n<p><strong>Resistencia y estabilidad<\/strong><\/p>\n<p>El acumulador t\u00e9rmico r\u00edgido HDPE presenta una excelente comportamiento en t\u00e9rminos de resistencia contra roturas y compresiones, garantizando la solidez y estabilidad del gel en caso de rotura (anti-leaking)<\/p>\n<p>Asimismo, el propio gel contenido en su interior, previene la deformaci\u00f3n del acumulador.<\/p>\n<p><a href=\"\/wp-content\/uploads\/Acumulador-Negativo.pdf\"><img loading=\"lazy\" decoding=\"async\" class=\"alignnone wp-image-740 size-full\" src=\"https:\/\/fittingall.com\/wp-content\/uploads\/adobe_pdf_document_14979-e1633100001541.png\" alt=\"\" width=\"60\" height=\"60\" \/><\/a><\/p>\n","protected":false},"excerpt":{"rendered":"<p>El acumulador t\u00e9rmico -21\u00baC es un producto fabricado en polietileno de alta densidad (HDPE) a base de gel eut\u00e9ctico, que garantiza el mantenimiento de la temperatura en fr\u00edo negativo de productos congelados a -21\u00baC, para autonom\u00edas de hasta 4 d\u00edas.<\/p>\n","protected":false},"featured_media":789,"comment_status":"open","ping_status":"closed","template":"","meta":[],"product_brand":[],"product_cat":[24,25],"product_tag":[],"class_list":{"0":"post-786","1":"product","2":"type-product","3":"status-publish","4":"has-post-thumbnail","6":"product_cat-acumuladores-de-frio","7":"product_cat-acumuladores-rigidos","9":"first","10":"instock","11":"taxable","12":"shipping-taxable","13":"product-type-simple"},"supplier_id":null,"supplier_sku":"","barcode":null,"atum_controlled":true,"out_stock_date":null,"out_stock_threshold":null,"inheritable":false,"inbound_stock":0,"stock_on_hold":0,"sold_today":0,"sales_last_days":0,"reserved_stock":0,"customer_returns":0,"warehouse_damage":0,"lost_in_post":0,"other_logs":0,"out_stock_days":0,"lost_sales":0,"has_location":false,"update_date":"2026-04-05T01:13:53","atum_locations":[],"atum_stock_status":"instock","restock_status":false,"low_stock_amount":"","sales_update_date":"2026-04-05T01:13:53","calc_backorders":null,"_links":{"self":[{"href":"https:\/\/fittingall.com\/es\/wp-json\/wp\/v2\/product\/786","targetHints":{"allow":["GET"]}}],"collection":[{"href":"https:\/\/fittingall.com\/es\/wp-json\/wp\/v2\/product"}],"about":[{"href":"https:\/\/fittingall.com\/es\/wp-json\/wp\/v2\/types\/product"}],"replies":[{"embeddable":true,"href":"https:\/\/fittingall.com\/es\/wp-json\/wp\/v2\/comments?post=786"}],"wp:featuredmedia":[{"embeddable":true,"href":"https:\/\/fittingall.com\/es\/wp-json\/wp\/v2\/media\/789"}],"wp:attachment":[{"href":"https:\/\/fittingall.com\/es\/wp-json\/wp\/v2\/media?parent=786"}],"wp:term":[{"taxonomy":"product_brand","embeddable":true,"href":"https:\/\/fittingall.com\/es\/wp-json\/wp\/v2\/product_brand?post=786"},{"taxonomy":"product_cat","embeddable":true,"href":"https:\/\/fittingall.com\/es\/wp-json\/wp\/v2\/product_cat?post=786"},{"taxonomy":"product_tag","embeddable":true,"href":"https:\/\/fittingall.com\/es\/wp-json\/wp\/v2\/product_tag?post=786"}],"curies":[{"name":"wp","href":"https:\/\/api.w.org\/{rel}","templated":true}]}}