{"id":793,"date":"2021-10-02T10:33:22","date_gmt":"2021-10-02T09:33:22","guid":{"rendered":"https:\/\/fittingall.com\/?post_type=product&#038;p=793"},"modified":"2022-10-31T12:13:21","modified_gmt":"2022-10-31T11:13:21","slug":"sobre-isotermico","status":"publish","type":"product","link":"https:\/\/fittingall.com\/es\/producto\/sobre-isotermico\/","title":{"rendered":"Sobre Isot\u00e9rmico &#8211; Caja de 100 unidades"},"content":{"rendered":"<p>L\u00ednea de bolsas y sobres isot\u00e9rmicos, ligeros, est\u00e9ticos y reutilizables, para el transporte de \u00absueros, insulinas, alimentos y bebidas fr\u00edos o calientes\u00bb entregas a domicilio, etc. Toda nuestra l\u00ednea de bolsas y sobres isot\u00e9rmicos es apta para el contacto alimentario.<\/p>\n<p>Ideales para la distribuci\u00f3n de vol\u00famenes reducidos de producto de: mayorista-domicilio, farmacia-domicilio, tienda-domicilio\u2026Preservan la temperatura entre 2\u00b0C y 8\u00b0C y est\u00e1n especialmente concebidas para la distribuci\u00f3n capilar refrigerada.<\/p>\n<p>Las bolsas isot\u00e9rmicas est\u00e1n especialmente indicadas para la distribuci\u00f3n de vol\u00famenes peque\u00f1os de producto que requieren el mantenimiento de la cadena de fr\u00edo en su \u00faltima etapa.<\/p>\n<p>&nbsp;<\/p>\n<ul>\n<li>Eficacia: garantiza la protecci\u00f3n t\u00e9rmica<\/li>\n<li>Escaso volumen de almacenaje<\/li>\n<li>Posibilidad de fabricaci\u00f3n personalizada (en formato y dimensiones)<\/li>\n<li>Posibilidad de personalizaci\u00f3n con el logotipo del cliente<\/li>\n<li>Diversos tipos de cierre disponibles: asa, zip, cremallera, clic&#8230;<\/li>\n<li>Modelos con\/sin base<\/li>\n<\/ul>\n<p>&nbsp;<\/p>\n<p>Posibilidad de impresi\u00f3n personalizada a partir de 5.000 uds<br \/>\nConsulte la posibilidad de fabricaci\u00f3n en dimensiones personalizadas<\/p>\n<p>Cajas de 100 unidades<\/p>\n<p><a href=\"\/wp-content\/uploads\/sobres-isote\u0301rmicos.pdf\"><img loading=\"lazy\" decoding=\"async\" class=\"alignnone wp-image-740 size-full\" src=\"https:\/\/fittingall.com\/wp-content\/uploads\/adobe_pdf_document_14979-e1633100001541.png\" alt=\"\" width=\"60\" height=\"60\" \/><\/a><\/p>\n","protected":false},"excerpt":{"rendered":"<p>El sobre isot\u00e9rmico supone la soluci\u00f3n m\u00e1s eficaz para proteger t\u00e9rmicamente sus productos perecederos o termo sensibles en trayectos de duraci\u00f3n breve y\/o moderada (tr\u00e1nsitos no superiores a 2 o 3 horas).<\/p>\n","protected":false},"featured_media":1080,"comment_status":"open","ping_status":"closed","template":"","meta":[],"product_brand":[],"product_cat":[28,52],"product_tag":[],"class_list":{"0":"post-793","1":"product","2":"type-product","3":"status-publish","4":"has-post-thumbnail","6":"product_cat-cadena-del-frio","7":"product_cat-fundas-isotermicas","9":"first","10":"instock","11":"taxable","12":"shipping-taxable","13":"product-type-simple"},"supplier_id":null,"supplier_sku":"","barcode":null,"atum_controlled":true,"out_stock_date":null,"out_stock_threshold":null,"inheritable":false,"inbound_stock":0,"stock_on_hold":0,"sold_today":0,"sales_last_days":0,"reserved_stock":0,"customer_returns":0,"warehouse_damage":0,"lost_in_post":0,"other_logs":0,"out_stock_days":0,"lost_sales":0,"has_location":false,"update_date":"2026-05-10T09:31:57","atum_locations":[],"atum_stock_status":"instock","restock_status":false,"low_stock_amount":"","sales_update_date":"2026-05-10T09:31:57","calc_backorders":null,"_links":{"self":[{"href":"https:\/\/fittingall.com\/es\/wp-json\/wp\/v2\/product\/793","targetHints":{"allow":["GET"]}}],"collection":[{"href":"https:\/\/fittingall.com\/es\/wp-json\/wp\/v2\/product"}],"about":[{"href":"https:\/\/fittingall.com\/es\/wp-json\/wp\/v2\/types\/product"}],"replies":[{"embeddable":true,"href":"https:\/\/fittingall.com\/es\/wp-json\/wp\/v2\/comments?post=793"}],"wp:featuredmedia":[{"embeddable":true,"href":"https:\/\/fittingall.com\/es\/wp-json\/wp\/v2\/media\/1080"}],"wp:attachment":[{"href":"https:\/\/fittingall.com\/es\/wp-json\/wp\/v2\/media?parent=793"}],"wp:term":[{"taxonomy":"product_brand","embeddable":true,"href":"https:\/\/fittingall.com\/es\/wp-json\/wp\/v2\/product_brand?post=793"},{"taxonomy":"product_cat","embeddable":true,"href":"https:\/\/fittingall.com\/es\/wp-json\/wp\/v2\/product_cat?post=793"},{"taxonomy":"product_tag","embeddable":true,"href":"https:\/\/fittingall.com\/es\/wp-json\/wp\/v2\/product_tag?post=793"}],"curies":[{"name":"wp","href":"https:\/\/api.w.org\/{rel}","templated":true}]}}