{"id":798,"date":"2021-10-02T12:16:38","date_gmt":"2021-10-02T11:16:38","guid":{"rendered":"https:\/\/fittingall.com\/?post_type=product&#038;p=798"},"modified":"2021-10-02T12:16:38","modified_gmt":"2021-10-02T11:16:38","slug":"bolsa-isotermica-reutilizable-para-transporte-a-domicilio","status":"publish","type":"product","link":"https:\/\/fittingall.com\/es\/producto\/bolsa-isotermica-reutilizable-para-transporte-a-domicilio\/","title":{"rendered":"Bolsa Isot\u00e9rmica Reutilizable para transporte a domicilio"},"content":{"rendered":"<ul>\n<li>Soluci\u00f3n de embalaje isot\u00e9rmica reutilizable para producto refrigerado y congelado.<\/li>\n<li>Entregas \u201cUltima Milla\u201d. Autonom\u00edas hasta 4,5h.<\/li>\n<li>Soluci\u00f3n plegable. Muy f\u00e1cil y r\u00e1pido montaje.<\/li>\n<li>Bolsillos interiores para el alojamiento de los acumuladores de fr\u00edo.<\/li>\n<li>Personalizaci\u00f3n: color e impresi\u00f3n de logo a 1 tinta.<\/li>\n<li>Diversos acabados: tela, PVC, cierre tipo velcro, asas, cinta bandolera, porta-documentos\u2026<\/li>\n<li>Diferente configuraci\u00f3n de acumuladores en funci\u00f3n del perfil de temperatura y\/o payload de producto.<\/li>\n<\/ul>\n<p><a href=\"\/wp-content\/uploads\/mochila.pdf\"><img loading=\"lazy\" decoding=\"async\" class=\"alignnone wp-image-740 size-full\" src=\"https:\/\/fittingall.com\/wp-content\/uploads\/adobe_pdf_document_14979-e1633100001541.png\" alt=\"\" width=\"60\" height=\"60\" \/><\/a><\/p>\n","protected":false},"excerpt":{"rendered":"<p>Soluci\u00f3n reutilizable de transporte isot\u00e9rmico a domicilio,\u00a0 compuesta por una bolsa isot\u00e9rmica de gran aislamiento y elementos de fr\u00edo de alto rendimiento.<\/p>\n<p>Especialmente concebida para servicios de entrega a domicilio de productos refrigerados y congelados.<\/p>\n","protected":false},"featured_media":800,"comment_status":"open","ping_status":"closed","template":"","meta":[],"product_brand":[],"product_cat":[28,52],"product_tag":[],"class_list":{"0":"post-798","1":"product","2":"type-product","3":"status-publish","4":"has-post-thumbnail","6":"product_cat-cadena-del-frio","7":"product_cat-fundas-isotermicas","9":"first","10":"instock","11":"taxable","12":"shipping-taxable","13":"product-type-simple"},"supplier_id":null,"supplier_sku":"","barcode":null,"atum_controlled":true,"out_stock_date":null,"out_stock_threshold":null,"inheritable":false,"inbound_stock":0,"stock_on_hold":0,"sold_today":0,"sales_last_days":0,"reserved_stock":0,"customer_returns":0,"warehouse_damage":0,"lost_in_post":0,"other_logs":0,"out_stock_days":0,"lost_sales":0,"has_location":false,"update_date":"2026-04-05T01:13:53","atum_locations":[],"atum_stock_status":"instock","restock_status":false,"low_stock_amount":"","sales_update_date":"2026-04-05T01:13:53","calc_backorders":null,"_links":{"self":[{"href":"https:\/\/fittingall.com\/es\/wp-json\/wp\/v2\/product\/798","targetHints":{"allow":["GET"]}}],"collection":[{"href":"https:\/\/fittingall.com\/es\/wp-json\/wp\/v2\/product"}],"about":[{"href":"https:\/\/fittingall.com\/es\/wp-json\/wp\/v2\/types\/product"}],"replies":[{"embeddable":true,"href":"https:\/\/fittingall.com\/es\/wp-json\/wp\/v2\/comments?post=798"}],"wp:featuredmedia":[{"embeddable":true,"href":"https:\/\/fittingall.com\/es\/wp-json\/wp\/v2\/media\/800"}],"wp:attachment":[{"href":"https:\/\/fittingall.com\/es\/wp-json\/wp\/v2\/media?parent=798"}],"wp:term":[{"taxonomy":"product_brand","embeddable":true,"href":"https:\/\/fittingall.com\/es\/wp-json\/wp\/v2\/product_brand?post=798"},{"taxonomy":"product_cat","embeddable":true,"href":"https:\/\/fittingall.com\/es\/wp-json\/wp\/v2\/product_cat?post=798"},{"taxonomy":"product_tag","embeddable":true,"href":"https:\/\/fittingall.com\/es\/wp-json\/wp\/v2\/product_tag?post=798"}],"curies":[{"name":"wp","href":"https:\/\/api.w.org\/{rel}","templated":true}]}}