{"id":805,"date":"2021-10-02T16:02:37","date_gmt":"2021-10-02T15:02:37","guid":{"rendered":"https:\/\/fittingall.com\/?post_type=product&#038;p=805"},"modified":"2021-10-02T16:05:04","modified_gmt":"2021-10-02T15:05:04","slug":"caja-isotermica-plegable-fxps","status":"publish","type":"product","link":"https:\/\/fittingall.com\/es\/producto\/caja-isotermica-plegable-fxps\/","title":{"rendered":"Caja Isot\u00e9rmica Plegable FXPS"},"content":{"rendered":"<p>UTILIZACI\u00d3N<\/p>\n<ul>\n<li>Transporte de insulina, vacunas, productos farmac\u00e9uticos, reactivos, productos biotecnol\u00f3gicos, entre +2\u00b0\u0421 ~ +8\u00b0\u0421, en transporte convencional (ambiente) hasta 36 horas.<\/li>\n<li>Transporte de productos farmac\u00e9uticos, vacunas, insulina, biotecnolog\u00eda, entre +2\u00b0\u0421 ~ +8\u00b0\u0421, en transporte refrigerado con roturas de fr\u00edo\u00a0<strong>hasta 1 semana<\/strong><\/li>\n<li>Transporte a temperatura ambiente de productos farmac\u00e9uticos que no pueden sobrepasar los +25\u00baC durante 48 horas<\/li>\n<li>Transporte a temperatura ambiente de productos farmac\u00e9uticos que no pueden descender de 15\u00baC durante 48 horas.<\/li>\n<\/ul>\n<p>VENTAJAS<\/p>\n<ul>\n<li>Eficaz como el poliestireno expandido. Pr\u00e1ctico como el cart\u00f3n.<\/li>\n<li>El formato de la caja isot\u00e9rmica permite almacenar las cajas plegadas y apiladas<\/li>\n<li>Reducci\u00f3n del volumen de almacenaje: 80%<\/li>\n<li>Reducci\u00f3n del volumen paletizable de transporte: 20%<\/li>\n<li>Hidr\u00f3fobo<\/li>\n<li>Reciclable<\/li>\n<\/ul>\n<p>TAMA\u00d1OS<\/p>\n<ul>\n<li>Gran variedad de modelos,m\u00e1s de 200 dimensiones est\u00e1ndar<\/li>\n<li>Espesores disponibles:3, 4 y 5mm<\/li>\n<li>Posibilidad de realizar cajas con doble pared 10mm (5&#215;2)<\/li>\n<li>Todo tipo de cierres (FEFCO) realizables<\/li>\n<li>Caja isot\u00e9rmica personalizable a cualquier medida<\/li>\n<li>Posibilidad de imprimir logo cliente y dise\u00f1o hasta 4 tintas<\/li>\n<\/ul>\n<p>&nbsp;<\/p>\n<table class=\"formatos\" style=\"height: 173px;\" border=\"1\" width=\"524\" cellspacing=\"0\" cellpadding=\"0\">\n<thead>\n<tr>\n<th align=\"center\">REF<\/th>\n<th align=\"center\">DIMENS.<br \/>\n(mm)<\/th>\n<th align=\"center\">ESPESOR<br \/>\n(mm)<\/th>\n<th align=\"center\">VOL<br \/>\n(I)<\/th>\n<th align=\"center\">FEFCO<\/th>\n<th align=\"center\">CONSUMO<br \/>\nMIN.<\/th>\n<\/tr>\n<\/thead>\n<tbody>\n<tr>\n<td><a href=\"\/wp-content\/uploads\/FXPS-02-PCP3_Rev01_page-0001.pdf\">FXPS 2-03<\/a><\/td>\n<td>190x125x80<\/td>\n<td>4<\/td>\n<td>1,9<\/td>\n<td>210<\/td>\n<td>250<\/td>\n<\/tr>\n<tr>\n<td>FXPS 12-01<\/td>\n<td>300x200x200<\/td>\n<td>4,5<\/td>\n<td>12<\/td>\n<td>204<\/td>\n<td>240<\/td>\n<\/tr>\n<tr>\n<td><a href=\"\/wp-content\/uploads\/FXPS-18-01_PCP.pdf\">FXPS 18-01<\/a><\/td>\n<td>320x235x240<\/td>\n<td>4,5<\/td>\n<td>18<\/td>\n<td>201<\/td>\n<td>220<\/td>\n<\/tr>\n<tr>\n<td>FXPS 30-01<\/td>\n<td>400x300x250<\/td>\n<td>4,5<\/td>\n<td>30<\/td>\n<td>204<\/td>\n<td>125<\/td>\n<\/tr>\n<tr>\n<td><a href=\"\/wp-content\/uploads\/FXPS-54-01_PCP-1.pdf\">FXPS 54-01<\/a><\/td>\n<td>420x315x410<\/td>\n<td>4<\/td>\n<td>54<\/td>\n<td>204<\/td>\n<td>96<\/td>\n<\/tr>\n<\/tbody>\n<\/table>\n<p>&nbsp;<\/p>\n<p>&nbsp;<\/p>\n","protected":false},"excerpt":{"rendered":"<p>La caja isot\u00e9rmica FXPS es un embalaje isot\u00e9rmico de poliestireno extruido, cubierto con film de aluminio y con un espesor de hasta 5 mm. Est\u00e1 dise\u00f1ada para el transporte de cualquier producto a temperatura controlada.<\/p>\n<p>Garantiza la misma autonom\u00eda de la cadena de fr\u00edo con un volumen total del embalaje muy inferior.\u00a0Al ser plegable puede almacenarse apilado y plegado. De esta manera, se consigue un ahorro de espacio en almac\u00e9n superior al 80%.<\/p>\n","protected":false},"featured_media":809,"comment_status":"open","ping_status":"closed","template":"","meta":[],"product_brand":[],"product_cat":[37,83],"product_tag":[],"class_list":{"0":"post-805","1":"product","2":"type-product","3":"status-publish","4":"has-post-thumbnail","6":"product_cat-cajas-isotermicas","7":"product_cat-cajas-xps","9":"first","10":"instock","11":"taxable","12":"shipping-taxable","13":"product-type-simple"},"supplier_id":null,"supplier_sku":"","barcode":null,"atum_controlled":true,"out_stock_date":null,"out_stock_threshold":null,"inheritable":false,"inbound_stock":0,"stock_on_hold":0,"sold_today":0,"sales_last_days":0,"reserved_stock":0,"customer_returns":0,"warehouse_damage":0,"lost_in_post":0,"other_logs":0,"out_stock_days":0,"lost_sales":0,"has_location":false,"update_date":"2026-05-10T09:31:57","atum_locations":[],"atum_stock_status":"instock","restock_status":false,"low_stock_amount":"","sales_update_date":"2026-05-10T09:31:57","calc_backorders":null,"_links":{"self":[{"href":"https:\/\/fittingall.com\/es\/wp-json\/wp\/v2\/product\/805","targetHints":{"allow":["GET"]}}],"collection":[{"href":"https:\/\/fittingall.com\/es\/wp-json\/wp\/v2\/product"}],"about":[{"href":"https:\/\/fittingall.com\/es\/wp-json\/wp\/v2\/types\/product"}],"replies":[{"embeddable":true,"href":"https:\/\/fittingall.com\/es\/wp-json\/wp\/v2\/comments?post=805"}],"wp:featuredmedia":[{"embeddable":true,"href":"https:\/\/fittingall.com\/es\/wp-json\/wp\/v2\/media\/809"}],"wp:attachment":[{"href":"https:\/\/fittingall.com\/es\/wp-json\/wp\/v2\/media?parent=805"}],"wp:term":[{"taxonomy":"product_brand","embeddable":true,"href":"https:\/\/fittingall.com\/es\/wp-json\/wp\/v2\/product_brand?post=805"},{"taxonomy":"product_cat","embeddable":true,"href":"https:\/\/fittingall.com\/es\/wp-json\/wp\/v2\/product_cat?post=805"},{"taxonomy":"product_tag","embeddable":true,"href":"https:\/\/fittingall.com\/es\/wp-json\/wp\/v2\/product_tag?post=805"}],"curies":[{"name":"wp","href":"https:\/\/api.w.org\/{rel}","templated":true}]}}