{"id":815,"date":"2021-10-02T16:24:18","date_gmt":"2021-10-02T15:24:18","guid":{"rendered":"https:\/\/fittingall.com\/?post_type=product&#038;p=815"},"modified":"2022-02-28T13:22:44","modified_gmt":"2022-02-28T12:22:44","slug":"contenedor-isotermico-de-poliuretano","status":"publish","type":"product","link":"https:\/\/fittingall.com\/es\/producto\/contenedor-isotermico-de-poliuretano\/","title":{"rendered":"Contenedor Isotermico CIPU de Poliuretano"},"content":{"rendered":"<p>UTILIZACI\u00d3N<\/p>\n<div id=\"product-field-0\">\n<ul>\n<li>Transporte a temperatura<strong>\u00a0refrigerada hasta 120 horas<\/strong>\u00a0de productos farmac\u00e9uticos, reactivos, vacunas, insulina, productos perecederos, muestras de laboratorios, etc.<\/li>\n<li>Transporte a temperatura congelada\u00a0<strong>hasta 96 horas<\/strong>\u00a0de sangre, productos qu\u00edmicos y farmac\u00e9uticos, reactivos y otros productos congelados.<\/li>\n<\/ul>\n<p>VENTAJAS<\/p>\n<ul>\n<li>Mejor comportamiento t\u00e9rmico del mercado (muy baja conductividad)<\/li>\n<li>Propiedades t\u00e9rmicas se mantienen a lo largo de su vida \u00fatil<\/li>\n<li>Gran ligereza que redunda en la reducci\u00f3n de costes de transporte<\/li>\n<li>Gran robustez y resistencia al impacto y la compresi\u00f3n<\/li>\n<li>Impermeable al agua<\/li>\n<li>Producto reciclable<\/li>\n<li>Cumplimiento de la legislaci\u00f3n vigente en materia de contacto alimentario<\/li>\n<li>Embalaje exterior personalizable a solicitud del cliente<\/li>\n<\/ul>\n<p>TAMA\u00d1O<\/p>\n<p>Dimensiones externas\u00a0 800x400x485mm.\u00a0 Volumen 50L<\/p>\n<p><a href=\"\/wp-content\/uploads\/PCP-poliuretano.pdf\"><img loading=\"lazy\" decoding=\"async\" class=\"alignnone wp-image-740 size-full\" src=\"https:\/\/fittingall.com\/wp-content\/uploads\/adobe_pdf_document_14979-e1633100001541.png\" alt=\"\" width=\"60\" height=\"60\" \/><\/a><\/p>\n<\/div>\n","protected":false},"excerpt":{"rendered":"<p>El embalaje PU est\u00e1 realizado en poliuretano de alta densidad, el cual se caracteriza por su baja conductividad t\u00e9rmica, su gran robustez frente a impactos y compresiones\u00a0 y su reducido peso.<\/p>\n<p>Su gran rendimiento t\u00e9rmico, superior incluso al del poliestireno, \u00a0lo hacen especialmente id\u00f3neo para\u00a0el\u00a0 transporte a temperaturas extremas y\/o de larga duraci\u00f3n de productos termol\u00e1biles, con control absoluto de la cadena de fr\u00edo.<\/p>\n","protected":false},"featured_media":817,"comment_status":"open","ping_status":"closed","template":"","meta":[],"product_brand":[],"product_cat":[37,84],"product_tag":[],"class_list":{"0":"post-815","1":"product","2":"type-product","3":"status-publish","4":"has-post-thumbnail","6":"product_cat-cajas-isotermicas","7":"product_cat-poliuretano","9":"first","10":"instock","11":"taxable","12":"shipping-taxable","13":"product-type-simple"},"supplier_id":null,"supplier_sku":"","barcode":null,"atum_controlled":true,"out_stock_date":null,"out_stock_threshold":null,"inheritable":false,"inbound_stock":0,"stock_on_hold":0,"sold_today":0,"sales_last_days":0,"reserved_stock":0,"customer_returns":0,"warehouse_damage":0,"lost_in_post":0,"other_logs":0,"out_stock_days":0,"lost_sales":0,"has_location":false,"update_date":"2026-04-05T01:13:53","atum_locations":[],"atum_stock_status":"instock","restock_status":false,"low_stock_amount":"","sales_update_date":"2026-04-05T01:13:53","calc_backorders":null,"_links":{"self":[{"href":"https:\/\/fittingall.com\/es\/wp-json\/wp\/v2\/product\/815","targetHints":{"allow":["GET"]}}],"collection":[{"href":"https:\/\/fittingall.com\/es\/wp-json\/wp\/v2\/product"}],"about":[{"href":"https:\/\/fittingall.com\/es\/wp-json\/wp\/v2\/types\/product"}],"replies":[{"embeddable":true,"href":"https:\/\/fittingall.com\/es\/wp-json\/wp\/v2\/comments?post=815"}],"wp:featuredmedia":[{"embeddable":true,"href":"https:\/\/fittingall.com\/es\/wp-json\/wp\/v2\/media\/817"}],"wp:attachment":[{"href":"https:\/\/fittingall.com\/es\/wp-json\/wp\/v2\/media?parent=815"}],"wp:term":[{"taxonomy":"product_brand","embeddable":true,"href":"https:\/\/fittingall.com\/es\/wp-json\/wp\/v2\/product_brand?post=815"},{"taxonomy":"product_cat","embeddable":true,"href":"https:\/\/fittingall.com\/es\/wp-json\/wp\/v2\/product_cat?post=815"},{"taxonomy":"product_tag","embeddable":true,"href":"https:\/\/fittingall.com\/es\/wp-json\/wp\/v2\/product_tag?post=815"}],"curies":[{"name":"wp","href":"https:\/\/api.w.org\/{rel}","templated":true}]}}