{"id":874,"date":"2022-02-16T13:33:28","date_gmt":"2022-02-16T12:33:28","guid":{"rendered":"https:\/\/fittingall.com\/?post_type=product&#038;p=874"},"modified":"2022-02-28T13:23:38","modified_gmt":"2022-02-28T12:23:38","slug":"aislamiento-isotemico-wrappak","status":"publish","type":"product","link":"https:\/\/fittingall.com\/es\/producto\/aislamiento-isotemico-wrappak\/","title":{"rendered":"Caja con Aislamiento Isot\u00e9rmico WP01 de WrapPak"},"content":{"rendered":"<p><iframe loading=\"lazy\" title=\"ES subs - WrapPak\u00ae Protector - Introduction video\" src=\"https:\/\/player.vimeo.com\/video\/310297015?dnt=1&amp;app_id=122963\" width=\"500\" height=\"250\" frameborder=\"0\" allow=\"autoplay; fullscreen; picture-in-picture; clipboard-write\"><\/iframe><\/p>\n<article class=\"col key-features-row-feature\">\n<div class=\"key-features-row-feature-wrap\">\n<h3>Sostenible<\/h3>\n<p>Papel 100 % \u2013 reciclable, renovable, biodegradable y\u00a0certificado FSC\u00ae.<\/p>\n<\/div>\n<\/article>\n<article class=\"col key-features-row-feature\">\n<div class=\"key-features-row-feature-wrap\">\n<h3>Protecci\u00f3n t\u00e9rmica<\/h3>\n<p>Excelente protecci\u00f3n t\u00e9rmica durante un m\u00e1ximo de <strong>48 horas<\/strong>, para productos del tiempo, frescos y congelados. Casi la misma protecci\u00f3n t\u00e9rmica que ofrecen los pl\u00e1sticos.<\/p>\n<\/div>\n<\/article>\n<article class=\"col key-features-row-feature\">\n<div class=\"key-features-row-feature-wrap\">\n<h3>Econ\u00f3mico<\/h3>\n<p>A demanda: ahorre en almacena\u00admiento, transporte y manipulaci\u00f3n. Se aumenta la productividad , con almohadillas creadas en funci\u00f3n de la demanda, en lotes precortados al tama\u00f1o deseado.<\/p>\n<\/div>\n<\/article>\n<article class=\"col key-features-row-feature\">\n<div class=\"key-features-row-feature-wrap\">\n<h3>Est\u00e9tica<\/h3>\n<p>Los clientes tendr\u00e1n una experiencia \u00fanica al desembalar los productos con una soluci\u00f3n fuerte y totalmente de papel.<\/p>\n<h3>Opciones de aislamiento<\/h3>\n<p><img loading=\"lazy\" decoding=\"async\" class=\"alignnone wp-image-878 size-full\" src=\"https:\/\/fittingall.com\/wp-content\/uploads\/WrapPack-capas.png\" alt=\"\" width=\"1200\" height=\"200\" srcset=\"https:\/\/fittingall.com\/es\/wp-content\/uploads\/WrapPack-capas.png 1200w, https:\/\/fittingall.com\/es\/wp-content\/uploads\/WrapPack-capas-300x50.png 300w, https:\/\/fittingall.com\/es\/wp-content\/uploads\/WrapPack-capas-1024x171.png 1024w, https:\/\/fittingall.com\/es\/wp-content\/uploads\/WrapPack-capas-768x128.png 768w, https:\/\/fittingall.com\/es\/wp-content\/uploads\/WrapPack-capas-800x133.png 800w\" sizes=\"auto, (max-width: 1200px) 100vw, 1200px\" \/><\/p>\n<h3><\/h3>\n<h3>Packs acumuladores de frio<\/h3>\n<p><img loading=\"lazy\" decoding=\"async\" class=\"alignnone wp-image-880 size-full\" src=\"https:\/\/fittingall.com\/wp-content\/uploads\/Captura-de-pantalla-2022-02-16-a-las-13.37.04.png\" alt=\"\" width=\"2294\" height=\"930\" srcset=\"https:\/\/fittingall.com\/es\/wp-content\/uploads\/Captura-de-pantalla-2022-02-16-a-las-13.37.04.png 2294w, https:\/\/fittingall.com\/es\/wp-content\/uploads\/Captura-de-pantalla-2022-02-16-a-las-13.37.04-300x122.png 300w, https:\/\/fittingall.com\/es\/wp-content\/uploads\/Captura-de-pantalla-2022-02-16-a-las-13.37.04-1024x415.png 1024w, https:\/\/fittingall.com\/es\/wp-content\/uploads\/Captura-de-pantalla-2022-02-16-a-las-13.37.04-768x311.png 768w, https:\/\/fittingall.com\/es\/wp-content\/uploads\/Captura-de-pantalla-2022-02-16-a-las-13.37.04-1536x623.png 1536w, https:\/\/fittingall.com\/es\/wp-content\/uploads\/Captura-de-pantalla-2022-02-16-a-las-13.37.04-2048x830.png 2048w, https:\/\/fittingall.com\/es\/wp-content\/uploads\/Captura-de-pantalla-2022-02-16-a-las-13.37.04-800x324.png 800w\" sizes=\"auto, (max-width: 2294px) 100vw, 2294px\" \/><\/p>\n<h3>Dimensiones de las cajas<\/h3>\n<p>&nbsp;<\/p>\n<p>Tama\u00f1o\/capas\u00a0 \u00a0<strong> \u00a0 \u00a0 \u00a0 \u00a0 \u00a0 \u00a0 \u00a0 \u00a01 capa\u00a0 \u00a0 \u00a0 \u00a0 \u00a0 \u00a0 \u00a0 \u00a0 \u00a0 \u00a0 \u00a0 \u00a0 \u00a0 \u00a0 \u00a0 \u00a0 \u00a0 \u00a0 \u00a0 2 capas\u00a0 \u00a0 \u00a0 \u00a0 \u00a0 \u00a0 \u00a0 \u00a0 \u00a0 \u00a0 \u00a0 \u00a0 \u00a0 \u00a0 \u00a0 \u00a03 capas<\/strong><\/p>\n<hr \/>\n<p><strong>Peque\u00f1a(9 l)\u00a0<\/strong> \u00a0 \u00a0 \u00a0 33 cm x 31 cm x 16 cm\u00a0 \u00a0 \u00a0 \u00a037 cm x 31 cm x 22 cm\u00a0 \u00a0 \u00a0 41 cm x 31 cm x 29 cm<br \/>\n<strong>Mediana (24 l)<\/strong>\u00a0 \u00a0 \u00a035 cm x 33 cm x 31 cm\u00a0 \u00a0 \u00a0 44 cm x 37 cm x 31 cm\u00a0 \u00a0 \u00a0 56 cm x 41 cm x 31 cm<br \/>\n<strong>Larga (36 l)\u00a0<\/strong> \u00a0 \u00a0 \u00a0 \u00a0 50 cm x 33 cm x 31 cm\u00a0 \u00a0 \u00a0 62 cm x 37 cm x 31 cm\u00a0 \u00a0 \u00a0 78 cm x 41 cm x 31 cm<\/p>\n<hr \/>\n<p>(Largo x Ancho x Alto)<\/p>\n<p>&nbsp;<\/p>\n<\/div>\n<\/article>\n","protected":false},"excerpt":{"rendered":"<p>El valor aislante del papel es altamente eficiente y WrapPak\u00ae Protector ofrece soluciones \u00fanicas que pueden ayudarle a aprovechar al m\u00e1ximo el poder aislante del papel. Esto supone una amplia gama de beneficios en multitud de aplicaciones diferentes en la cadena de fr\u00edo, protegiendo productos perecederos como comestibles, carne, comidas preparadas y otros ingredientes de alimentos.<\/p>\n","protected":false},"featured_media":875,"comment_status":"open","ping_status":"closed","template":"","meta":[],"product_brand":[],"product_cat":[37,87],"product_tag":[],"class_list":{"0":"post-874","1":"product","2":"type-product","3":"status-publish","4":"has-post-thumbnail","6":"product_cat-cajas-isotermicas","7":"product_cat-papel-kraft-reciclable","9":"first","10":"instock","11":"taxable","12":"shipping-taxable","13":"product-type-simple"},"supplier_id":null,"supplier_sku":"","barcode":null,"atum_controlled":true,"out_stock_date":null,"out_stock_threshold":null,"inheritable":false,"inbound_stock":0,"stock_on_hold":0,"sold_today":0,"sales_last_days":0,"reserved_stock":0,"customer_returns":0,"warehouse_damage":0,"lost_in_post":0,"other_logs":0,"out_stock_days":0,"lost_sales":0,"has_location":false,"update_date":"2026-04-05T01:13:53","atum_locations":[],"atum_stock_status":"instock","restock_status":false,"low_stock_amount":"","sales_update_date":"2026-04-05T01:13:53","calc_backorders":null,"_links":{"self":[{"href":"https:\/\/fittingall.com\/es\/wp-json\/wp\/v2\/product\/874","targetHints":{"allow":["GET"]}}],"collection":[{"href":"https:\/\/fittingall.com\/es\/wp-json\/wp\/v2\/product"}],"about":[{"href":"https:\/\/fittingall.com\/es\/wp-json\/wp\/v2\/types\/product"}],"replies":[{"embeddable":true,"href":"https:\/\/fittingall.com\/es\/wp-json\/wp\/v2\/comments?post=874"}],"wp:featuredmedia":[{"embeddable":true,"href":"https:\/\/fittingall.com\/es\/wp-json\/wp\/v2\/media\/875"}],"wp:attachment":[{"href":"https:\/\/fittingall.com\/es\/wp-json\/wp\/v2\/media?parent=874"}],"wp:term":[{"taxonomy":"product_brand","embeddable":true,"href":"https:\/\/fittingall.com\/es\/wp-json\/wp\/v2\/product_brand?post=874"},{"taxonomy":"product_cat","embeddable":true,"href":"https:\/\/fittingall.com\/es\/wp-json\/wp\/v2\/product_cat?post=874"},{"taxonomy":"product_tag","embeddable":true,"href":"https:\/\/fittingall.com\/es\/wp-json\/wp\/v2\/product_tag?post=874"}],"curies":[{"name":"wp","href":"https:\/\/api.w.org\/{rel}","templated":true}]}}