{"id":942,"date":"2022-05-03T18:41:08","date_gmt":"2022-05-03T17:41:08","guid":{"rendered":"https:\/\/fittingall.com\/?post_type=product&#038;p=942"},"modified":"2022-05-03T19:04:33","modified_gmt":"2022-05-03T18:04:33","slug":"orejera-jumbo-1988-0j","status":"publish","type":"product","link":"https:\/\/fittingall.com\/es\/producto\/orejera-jumbo-1988-0j\/","title":{"rendered":"Orejera 1988-0J"},"content":{"rendered":"<div class=\"productos_detalles_descripcion\">\n<p>Caracter\u00edsticas: Orejera ligera de atenuaci\u00f3n muy alta (33dB). Regulables en altura. Arn\u00e9s acolchado para usos prolongados y para mayor confort. Protector auditivo diel\u00e9ctrico, sin componentes mec\u00e1nicos (Metal-free). Aumento de la visibilidad del usuario. Terminaciones angulares que generan un mejor comportamiento en la dispersi\u00f3n del sonido.<\/p>\n<p>Usos y empleo: en ambientes muy ruidosos (construcci\u00f3n, salas de m\u00e1quinas, industria pesada, miner\u00eda, aeropuertos\u2026).<\/p>\n<\/div>\n<div class=\"productos_detalles_norma\"><img loading=\"lazy\" decoding=\"async\" src=\"https:\/\/marcapl.com\/marca\/img\/logo_CE.png\" width=\"30\" height=\"30\" \/>\u00a0EN352-1 Protecci\u00f3n auditiva. Orejeras. SNR= 33 dB (H=34, M=31, L=24)<\/div>\n","protected":false},"excerpt":{"rendered":"<p><span class=\"productos_detalles_descripcion_entrada\">Mod. \u00abJUMBO\u00bb. Orejera de atenuaci\u00f3n muy alta.<\/span><\/p>\n","protected":false},"featured_media":943,"comment_status":"open","ping_status":"closed","template":"","meta":[],"product_brand":[],"product_cat":[94,30,93],"product_tag":[],"class_list":{"0":"post-942","1":"product","2":"type-product","3":"status-publish","4":"has-post-thumbnail","6":"product_cat-orejeras","7":"product_cat-proteccion","8":"product_cat-proteccion-auditiva","10":"first","11":"instock","12":"taxable","13":"shipping-taxable","14":"product-type-simple"},"supplier_id":944,"supplier_sku":"1988-0J","barcode":null,"atum_controlled":true,"out_stock_date":null,"out_stock_threshold":null,"inheritable":false,"inbound_stock":null,"stock_on_hold":0,"sold_today":0,"sales_last_days":0,"reserved_stock":null,"customer_returns":null,"warehouse_damage":null,"lost_in_post":null,"other_logs":null,"out_stock_days":0,"lost_sales":0,"has_location":false,"update_date":"2026-04-05T01:13:53","atum_locations":[],"atum_stock_status":"instock","restock_status":false,"low_stock_amount":"","sales_update_date":"2026-04-05T01:13:53","calc_backorders":null,"_links":{"self":[{"href":"https:\/\/fittingall.com\/es\/wp-json\/wp\/v2\/product\/942","targetHints":{"allow":["GET"]}}],"collection":[{"href":"https:\/\/fittingall.com\/es\/wp-json\/wp\/v2\/product"}],"about":[{"href":"https:\/\/fittingall.com\/es\/wp-json\/wp\/v2\/types\/product"}],"replies":[{"embeddable":true,"href":"https:\/\/fittingall.com\/es\/wp-json\/wp\/v2\/comments?post=942"}],"wp:featuredmedia":[{"embeddable":true,"href":"https:\/\/fittingall.com\/es\/wp-json\/wp\/v2\/media\/943"}],"wp:attachment":[{"href":"https:\/\/fittingall.com\/es\/wp-json\/wp\/v2\/media?parent=942"}],"wp:term":[{"taxonomy":"product_brand","embeddable":true,"href":"https:\/\/fittingall.com\/es\/wp-json\/wp\/v2\/product_brand?post=942"},{"taxonomy":"product_cat","embeddable":true,"href":"https:\/\/fittingall.com\/es\/wp-json\/wp\/v2\/product_cat?post=942"},{"taxonomy":"product_tag","embeddable":true,"href":"https:\/\/fittingall.com\/es\/wp-json\/wp\/v2\/product_tag?post=942"}],"curies":[{"name":"wp","href":"https:\/\/api.w.org\/{rel}","templated":true}]}}