{"id":949,"date":"2022-05-04T11:04:59","date_gmt":"2022-05-04T10:04:59","guid":{"rendered":"https:\/\/fittingall.com\/?post_type=product&#038;p=949"},"modified":"2022-05-04T11:10:09","modified_gmt":"2022-05-04T10:10:09","slug":"buzo-desechable-1188-b3456-pro","status":"publish","type":"product","link":"https:\/\/fittingall.com\/es\/producto\/buzo-desechable-1188-b3456-pro\/","title":{"rendered":"Buzo riesgo qu\u00edmico 1188-B3456 PRO"},"content":{"rendered":"<div class=\"productos_detalles_descripcion\">Caracter\u00edsticas: Buzo desechable STEELGEN <b>libre de silicona y l\u00e1tex<\/b>\u00a0con capucha de tres piezas, cierre frontal de cremallera con tapeta adhesiva. Ajuste el\u00e1stico en capucha y cintura, pu\u00f1os y tobillos. Costuras termo- selladas. Sujeta-dedos en mangas y cubre-barbilla.<br \/>\nBuzo antiest\u00e1tico por ambas caras.<br \/>\nMaterial: 60% Polipropileno y 40% Polietileno (82 gramos\/m\u00b2).Usos y empleo: mantenimiento Industrial, industria qu\u00edmica, manipulaci\u00f3n de part\u00edculas (fibras de vidrio, polvos t\u00f3xicos, amianto\u2026), limpieza Industrial (tanques\u2026), salas blancas, rociado pintura, actividades con riesgo biol\u00f3gico (agricultura, veterinaria, descomposici\u00f3n org\u00e1nica, residuos, alimentaria\u2026), sector farmac\u00e9utico, construcci\u00f3n naval, espacios confinados (t\u00faneles, miner\u00eda\u2026), sector petroqu\u00edmico.<\/div>\n<div><\/div>\n<div class=\"productos_detalles_talla\">Talla S|M|L|XL|XXL|XXXL<\/div>\n<div class=\"productos_detalles_riesgos\">\n<div class=\"row contenido_riesgos\">\n<div class=\"col-xs-6 col-sm-4 col-md-6 col-lg-4\">\n<div class=\"media\">\n<div class=\"media-left\"><\/div>\n<\/div>\n<\/div>\n<\/div>\n<\/div>\n","protected":false},"excerpt":{"rendered":"<p>STEELGEN 5000. Buzo desechable <strong>riesgo qu\u00edmico<\/strong> tipo 3, 4, 5 y 6. Protecci\u00f3n Biol\u00f3gica(EN14126). Antiest\u00e1tico (EN1149-5) y protecci\u00f3n contra part\u00edculas radioactivas(EN1073-2).<\/p>\n","protected":false},"featured_media":950,"comment_status":"open","ping_status":"closed","template":"","meta":[],"product_brand":[],"product_cat":[66,30,90],"product_tag":[],"class_list":{"0":"post-949","1":"product","2":"type-product","3":"status-publish","4":"has-post-thumbnail","6":"product_cat-buzos","7":"product_cat-proteccion","8":"product_cat-vestuario-desechable","10":"first","11":"instock","12":"taxable","13":"shipping-taxable","14":"product-type-simple"},"supplier_id":944,"supplier_sku":"1188-B3456 PRO","barcode":null,"atum_controlled":true,"out_stock_date":null,"out_stock_threshold":null,"inheritable":false,"inbound_stock":null,"stock_on_hold":0,"sold_today":0,"sales_last_days":0,"reserved_stock":null,"customer_returns":null,"warehouse_damage":null,"lost_in_post":null,"other_logs":null,"out_stock_days":0,"lost_sales":0,"has_location":false,"update_date":"2026-04-05T01:13:53","atum_locations":[],"atum_stock_status":"instock","restock_status":false,"low_stock_amount":"","sales_update_date":"2026-04-05T01:13:53","calc_backorders":null,"_links":{"self":[{"href":"https:\/\/fittingall.com\/es\/wp-json\/wp\/v2\/product\/949","targetHints":{"allow":["GET"]}}],"collection":[{"href":"https:\/\/fittingall.com\/es\/wp-json\/wp\/v2\/product"}],"about":[{"href":"https:\/\/fittingall.com\/es\/wp-json\/wp\/v2\/types\/product"}],"replies":[{"embeddable":true,"href":"https:\/\/fittingall.com\/es\/wp-json\/wp\/v2\/comments?post=949"}],"wp:featuredmedia":[{"embeddable":true,"href":"https:\/\/fittingall.com\/es\/wp-json\/wp\/v2\/media\/950"}],"wp:attachment":[{"href":"https:\/\/fittingall.com\/es\/wp-json\/wp\/v2\/media?parent=949"}],"wp:term":[{"taxonomy":"product_brand","embeddable":true,"href":"https:\/\/fittingall.com\/es\/wp-json\/wp\/v2\/product_brand?post=949"},{"taxonomy":"product_cat","embeddable":true,"href":"https:\/\/fittingall.com\/es\/wp-json\/wp\/v2\/product_cat?post=949"},{"taxonomy":"product_tag","embeddable":true,"href":"https:\/\/fittingall.com\/es\/wp-json\/wp\/v2\/product_tag?post=949"}],"curies":[{"name":"wp","href":"https:\/\/api.w.org\/{rel}","templated":true}]}}