{"id":956,"date":"2022-05-04T12:36:01","date_gmt":"2022-05-04T11:36:01","guid":{"rendered":"https:\/\/fittingall.com\/?post_type=product&#038;p=956"},"modified":"2022-05-04T12:36:01","modified_gmt":"2022-05-04T11:36:01","slug":"chaleco-288-vtp","status":"publish","type":"product","link":"https:\/\/fittingall.com\/es\/producto\/chaleco-288-vtp\/","title":{"rendered":"Chaleco 288-VTP"},"content":{"rendered":"<div class=\"productos_detalles_descripcion\">Chaleco muy ligero y confortable. Dise\u00f1o ergon\u00f3mico y casual. Perfecta relaci\u00f3n: t\u00e9rmica vs. peso. Ideal para trabajos que requieran ligereza y agilidad. Dise\u00f1o en torax destinado a tener mayor movilidad y torsi\u00f3n.<\/p>\n<p>\u2022 El\u00e1stico en cintura, y en sisa para ajuste en bocamanga, para as\u00ed evitar p\u00e9rdida de calor corporal.<br \/>\n\u2022 2 bolsillos exteriores con boca vertical, ubicados a ambos lados del inferior del panel frontal.<br \/>\nApertura y cierre con cremallera vertical, invisible, de poli\u00e9ster tipo espiral de 7mm, gris.<br \/>\n\u2022 2 bolsillos interiores con boca horizontal, ubicados a ambos lados del inferior del panel frontal.<br \/>\n\u2022 Cierre frontal de cremallera vertical, visible, de poli\u00e9ster tipo espiral de 7mm, gris, con tope en borde del cuello alto, y tirador de f\u00e1cil detecci\u00f3n sin necesidad de desteridad.<\/p>\n<p>Composici\u00f3n: Exterior: 100% poli\u00e9ster (80 gr.\/m2)<br \/>\nAcolchado: 100% poli\u00e9ster (160 gr.\/m2)<br \/>\nInterior: 100% poli\u00e9ster (60 gr.\/m2)<br \/>\nMasa laminar total: 300 gr.\/m2<\/p><\/div>\n<div class=\"productos_detalles_talla\">Talla S|M|L|XL|XXL|XXXL<\/div>\n","protected":false},"excerpt":{"rendered":"<p>Chaleco tipo plumas azul marino<\/p>\n","protected":false},"featured_media":957,"comment_status":"open","ping_status":"closed","template":"","meta":[],"product_brand":[],"product_cat":[30,89],"product_tag":[95],"class_list":{"0":"post-956","1":"product","2":"type-product","3":"status-publish","4":"has-post-thumbnail","6":"product_cat-proteccion","7":"product_cat-vestuario-laboral","8":"product_tag-abrigo-y-lluvia","10":"first","11":"instock","12":"taxable","13":"shipping-taxable","14":"product-type-simple"},"supplier_id":944,"supplier_sku":"288-VTP","barcode":null,"atum_controlled":true,"out_stock_date":null,"out_stock_threshold":null,"inheritable":false,"inbound_stock":null,"stock_on_hold":0,"sold_today":0,"sales_last_days":0,"reserved_stock":null,"customer_returns":null,"warehouse_damage":null,"lost_in_post":null,"other_logs":null,"out_stock_days":0,"lost_sales":0,"has_location":false,"update_date":"2026-05-10T09:31:57","atum_locations":[],"atum_stock_status":"instock","restock_status":false,"low_stock_amount":"","sales_update_date":"2026-05-10T09:31:57","calc_backorders":null,"_links":{"self":[{"href":"https:\/\/fittingall.com\/es\/wp-json\/wp\/v2\/product\/956","targetHints":{"allow":["GET"]}}],"collection":[{"href":"https:\/\/fittingall.com\/es\/wp-json\/wp\/v2\/product"}],"about":[{"href":"https:\/\/fittingall.com\/es\/wp-json\/wp\/v2\/types\/product"}],"replies":[{"embeddable":true,"href":"https:\/\/fittingall.com\/es\/wp-json\/wp\/v2\/comments?post=956"}],"wp:featuredmedia":[{"embeddable":true,"href":"https:\/\/fittingall.com\/es\/wp-json\/wp\/v2\/media\/957"}],"wp:attachment":[{"href":"https:\/\/fittingall.com\/es\/wp-json\/wp\/v2\/media?parent=956"}],"wp:term":[{"taxonomy":"product_brand","embeddable":true,"href":"https:\/\/fittingall.com\/es\/wp-json\/wp\/v2\/product_brand?post=956"},{"taxonomy":"product_cat","embeddable":true,"href":"https:\/\/fittingall.com\/es\/wp-json\/wp\/v2\/product_cat?post=956"},{"taxonomy":"product_tag","embeddable":true,"href":"https:\/\/fittingall.com\/es\/wp-json\/wp\/v2\/product_tag?post=956"}],"curies":[{"name":"wp","href":"https:\/\/api.w.org\/{rel}","templated":true}]}}