{"id":958,"date":"2022-05-04T12:41:23","date_gmt":"2022-05-04T11:41:23","guid":{"rendered":"https:\/\/fittingall.com\/?post_type=product&#038;p=958"},"modified":"2022-05-04T12:41:23","modified_gmt":"2022-05-04T11:41:23","slug":"cazadora-alta-visibilidad-388-cfye","status":"publish","type":"product","link":"https:\/\/fittingall.com\/es\/producto\/cazadora-alta-visibilidad-388-cfye\/","title":{"rendered":"Cazadora Alta Visibilidad 388-CFYE"},"content":{"rendered":"<div class=\"productos_detalles_descripcion\">Alta Visibilidad. Amarillo fluor.<br \/>\nGramaje material de fondo: 200 gr.<br \/>\nComposici\u00f3n: 20% algod\u00f3n y 80% poli\u00e9ster<\/div>\n<div><\/div>\n<div class=\"productos_detalles_talla\">Talla 48|50|52|54|56|58|60|62|64|66|68<\/div>\n<div><\/div>\n<div class=\"productos_detalles_norma\"><img loading=\"lazy\" decoding=\"async\" src=\"https:\/\/marcapl.com\/marca\/img\/logo_CE.png\" width=\"30\" height=\"30\" \/>\u00a0EN 13688<\/div>\n<div class=\"productos_detalles_riesgos\">\n<div class=\"row contenido_riesgos\">\n<div class=\"col-xs-6 col-sm-4 col-md-6 col-lg-4\">\n<div class=\"media\">\n<div class=\"media-left\"><img loading=\"lazy\" decoding=\"async\" class=\"\" title=\"EN 20471 3\" src=\"https:\/\/marcapl.com\/marca\/img\/riesgos\/riesgos_alta_visibilidad\/riesgos_alta_visibilidad_20471_3.png\" alt=\"EN 20471 3\" width=\"92\" height=\"92\" \/><\/div>\n<div class=\"media-body media-middle text-left\">EN 20471 3<\/div>\n<\/div>\n<\/div>\n<\/div>\n<\/div>\n","protected":false},"excerpt":{"rendered":"<p>Cazadora normal econ\u00f3mica<\/p>\n","protected":false},"featured_media":959,"comment_status":"open","ping_status":"closed","template":"","meta":[],"product_brand":[],"product_cat":[30,89],"product_tag":[96],"class_list":{"0":"post-958","1":"product","2":"type-product","3":"status-publish","4":"has-post-thumbnail","6":"product_cat-proteccion","7":"product_cat-vestuario-laboral","8":"product_tag-alta-visibilidad","10":"first","11":"instock","12":"taxable","13":"shipping-taxable","14":"product-type-simple"},"supplier_id":944,"supplier_sku":"388-CFYE","barcode":null,"atum_controlled":true,"out_stock_date":null,"out_stock_threshold":null,"inheritable":false,"inbound_stock":null,"stock_on_hold":0,"sold_today":0,"sales_last_days":0,"reserved_stock":null,"customer_returns":null,"warehouse_damage":null,"lost_in_post":null,"other_logs":null,"out_stock_days":0,"lost_sales":0,"has_location":false,"update_date":"2026-05-10T09:31:57","atum_locations":[],"atum_stock_status":"instock","restock_status":false,"low_stock_amount":"","sales_update_date":"2026-05-10T09:31:57","calc_backorders":null,"_links":{"self":[{"href":"https:\/\/fittingall.com\/es\/wp-json\/wp\/v2\/product\/958","targetHints":{"allow":["GET"]}}],"collection":[{"href":"https:\/\/fittingall.com\/es\/wp-json\/wp\/v2\/product"}],"about":[{"href":"https:\/\/fittingall.com\/es\/wp-json\/wp\/v2\/types\/product"}],"replies":[{"embeddable":true,"href":"https:\/\/fittingall.com\/es\/wp-json\/wp\/v2\/comments?post=958"}],"wp:featuredmedia":[{"embeddable":true,"href":"https:\/\/fittingall.com\/es\/wp-json\/wp\/v2\/media\/959"}],"wp:attachment":[{"href":"https:\/\/fittingall.com\/es\/wp-json\/wp\/v2\/media?parent=958"}],"wp:term":[{"taxonomy":"product_brand","embeddable":true,"href":"https:\/\/fittingall.com\/es\/wp-json\/wp\/v2\/product_brand?post=958"},{"taxonomy":"product_cat","embeddable":true,"href":"https:\/\/fittingall.com\/es\/wp-json\/wp\/v2\/product_cat?post=958"},{"taxonomy":"product_tag","embeddable":true,"href":"https:\/\/fittingall.com\/es\/wp-json\/wp\/v2\/product_tag?post=958"}],"curies":[{"name":"wp","href":"https:\/\/api.w.org\/{rel}","templated":true}]}}