{"id":966,"date":"2022-05-04T12:56:55","date_gmt":"2022-05-04T11:56:55","guid":{"rendered":"https:\/\/fittingall.com\/?post_type=product&#038;p=966"},"modified":"2022-05-04T15:56:32","modified_gmt":"2022-05-04T14:56:32","slug":"calzado-seguridad-1688-zbm-pro","status":"publish","type":"product","link":"https:\/\/fittingall.com\/es\/producto\/calzado-seguridad-1688-zbm-pro\/","title":{"rendered":"Calzado seguridad 1688-ZBM PRO"},"content":{"rendered":"<div class=\"productos_detalles_descripcion\">\n<p>Aplicaciones: Uso en m\u00faltiples sectores y aplicaciones donde se necesite un calzado blanco con tope de seguridad, en ambientes h\u00famedos (S2), que se requiera el m\u00e1ximo nivel antideslizamiento (SRC), como transporte congelados, cocinas, distribuci\u00f3n alimentaria, trabajos relacionados con pintura y decoraci\u00f3n\u2026<\/p>\n<p>Caracter\u00edsticas y ventajas: Zapato blanco sin cordoneras en microfibra. El tejido microfibra posee una serie de ventajas con respecto a la piel: m\u00e1s transpirable, m\u00e1s flexible, m\u00e1s higi\u00e9nico, de m\u00e1s f\u00e1cil limpieza.<br \/>\nMicrofibra resistente a la grasa y la sangre (ASTM F1670).<br \/>\nSuela en Poliuretano Bidensidad SRC.<br \/>\nPlantilla acolchada y antibacteriana.<\/p>\n<\/div>\n<div class=\"productos_detalles_talla\">Talla 35|36|37|38|39|40|41|42|43|44|45|46|47<\/div>\n<div><\/div>\n<div class=\"productos_detalles_norma\"><img loading=\"lazy\" decoding=\"async\" src=\"https:\/\/marcapl.com\/marca\/img\/logo_CE.png\" width=\"30\" height=\"30\" \/>\u00a0EN20345 S2<\/div>\n<div><\/div>\n<div><img loading=\"lazy\" decoding=\"async\" class=\"alignnone\" style=\"font-family: -apple-system, BlinkMacSystemFont, 'Segoe UI', Roboto, Oxygen-Sans, Ubuntu, Cantarell, 'Helvetica Neue', sans-serif;\" title=\"Resistente a 200 J\" src=\"https:\/\/marcapl.com\/marca\/img\/riesgos\/riesgos_calzado_de_seguridad\/riesgos_calzado_de_seguridad_resistente_200j.png\" alt=\"Resistente a 200 J\" width=\"200\" height=\"50\" data-wp-editing=\"1\" \/><img loading=\"lazy\" decoding=\"async\" class=\"alignnone\" style=\"font-family: -apple-system, BlinkMacSystemFont, 'Segoe UI', Roboto, Oxygen-Sans, Ubuntu, Cantarell, 'Helvetica Neue', sans-serif;\" title=\"Antiest\u00e1tico\" src=\"https:\/\/marcapl.com\/marca\/img\/riesgos\/riesgos_calzado_de_seguridad\/riesgos_calzado_de_seguridad_antiestatico.png\" alt=\"Antiest\u00e1tico\" width=\"200\" height=\"50\" \/><img decoding=\"async\" style=\"font-family: -apple-system, BlinkMacSystemFont, 'Segoe UI', Roboto, Oxygen-Sans, Ubuntu, Cantarell, 'Helvetica Neue', sans-serif;\" title=\"Repelente al agua\" src=\"https:\/\/marcapl.com\/marca\/img\/riesgos\/riesgos_calzado_de_seguridad\/riesgos_calzado_de_seguridad_repelente_agua.png\" alt=\"Repelente al agua\" height=\"50\" \/><\/div>\n<div class=\"productos_detalles_riesgos\">\n<div class=\"row contenido_riesgos\">\n<div class=\"col-xs-6 col-sm-4 col-md-6 col-lg-4\">\n<div class=\"media\">\n<div><\/div>\n<\/div>\n<\/div>\n<div class=\"col-xs-6 col-sm-4 col-md-6 col-lg-4\">\n<div class=\"media\">\n<div class=\"media-left\"><img decoding=\"async\" style=\"font-family: -apple-system, BlinkMacSystemFont, 'Segoe UI', Roboto, Oxygen-Sans, Ubuntu, Cantarell, 'Helvetica Neue', sans-serif;\" title=\"Resistente a los aceites\" src=\"https:\/\/marcapl.com\/marca\/img\/riesgos\/riesgos_calzado_de_seguridad\/riesgos_calzado_de_seguridad_resistente_aceites.png\" alt=\"Resistente a los aceites\" height=\"50\" \/><img decoding=\"async\" style=\"font-family: -apple-system, BlinkMacSystemFont, 'Segoe UI', Roboto, Oxygen-Sans, Ubuntu, Cantarell, 'Helvetica Neue', sans-serif;\" title=\"Resistente a hidrocarburos\" src=\"https:\/\/marcapl.com\/marca\/img\/riesgos\/riesgos_calzado_de_seguridad\/riesgos_calzado_de_seguridad_resistente_hidrocarburos.png\" alt=\"Resistente a hidrocarburos\" height=\"50\" \/><img decoding=\"async\" style=\"font-family: -apple-system, BlinkMacSystemFont, 'Segoe UI', Roboto, Oxygen-Sans, Ubuntu, Cantarell, 'Helvetica Neue', sans-serif;\" title=\"Absorci\u00f3n de choques\" src=\"https:\/\/marcapl.com\/marca\/img\/riesgos\/riesgos_calzado_de_seguridad\/riesgos_calzado_de_seguridad_absorcion_choques.png\" alt=\"Absorci\u00f3n de choques\" height=\"50\" \/><\/div>\n<div><\/div>\n<\/div>\n<\/div>\n<div class=\"col-xs-6 col-sm-4 col-md-6 col-lg-4\">\n<div class=\"media\">\n<div class=\"media-body media-middle text-left\"><img decoding=\"async\" style=\"font-family: -apple-system, BlinkMacSystemFont, 'Segoe UI', Roboto, Oxygen-Sans, Ubuntu, Cantarell, 'Helvetica Neue', sans-serif;\" title=\"Suela antideslizante\" src=\"https:\/\/marcapl.com\/marca\/img\/riesgos\/riesgos_calzado_de_seguridad\/riesgos_calzado_de_seguridad_suela_antideslizante.png\" alt=\"Suela antideslizante\" height=\"50\" \/><img decoding=\"async\" style=\"font-family: -apple-system, BlinkMacSystemFont, 'Segoe UI', Roboto, Oxygen-Sans, Ubuntu, Cantarell, 'Helvetica Neue', sans-serif;\" title=\"Resistencia al fr\u00edo\" src=\"https:\/\/marcapl.com\/marca\/img\/riesgos\/riesgos_calzado_de_seguridad\/riesgos_calzado_de_seguridad_resistencia_frio.png\" alt=\"Resistencia al fr\u00edo\" height=\"50\" \/><img decoding=\"async\" style=\"font-family: -apple-system, BlinkMacSystemFont, 'Segoe UI', Roboto, Oxygen-Sans, Ubuntu, Cantarell, 'Helvetica Neue', sans-serif;\" title=\"Puntera reforzada\" src=\"https:\/\/marcapl.com\/marca\/img\/riesgos\/riesgos_calzado_de_seguridad\/riesgos_calzado_de_seguridad_puntera_reforzada.png\" alt=\"Puntera reforzada\" height=\"50\" \/><\/div>\n<\/div>\n<\/div>\n<div class=\"col-xs-6 col-sm-4 col-md-6 col-lg-4\">\n<div class=\"media\">\n<div class=\"media-body media-middle text-left\"><\/div>\n<\/div>\n<\/div>\n<div class=\"col-xs-6 col-sm-4 col-md-6 col-lg-4\">\n<div class=\"media\">\n<div class=\"media-left\"><img decoding=\"async\" title=\"Metal Free\" src=\"https:\/\/marcapl.com\/marca\/img\/riesgos\/riesgos_calzado_de_seguridad\/riesgos_calzado_de_seguridad_metal_free.png\" alt=\"Metal Free\" height=\"50\" \/><\/div>\n<\/div>\n<\/div>\n<\/div>\n<\/div>\n","protected":false},"excerpt":{"rendered":"<p>Zapato mod. \u00abADRIATICO\u00bb. Zapato tipo mocas\u00edn microfibra S2 \u00abMetal Free\u00bb color blanco con suela de poliuretano doble densidad.<\/p>\n","protected":false},"featured_media":968,"comment_status":"open","ping_status":"closed","template":"","meta":[],"product_brand":[],"product_cat":[30,89],"product_tag":[98],"class_list":{"0":"post-966","1":"product","2":"type-product","3":"status-publish","4":"has-post-thumbnail","6":"product_cat-proteccion","7":"product_cat-vestuario-laboral","8":"product_tag-calzado-seguridad","10":"first","11":"instock","12":"taxable","13":"shipping-taxable","14":"product-type-simple"},"supplier_id":944,"supplier_sku":"1688-ZBM PRO","barcode":null,"atum_controlled":true,"out_stock_date":null,"out_stock_threshold":null,"inheritable":false,"inbound_stock":null,"stock_on_hold":0,"sold_today":0,"sales_last_days":0,"reserved_stock":null,"customer_returns":null,"warehouse_damage":null,"lost_in_post":null,"other_logs":null,"out_stock_days":0,"lost_sales":0,"has_location":false,"update_date":"2026-04-05T01:13:53","atum_locations":[],"atum_stock_status":"instock","restock_status":false,"low_stock_amount":"","sales_update_date":"2026-04-05T01:13:53","calc_backorders":null,"_links":{"self":[{"href":"https:\/\/fittingall.com\/es\/wp-json\/wp\/v2\/product\/966","targetHints":{"allow":["GET"]}}],"collection":[{"href":"https:\/\/fittingall.com\/es\/wp-json\/wp\/v2\/product"}],"about":[{"href":"https:\/\/fittingall.com\/es\/wp-json\/wp\/v2\/types\/product"}],"replies":[{"embeddable":true,"href":"https:\/\/fittingall.com\/es\/wp-json\/wp\/v2\/comments?post=966"}],"wp:featuredmedia":[{"embeddable":true,"href":"https:\/\/fittingall.com\/es\/wp-json\/wp\/v2\/media\/968"}],"wp:attachment":[{"href":"https:\/\/fittingall.com\/es\/wp-json\/wp\/v2\/media?parent=966"}],"wp:term":[{"taxonomy":"product_brand","embeddable":true,"href":"https:\/\/fittingall.com\/es\/wp-json\/wp\/v2\/product_brand?post=966"},{"taxonomy":"product_cat","embeddable":true,"href":"https:\/\/fittingall.com\/es\/wp-json\/wp\/v2\/product_cat?post=966"},{"taxonomy":"product_tag","embeddable":true,"href":"https:\/\/fittingall.com\/es\/wp-json\/wp\/v2\/product_tag?post=966"}],"curies":[{"name":"wp","href":"https:\/\/api.w.org\/{rel}","templated":true}]}}