{"id":972,"date":"2022-05-04T13:15:17","date_gmt":"2022-05-04T12:15:17","guid":{"rendered":"https:\/\/fittingall.com\/?post_type=product&#038;p=972"},"modified":"2022-05-04T13:15:17","modified_gmt":"2022-05-04T12:15:17","slug":"calzado-seguridad-1688-zs1","status":"publish","type":"product","link":"https:\/\/fittingall.com\/es\/producto\/calzado-seguridad-1688-zs1\/","title":{"rendered":"Calzado seguridad 1688-ZS1"},"content":{"rendered":"<div class=\"productos_detalles_descripcion\">Aplicaciones: Uso General en m\u00faltiples sectores y aplicaciones donde se necesite un calzado de seguridad (tope de seguridad), como construcci\u00f3n, talleres, log\u00edstica, automoci\u00f3n y fabricaci\u00f3n e industria en general.<\/p>\n<p>Caracter\u00edsticas y ventajas:<br \/>\n&#8211; Piel serraje combinada con un tejido de alto rendimiento y alta resistencia a descosidos y desgarros.<br \/>\n&#8211; Tope de seguridad.<br \/>\n&#8211; Suela Bidensidad Poliuretano (zona de confort menor densidad que la zona de contacto con el suelo).<br \/>\n&#8211; M\u00e1ximo coeficiente anti-deslizamiento SRC.<br \/>\n<b>Categor\u00eda: S1 SRC E A<\/b><\/div>\n<div class=\"productos_detalles_talla\">Talla 36|37|38|39|40|41|42|43|44|45|46|47<\/div>\n<div class=\"productos_detalles_norma\"><img loading=\"lazy\" decoding=\"async\" src=\"https:\/\/marcapl.com\/marca\/img\/logo_CE.png\" width=\"30\" height=\"30\" \/>\u00a0EN20345 S1<\/div>\n<div><\/div>\n<div class=\"productos_detalles_riesgos\">\n<div class=\"row contenido_riesgos\">\n<div class=\"col-xs-6 col-sm-4 col-md-6 col-lg-4\">\n<div class=\"media\">\n<div class=\"media-left\"><img decoding=\"async\" title=\"Resistente a 200 J\" src=\"https:\/\/marcapl.com\/marca\/img\/riesgos\/riesgos_calzado_de_seguridad\/riesgos_calzado_de_seguridad_resistente_200j.png\" alt=\"Resistente a 200 J\" height=\"50\" \/><img decoding=\"async\" style=\"font-family: -apple-system, BlinkMacSystemFont, 'Segoe UI', Roboto, Oxygen-Sans, Ubuntu, Cantarell, 'Helvetica Neue', sans-serif;\" title=\"Antiest\u00e1tico\" src=\"https:\/\/marcapl.com\/marca\/img\/riesgos\/riesgos_calzado_de_seguridad\/riesgos_calzado_de_seguridad_antiestatico.png\" alt=\"Antiest\u00e1tico\" height=\"50\" \/><img decoding=\"async\" style=\"font-family: -apple-system, BlinkMacSystemFont, 'Segoe UI', Roboto, Oxygen-Sans, Ubuntu, Cantarell, 'Helvetica Neue', sans-serif;\" title=\"Resistente a los aceites\" src=\"https:\/\/marcapl.com\/marca\/img\/riesgos\/riesgos_calzado_de_seguridad\/riesgos_calzado_de_seguridad_resistente_aceites.png\" alt=\"Resistente a los aceites\" height=\"50\" \/><\/div>\n<\/div>\n<\/div>\n<div class=\"col-xs-6 col-sm-4 col-md-6 col-lg-4\">\n<div class=\"media\">\n<div class=\"media-body media-middle text-left\"><\/div>\n<\/div>\n<\/div>\n<div class=\"col-xs-6 col-sm-4 col-md-6 col-lg-4\">\n<div class=\"media\">\n<div class=\"media-left\"><img decoding=\"async\" title=\"Resistente a hidrocarburos\" src=\"https:\/\/marcapl.com\/marca\/img\/riesgos\/riesgos_calzado_de_seguridad\/riesgos_calzado_de_seguridad_resistente_hidrocarburos.png\" alt=\"Resistente a hidrocarburos\" height=\"50\" \/><img decoding=\"async\" style=\"font-family: -apple-system, BlinkMacSystemFont, 'Segoe UI', Roboto, Oxygen-Sans, Ubuntu, Cantarell, 'Helvetica Neue', sans-serif;\" title=\"Absorci\u00f3n de choques\" src=\"https:\/\/marcapl.com\/marca\/img\/riesgos\/riesgos_calzado_de_seguridad\/riesgos_calzado_de_seguridad_absorcion_choques.png\" alt=\"Absorci\u00f3n de choques\" height=\"50\" \/><img decoding=\"async\" style=\"font-family: -apple-system, BlinkMacSystemFont, 'Segoe UI', Roboto, Oxygen-Sans, Ubuntu, Cantarell, 'Helvetica Neue', sans-serif;\" title=\"Suela antideslizante\" src=\"https:\/\/marcapl.com\/marca\/img\/riesgos\/riesgos_calzado_de_seguridad\/riesgos_calzado_de_seguridad_suela_antideslizante.png\" alt=\"Suela antideslizante\" height=\"50\" \/><\/div>\n<\/div>\n<\/div>\n<div class=\"col-xs-6 col-sm-4 col-md-6 col-lg-4\">\n<div class=\"media\">\n<div class=\"media-body media-middle text-left\"><\/div>\n<\/div>\n<\/div>\n<div class=\"col-xs-6 col-sm-4 col-md-6 col-lg-4\">\n<div class=\"media\">\n<div class=\"media-left\"><img decoding=\"async\" title=\"Puntera reforzada\" src=\"https:\/\/marcapl.com\/marca\/img\/riesgos\/riesgos_calzado_de_seguridad\/riesgos_calzado_de_seguridad_puntera_reforzada.png\" alt=\"Puntera reforzada\" height=\"50\" \/><\/div>\n<div class=\"media-body media-middle text-left\"><\/div>\n<\/div>\n<\/div>\n<\/div>\n<\/div>\n","protected":false},"excerpt":{"rendered":"<p>Mod. \u00abSCORPIO\u00bb. Zapato piel microfibra serraje perforada en S1 con suela de Poliuretano doble densidad. Sin plantilla antiperforaci\u00f3n.<\/p>\n","protected":false},"featured_media":970,"comment_status":"open","ping_status":"closed","template":"","meta":[],"product_brand":[],"product_cat":[30,89],"product_tag":[98],"class_list":{"0":"post-972","1":"product","2":"type-product","3":"status-publish","4":"has-post-thumbnail","6":"product_cat-proteccion","7":"product_cat-vestuario-laboral","8":"product_tag-calzado-seguridad","10":"first","11":"instock","12":"taxable","13":"shipping-taxable","14":"product-type-simple"},"supplier_id":944,"supplier_sku":"1688-ZS1","barcode":null,"atum_controlled":true,"out_stock_date":null,"out_stock_threshold":null,"inheritable":false,"inbound_stock":null,"stock_on_hold":0,"sold_today":0,"sales_last_days":0,"reserved_stock":null,"customer_returns":null,"warehouse_damage":null,"lost_in_post":null,"other_logs":null,"out_stock_days":0,"lost_sales":0,"has_location":false,"update_date":"2026-04-05T01:13:53","atum_locations":[],"atum_stock_status":"instock","restock_status":false,"low_stock_amount":"","sales_update_date":"2026-04-05T01:13:53","calc_backorders":null,"_links":{"self":[{"href":"https:\/\/fittingall.com\/es\/wp-json\/wp\/v2\/product\/972","targetHints":{"allow":["GET"]}}],"collection":[{"href":"https:\/\/fittingall.com\/es\/wp-json\/wp\/v2\/product"}],"about":[{"href":"https:\/\/fittingall.com\/es\/wp-json\/wp\/v2\/types\/product"}],"replies":[{"embeddable":true,"href":"https:\/\/fittingall.com\/es\/wp-json\/wp\/v2\/comments?post=972"}],"wp:featuredmedia":[{"embeddable":true,"href":"https:\/\/fittingall.com\/es\/wp-json\/wp\/v2\/media\/970"}],"wp:attachment":[{"href":"https:\/\/fittingall.com\/es\/wp-json\/wp\/v2\/media?parent=972"}],"wp:term":[{"taxonomy":"product_brand","embeddable":true,"href":"https:\/\/fittingall.com\/es\/wp-json\/wp\/v2\/product_brand?post=972"},{"taxonomy":"product_cat","embeddable":true,"href":"https:\/\/fittingall.com\/es\/wp-json\/wp\/v2\/product_cat?post=972"},{"taxonomy":"product_tag","embeddable":true,"href":"https:\/\/fittingall.com\/es\/wp-json\/wp\/v2\/product_tag?post=972"}],"curies":[{"name":"wp","href":"https:\/\/api.w.org\/{rel}","templated":true}]}}