{"id":978,"date":"2022-05-04T16:09:37","date_gmt":"2022-05-04T15:09:37","guid":{"rendered":"https:\/\/fittingall.com\/?post_type=product&#038;p=978"},"modified":"2022-05-04T16:09:37","modified_gmt":"2022-05-04T15:09:37","slug":"guantes-788-lf","status":"publish","type":"product","link":"https:\/\/fittingall.com\/es\/producto\/guantes-788-lf\/","title":{"rendered":"Guantes 788-LF"},"content":{"rendered":"<div class=\"productos_detalles_descripcion\">Aplicaciones: Manipulaci\u00f3n General. Riesgos Mec\u00e1nicos. Protecci\u00f3n contra el fr\u00edo. Actividades de manipulaci\u00f3n en exteriores con riesgos mec\u00e1nicos en medio seco donde se necesite flexibilidad, comodidad y tacto, tales como trabajos de conducci\u00f3n (tractores, camiones, operadores de gr\u00faa), carga y descarga, tareas de log\u00edstica, automoci\u00f3n, obra p\u00fablica, construcci\u00f3n, ensamblaje de piezas en exteriores.<\/p>\n<p>Caracter\u00edsticas y ventajas: &#8211; Guante tipo conductor fabricado con piel flor vacuno de excelente calidad.<br \/>\nC\u00e1lido forro interior de poli\u00e9ster\/algod\u00f3n.<br \/>\n&#8211; El flor vacuno otorga al guante una excelente resistencia a la abrasi\u00f3n y al desgarro, a la vez que le otorga mayor durabilidad y destreza.<br \/>\n&#8211; Libres de Cromo, PCP, Bencidina y otros productos qu\u00edmicos, por lo que protegen la salud del usuario y el medio ambiente.<br \/>\n&#8211; Fabricado bajo el sistema de gesti\u00f3n de calidad ISO:9001-2008.<br \/>\n&#8211; Calidad constante en la piel.<\/p><\/div>\n<div><\/div>\n<div class=\"productos_detalles_norma\"><img loading=\"lazy\" decoding=\"async\" src=\"https:\/\/marcapl.com\/marca\/img\/logo_CE.png\" width=\"30\" height=\"30\" \/>\u00a0EN 420<\/div>\n<div><\/div>\n<div class=\"productos_detalles_riesgos\">\n<div class=\"row contenido_riesgos\">\n<div class=\"col-xs-6 col-sm-4 col-md-6 col-lg-4\">\n<div class=\"media\">\n<div class=\"media-left\"><img loading=\"lazy\" decoding=\"async\" class=\"\" title=\"EN 388 2,1,4,3\" src=\"https:\/\/marcapl.com\/marca\/img\/riesgos\/riesgos_guantes_de_trabajo\/riesgos_guantes_de_trabajo_388.png\" alt=\"EN 388 2,1,4,3\" width=\"72\" height=\"75\" \/><\/div>\n<div class=\"media-body media-middle text-left\">EN 388 2,1,4,3<\/div>\n<div><\/div>\n<\/div>\n<\/div>\n<div class=\"col-xs-6 col-sm-4 col-md-6 col-lg-4\">\n<div class=\"media\">\n<div class=\"media-left\"><img loading=\"lazy\" decoding=\"async\" class=\"\" title=\"EN 388:16 2132X\" src=\"https:\/\/marcapl.com\/marca\/img\/riesgos\/riesgos_guantes_de_trabajo\/riesgos_guantes_de_trabajo_388.png\" alt=\"EN 388:16 2132X\" width=\"71\" height=\"75\" \/><\/div>\n<div class=\"media-body media-middle text-left\">EN 388:16 2132X<\/div>\n<\/div>\n<\/div>\n<\/div>\n<\/div>\n","protected":false},"excerpt":{"rendered":"<p>Guante tipo conductor piel flor vacuno con forro interior para abrigo.<\/p>\n","protected":false},"featured_media":983,"comment_status":"open","ping_status":"closed","template":"","meta":[],"product_brand":[],"product_cat":[30,89],"product_tag":[95],"class_list":{"0":"post-978","1":"product","2":"type-product","3":"status-publish","4":"has-post-thumbnail","6":"product_cat-proteccion","7":"product_cat-vestuario-laboral","8":"product_tag-abrigo-y-lluvia","10":"first","11":"instock","12":"taxable","13":"shipping-taxable","14":"product-type-simple"},"supplier_id":944,"supplier_sku":"788-LF","barcode":null,"atum_controlled":true,"out_stock_date":null,"out_stock_threshold":null,"inheritable":false,"inbound_stock":0,"stock_on_hold":0,"sold_today":0,"sales_last_days":0,"reserved_stock":0,"customer_returns":0,"warehouse_damage":0,"lost_in_post":0,"other_logs":0,"out_stock_days":0,"lost_sales":0,"has_location":false,"update_date":"2026-04-05T01:13:53","atum_locations":[],"atum_stock_status":"instock","restock_status":false,"low_stock_amount":"","sales_update_date":"2026-04-05T01:13:53","calc_backorders":null,"_links":{"self":[{"href":"https:\/\/fittingall.com\/es\/wp-json\/wp\/v2\/product\/978","targetHints":{"allow":["GET"]}}],"collection":[{"href":"https:\/\/fittingall.com\/es\/wp-json\/wp\/v2\/product"}],"about":[{"href":"https:\/\/fittingall.com\/es\/wp-json\/wp\/v2\/types\/product"}],"replies":[{"embeddable":true,"href":"https:\/\/fittingall.com\/es\/wp-json\/wp\/v2\/comments?post=978"}],"wp:featuredmedia":[{"embeddable":true,"href":"https:\/\/fittingall.com\/es\/wp-json\/wp\/v2\/media\/983"}],"wp:attachment":[{"href":"https:\/\/fittingall.com\/es\/wp-json\/wp\/v2\/media?parent=978"}],"wp:term":[{"taxonomy":"product_brand","embeddable":true,"href":"https:\/\/fittingall.com\/es\/wp-json\/wp\/v2\/product_brand?post=978"},{"taxonomy":"product_cat","embeddable":true,"href":"https:\/\/fittingall.com\/es\/wp-json\/wp\/v2\/product_cat?post=978"},{"taxonomy":"product_tag","embeddable":true,"href":"https:\/\/fittingall.com\/es\/wp-json\/wp\/v2\/product_tag?post=978"}],"curies":[{"name":"wp","href":"https:\/\/api.w.org\/{rel}","templated":true}]}}