{"id":985,"date":"2022-05-05T09:10:15","date_gmt":"2022-05-05T08:10:15","guid":{"rendered":"https:\/\/fittingall.com\/?post_type=product&#038;p=985"},"modified":"2022-05-05T09:10:15","modified_gmt":"2022-05-05T08:10:15","slug":"guantes-788-re","status":"publish","type":"product","link":"https:\/\/fittingall.com\/es\/producto\/guantes-788-re\/","title":{"rendered":"Guantes 788-RE"},"content":{"rendered":"<div class=\"productos_detalles_descripcion\">Aplicaciones: Manipulaci\u00f3n General. Actividades de manipulaci\u00f3n pesada, tales como siderurgia, laminaci\u00f3n, sector naval, carga y descarga de mercanc\u00edas, manejo de herramienta manual pesada, jardiner\u00eda, agricultura, construcci\u00f3n.<\/p>\n<p>Caracter\u00edsticas y ventajas: &#8211; Guante tipo americano serraje vacuno, con manguito y forro en algod\u00f3n 100%.<br \/>\n&#8211; El serraje vacuno tiene mejor comportamiento en medio h\u00famedo, y es m\u00e1s adecuado para trabajos m\u00e1s pesados. Ofrece mayor resistencia a la abrasi\u00f3n.<br \/>\n&#8211; Reforzados con serraje en los puntos donde existe mayor desgaste del guante, por lo que se alarga la duraci\u00f3n del mismo.<br \/>\n&#8211; Transpirables y con buena absorci\u00f3n del sudor, al combinar piel y algod\u00f3n.<\/p><\/div>\n<div><\/div>\n<div class=\"productos_detalles_norma\"><img loading=\"lazy\" decoding=\"async\" src=\"https:\/\/marcapl.com\/marca\/img\/logo_CE.png\" width=\"30\" height=\"30\" \/>\u00a0EN 420<\/div>\n<div><\/div>\n<div class=\"productos_detalles_riesgos\">\n<div class=\"row contenido_riesgos\">\n<div class=\"col-xs-6 col-sm-4 col-md-6 col-lg-4\">\n<div class=\"media\">\n<div class=\"media-left\"><img loading=\"lazy\" decoding=\"async\" class=\"\" title=\"EN 388 3,2,2,3\" src=\"https:\/\/marcapl.com\/marca\/img\/riesgos\/riesgos_guantes_de_trabajo\/riesgos_guantes_de_trabajo_388.png\" alt=\"EN 388 3,2,2,3\" width=\"67\" height=\"70\" \/><\/div>\n<div class=\"media-body media-middle text-left\">EN 388 3,2,2,3<\/div>\n<\/div>\n<\/div>\n<div class=\"col-xs-6 col-sm-4 col-md-6 col-lg-4\">\n<div class=\"media\">\n<div class=\"media-left\"><img loading=\"lazy\" decoding=\"async\" class=\"\" title=\"EN 388:16 3123X\" src=\"https:\/\/marcapl.com\/marca\/img\/riesgos\/riesgos_guantes_de_trabajo\/riesgos_guantes_de_trabajo_388.png\" alt=\"EN 388:16 3123X\" width=\"60\" height=\"63\" \/><\/div>\n<div class=\"media-body media-middle text-left\">EN 388:16 3123X<\/div>\n<\/div>\n<\/div>\n<\/div>\n<\/div>\n","protected":false},"excerpt":{"rendered":"<p>Guante tipo americano mixto de serraje vacuno\/lona reforzado en palma, \u00edndice y pulgar.<\/p>\n","protected":false},"featured_media":984,"comment_status":"open","ping_status":"closed","template":"","meta":[],"product_brand":[],"product_cat":[30,89],"product_tag":[],"class_list":{"0":"post-985","1":"product","2":"type-product","3":"status-publish","4":"has-post-thumbnail","6":"product_cat-proteccion","7":"product_cat-vestuario-laboral","9":"first","10":"instock","11":"taxable","12":"shipping-taxable","13":"product-type-simple"},"supplier_id":944,"supplier_sku":"788-RE","barcode":null,"atum_controlled":true,"out_stock_date":null,"out_stock_threshold":null,"inheritable":false,"inbound_stock":0,"stock_on_hold":0,"sold_today":0,"sales_last_days":0,"reserved_stock":0,"customer_returns":0,"warehouse_damage":0,"lost_in_post":0,"other_logs":0,"out_stock_days":0,"lost_sales":0,"has_location":false,"update_date":"2026-05-10T09:31:57","atum_locations":[],"atum_stock_status":"instock","restock_status":false,"low_stock_amount":"","sales_update_date":"2026-05-10T09:31:57","calc_backorders":null,"_links":{"self":[{"href":"https:\/\/fittingall.com\/es\/wp-json\/wp\/v2\/product\/985","targetHints":{"allow":["GET"]}}],"collection":[{"href":"https:\/\/fittingall.com\/es\/wp-json\/wp\/v2\/product"}],"about":[{"href":"https:\/\/fittingall.com\/es\/wp-json\/wp\/v2\/types\/product"}],"replies":[{"embeddable":true,"href":"https:\/\/fittingall.com\/es\/wp-json\/wp\/v2\/comments?post=985"}],"wp:featuredmedia":[{"embeddable":true,"href":"https:\/\/fittingall.com\/es\/wp-json\/wp\/v2\/media\/984"}],"wp:attachment":[{"href":"https:\/\/fittingall.com\/es\/wp-json\/wp\/v2\/media?parent=985"}],"wp:term":[{"taxonomy":"product_brand","embeddable":true,"href":"https:\/\/fittingall.com\/es\/wp-json\/wp\/v2\/product_brand?post=985"},{"taxonomy":"product_cat","embeddable":true,"href":"https:\/\/fittingall.com\/es\/wp-json\/wp\/v2\/product_cat?post=985"},{"taxonomy":"product_tag","embeddable":true,"href":"https:\/\/fittingall.com\/es\/wp-json\/wp\/v2\/product_tag?post=985"}],"curies":[{"name":"wp","href":"https:\/\/api.w.org\/{rel}","templated":true}]}}