{"id":986,"date":"2022-05-05T09:12:44","date_gmt":"2022-05-05T08:12:44","guid":{"rendered":"https:\/\/fittingall.com\/?post_type=product&#038;p=986"},"modified":"2022-05-05T09:12:44","modified_gmt":"2022-05-05T08:12:44","slug":"guantes-688-cut","status":"publish","type":"product","link":"https:\/\/fittingall.com\/es\/producto\/guantes-688-cut\/","title":{"rendered":"Guantes 688-CUT"},"content":{"rendered":"<div class=\"productos_detalles_descripcion\">Aplicaciones: Manipulaci\u00f3n General. Protecci\u00f3n mec\u00e1nica y anti-corte. Guante especialmente dise\u00f1ado para trabajos de precisi\u00f3n donde se requiera una alta protecci\u00f3n anti-corte. Trabajos con metales, cristaler\u00eda, talleres, chapa\u2026<br \/>\nCaracter\u00edsticas y ventajas: Alto nivel anti-corte (D) seg\u00fan nuevo ensayo, EN ISO 13997, en Newtons de la nueva norma de riesgo mec\u00e1nico EN388:16.<br \/>\nM\u00e1ximo nivel a la abrasi\u00f3n y al desgarro (nivel 4).<br \/>\nRecubrimiento de PU (Poliuretano), que proporciona un excelente agarre, resistencia a la abrasi\u00f3n y transpirabilidad.<\/div>\n<div class=\"productos_detalles_talla\">Talla 7|8|9|10|11<\/div>\n<div><\/div>\n<div class=\"productos_detalles_norma\"><img loading=\"lazy\" decoding=\"async\" src=\"https:\/\/marcapl.com\/marca\/img\/logo_CE.png\" width=\"30\" height=\"30\" \/>\u00a0EN 420<\/div>\n<div><\/div>\n<div class=\"productos_detalles_riesgos\">\n<div class=\"row contenido_riesgos\">\n<div class=\"col-xs-6 col-sm-4 col-md-6 col-lg-4\">\n<div class=\"media\">\n<div class=\"media-left\"><img loading=\"lazy\" decoding=\"async\" class=\"\" title=\"EN 388:16 4442D\" src=\"https:\/\/marcapl.com\/marca\/img\/riesgos\/riesgos_guantes_de_trabajo\/riesgos_guantes_de_trabajo_388.png\" alt=\"EN 388:16 4442D\" width=\"66\" height=\"69\" \/><\/div>\n<div class=\"media-body media-middle text-left\">EN 388:16 4442D<\/div>\n<\/div>\n<\/div>\n<\/div>\n<\/div>\n","protected":false},"excerpt":{"rendered":"<p>Guante de fibra anti corte, recubrimiento de PU, con alto nivel Anti-corte (D).<\/p>\n","protected":false},"featured_media":979,"comment_status":"open","ping_status":"closed","template":"","meta":[],"product_brand":[],"product_cat":[30,89],"product_tag":[100],"class_list":{"0":"post-986","1":"product","2":"type-product","3":"status-publish","4":"has-post-thumbnail","6":"product_cat-proteccion","7":"product_cat-vestuario-laboral","8":"product_tag-anti-corte","10":"first","11":"instock","12":"taxable","13":"shipping-taxable","14":"product-type-simple"},"supplier_id":944,"supplier_sku":"688-CUT","barcode":null,"atum_controlled":true,"out_stock_date":null,"out_stock_threshold":null,"inheritable":false,"inbound_stock":0,"stock_on_hold":0,"sold_today":0,"sales_last_days":0,"reserved_stock":0,"customer_returns":0,"warehouse_damage":0,"lost_in_post":0,"other_logs":0,"out_stock_days":0,"lost_sales":0,"has_location":false,"update_date":"2026-05-10T09:31:57","atum_locations":[],"atum_stock_status":"instock","restock_status":false,"low_stock_amount":"","sales_update_date":"2026-05-10T09:31:57","calc_backorders":null,"_links":{"self":[{"href":"https:\/\/fittingall.com\/es\/wp-json\/wp\/v2\/product\/986","targetHints":{"allow":["GET"]}}],"collection":[{"href":"https:\/\/fittingall.com\/es\/wp-json\/wp\/v2\/product"}],"about":[{"href":"https:\/\/fittingall.com\/es\/wp-json\/wp\/v2\/types\/product"}],"replies":[{"embeddable":true,"href":"https:\/\/fittingall.com\/es\/wp-json\/wp\/v2\/comments?post=986"}],"wp:featuredmedia":[{"embeddable":true,"href":"https:\/\/fittingall.com\/es\/wp-json\/wp\/v2\/media\/979"}],"wp:attachment":[{"href":"https:\/\/fittingall.com\/es\/wp-json\/wp\/v2\/media?parent=986"}],"wp:term":[{"taxonomy":"product_brand","embeddable":true,"href":"https:\/\/fittingall.com\/es\/wp-json\/wp\/v2\/product_brand?post=986"},{"taxonomy":"product_cat","embeddable":true,"href":"https:\/\/fittingall.com\/es\/wp-json\/wp\/v2\/product_cat?post=986"},{"taxonomy":"product_tag","embeddable":true,"href":"https:\/\/fittingall.com\/es\/wp-json\/wp\/v2\/product_tag?post=986"}],"curies":[{"name":"wp","href":"https:\/\/api.w.org\/{rel}","templated":true}]}}