{"id":987,"date":"2022-05-05T09:15:04","date_gmt":"2022-05-05T08:15:04","guid":{"rendered":"https:\/\/fittingall.com\/?post_type=product&#038;p=987"},"modified":"2022-05-05T09:15:04","modified_gmt":"2022-05-05T08:15:04","slug":"guantes-688-nut","status":"publish","type":"product","link":"https:\/\/fittingall.com\/es\/producto\/guantes-688-nut\/","title":{"rendered":"Guantes 688-NUT"},"content":{"rendered":"<div class=\"productos_detalles_descripcion\">Aplicaciones: Manipulaci\u00f3n General. Actividades donde se requiera mucho tacto como farmacias, laboratorios, manipulaci\u00f3n de piezas, talleres, electr\u00f3nica y manipulaci\u00f3n en general donde exista un riesgo m\u00ednimo pero sea necesaria una protecci\u00f3n contra manchas y proteger al producto en su manipulaci\u00f3n.<\/p>\n<p>Caracter\u00edsticas y ventajas: &#8211; Guante de nitrilo azul sin empolvar, muy finos de gran sensibilidad t\u00e1ctil.<br \/>\nEl nitrilo es una sustancia flexible, que ofrece resistencia frente a grasas, aceites e hidrocarburos.<br \/>\nFabricado en un nitrilo de muy alta suavidad que reduce la fatiga de la mano del usuario, pero conservando altas propiedades mec\u00e1nicas y qu\u00edmicas.<br \/>\n&#8211; Libre de prote\u00ednas, por lo que no produce alergias.<br \/>\n&#8211; Fabricados bajo el sistema de gesti\u00f3n de calidad ISO 13485.<\/p>\n<p>(Precio y Ud.m\u00ednimas = 1 Pack de 100 uds.)<\/p><\/div>\n<div class=\"productos_detalles_talla\">Talla S|M|L<\/div>\n<div><\/div>\n<div class=\"productos_detalles_norma\"><img loading=\"lazy\" decoding=\"async\" src=\"https:\/\/marcapl.com\/marca\/img\/logo_CE.png\" width=\"30\" height=\"30\" \/>\u00a0EN 420<\/div>\n<div class=\"productos_detalles_riesgos\">\n<div class=\"row contenido_riesgos\">\n<div class=\"col-xs-6 col-sm-4 col-md-6 col-lg-4\">\n<div class=\"media\">\n<div class=\"media-left\"><img loading=\"lazy\" decoding=\"async\" class=\"\" title=\"V\u00e1lido para industria de alimentaci\u00f3n.\" src=\"https:\/\/marcapl.com\/marca\/img\/riesgos\/riesgos_guantes_de_trabajo\/riesgos_guantes_de_trabajo_alimentacion.png\" alt=\"V\u00e1lido para industria de alimentaci\u00f3n.\" width=\"84\" height=\"84\" \/><\/div>\n<div class=\"media-body media-middle text-left\">V\u00e1lido para industria de alimentaci\u00f3n.<\/div>\n<\/div>\n<\/div>\n<\/div>\n<\/div>\n","protected":false},"excerpt":{"rendered":"<p>Guante de nitrilo azul.<\/p>\n","protected":false},"featured_media":981,"comment_status":"open","ping_status":"closed","template":"","meta":[],"product_brand":[],"product_cat":[30,89],"product_tag":[],"class_list":{"0":"post-987","1":"product","2":"type-product","3":"status-publish","4":"has-post-thumbnail","6":"product_cat-proteccion","7":"product_cat-vestuario-laboral","9":"first","10":"instock","11":"taxable","12":"shipping-taxable","13":"product-type-simple"},"supplier_id":944,"supplier_sku":"688-NUT","barcode":null,"atum_controlled":true,"out_stock_date":null,"out_stock_threshold":null,"inheritable":false,"inbound_stock":0,"stock_on_hold":0,"sold_today":0,"sales_last_days":0,"reserved_stock":0,"customer_returns":0,"warehouse_damage":0,"lost_in_post":0,"other_logs":0,"out_stock_days":0,"lost_sales":0,"has_location":false,"update_date":"2026-04-05T01:13:53","atum_locations":[],"atum_stock_status":"instock","restock_status":false,"low_stock_amount":"","sales_update_date":"2026-04-05T01:13:53","calc_backorders":null,"_links":{"self":[{"href":"https:\/\/fittingall.com\/es\/wp-json\/wp\/v2\/product\/987","targetHints":{"allow":["GET"]}}],"collection":[{"href":"https:\/\/fittingall.com\/es\/wp-json\/wp\/v2\/product"}],"about":[{"href":"https:\/\/fittingall.com\/es\/wp-json\/wp\/v2\/types\/product"}],"replies":[{"embeddable":true,"href":"https:\/\/fittingall.com\/es\/wp-json\/wp\/v2\/comments?post=987"}],"wp:featuredmedia":[{"embeddable":true,"href":"https:\/\/fittingall.com\/es\/wp-json\/wp\/v2\/media\/981"}],"wp:attachment":[{"href":"https:\/\/fittingall.com\/es\/wp-json\/wp\/v2\/media?parent=987"}],"wp:term":[{"taxonomy":"product_brand","embeddable":true,"href":"https:\/\/fittingall.com\/es\/wp-json\/wp\/v2\/product_brand?post=987"},{"taxonomy":"product_cat","embeddable":true,"href":"https:\/\/fittingall.com\/es\/wp-json\/wp\/v2\/product_cat?post=987"},{"taxonomy":"product_tag","embeddable":true,"href":"https:\/\/fittingall.com\/es\/wp-json\/wp\/v2\/product_tag?post=987"}],"curies":[{"name":"wp","href":"https:\/\/api.w.org\/{rel}","templated":true}]}}