{"id":988,"date":"2022-05-05T09:18:13","date_gmt":"2022-05-05T08:18:13","guid":{"rendered":"https:\/\/fittingall.com\/?post_type=product&#038;p=988"},"modified":"2022-05-05T09:18:13","modified_gmt":"2022-05-05T08:18:13","slug":"guantes-688-pvc-27q","status":"publish","type":"product","link":"https:\/\/fittingall.com\/es\/producto\/guantes-688-pvc-27q\/","title":{"rendered":"Guantes 688-PVC 27Q"},"content":{"rendered":"<div class=\"productos_detalles_descripcion\">Aplicaciones: Protecci\u00f3n Mec\u00e1nica y Qu\u00edmica. Guante estanco de PVC de protecci\u00f3n qu\u00edmica multiuso en medios grasos, qu\u00edmicos o acuosos. Interior de algod\u00f3n flockado y recomendado para industria qu\u00edmica y petroqu\u00edmica, gasolineras, cisternas, desengrasado, disolventes, aceites, pinturas y barnices, disolventes y detergentes, hidrocarburos, construcci\u00f3n, limpieza.<\/p>\n<p>Caracter\u00edsticas y ventajas: &#8211; El PVC proporciona impermeabilidad, buena resistencia a los productos qu\u00edmicos, a las grasas y a los hidrocarburos.<br \/>\n&#8211; Buena flexibilidad, alta dexteridad y resistencia a la abrasi\u00f3n.<br \/>\n&#8211; Acabado granulado que proporciona un excelente agarre tanto en condiciones secas como h\u00famedas.<br \/>\n&#8211; Longitud: 27 cm.<\/p><\/div>\n<div><\/div>\n<div class=\"productos_detalles_norma\"><img loading=\"lazy\" decoding=\"async\" src=\"https:\/\/marcapl.com\/marca\/img\/logo_CE.png\" width=\"30\" height=\"30\" \/>\u00a0EN 420<\/div>\n<div><\/div>\n<div class=\"productos_detalles_riesgos\">\n<div class=\"row contenido_riesgos\">\n<div class=\"col-xs-6 col-sm-4 col-md-6 col-lg-4\">\n<div class=\"media\">\n<div class=\"media-left\"><img loading=\"lazy\" decoding=\"async\" class=\"\" title=\"EN 374-1:16 TIPO C\" src=\"https:\/\/marcapl.com\/marca\/img\/riesgos\/riesgos_guantes_de_trabajo\/riesgos_guantes_de_trabajo_374.png\" alt=\"EN 374-1:16 TIPO C\" width=\"58\" height=\"62\" \/><\/div>\n<div class=\"media-body media-middle text-left\">EN 374-1:16 TIPO C<\/div>\n<\/div>\n<\/div>\n<div class=\"col-xs-6 col-sm-4 col-md-6 col-lg-4\">\n<div class=\"media\">\n<div class=\"media-left\"><img loading=\"lazy\" decoding=\"async\" class=\"\" title=\"EN 388 2,1,2,1\" src=\"https:\/\/marcapl.com\/marca\/img\/riesgos\/riesgos_guantes_de_trabajo\/riesgos_guantes_de_trabajo_388.png\" alt=\"EN 388 2,1,2,1\" width=\"61\" height=\"64\" \/><\/div>\n<div class=\"media-body media-middle text-left\">EN 388 2,1,2,1<\/div>\n<\/div>\n<\/div>\n<div class=\"col-xs-6 col-sm-4 col-md-6 col-lg-4\">\n<div class=\"media\">\n<div class=\"media-left\"><img loading=\"lazy\" decoding=\"async\" class=\"\" title=\"EN 388:16 2121X\" src=\"https:\/\/marcapl.com\/marca\/img\/riesgos\/riesgos_guantes_de_trabajo\/riesgos_guantes_de_trabajo_388.png\" alt=\"EN 388:16 2121X\" width=\"60\" height=\"63\" \/><\/div>\n<div class=\"media-body media-middle text-left\">EN 388:16 2121X<\/div>\n<\/div>\n<\/div>\n<\/div>\n<\/div>\n","protected":false},"excerpt":{"rendered":"<p>Guante de PVC estanco de 27 cm. en color rojo para riesgos mec\u00e1nicos, qu\u00edmicos y microorganismos.<\/p>\n","protected":false},"featured_media":982,"comment_status":"open","ping_status":"closed","template":"","meta":[],"product_brand":[],"product_cat":[30,89],"product_tag":[],"class_list":{"0":"post-988","1":"product","2":"type-product","3":"status-publish","4":"has-post-thumbnail","6":"product_cat-proteccion","7":"product_cat-vestuario-laboral","9":"first","10":"instock","11":"taxable","12":"shipping-taxable","13":"product-type-simple"},"supplier_id":944,"supplier_sku":"688-PVC 27Q","barcode":null,"atum_controlled":true,"out_stock_date":null,"out_stock_threshold":null,"inheritable":false,"inbound_stock":0,"stock_on_hold":0,"sold_today":0,"sales_last_days":0,"reserved_stock":0,"customer_returns":0,"warehouse_damage":0,"lost_in_post":0,"other_logs":0,"out_stock_days":0,"lost_sales":0,"has_location":false,"update_date":"2026-04-05T01:13:53","atum_locations":[],"atum_stock_status":"instock","restock_status":false,"low_stock_amount":"","sales_update_date":"2026-04-05T01:13:53","calc_backorders":null,"_links":{"self":[{"href":"https:\/\/fittingall.com\/es\/wp-json\/wp\/v2\/product\/988","targetHints":{"allow":["GET"]}}],"collection":[{"href":"https:\/\/fittingall.com\/es\/wp-json\/wp\/v2\/product"}],"about":[{"href":"https:\/\/fittingall.com\/es\/wp-json\/wp\/v2\/types\/product"}],"replies":[{"embeddable":true,"href":"https:\/\/fittingall.com\/es\/wp-json\/wp\/v2\/comments?post=988"}],"wp:featuredmedia":[{"embeddable":true,"href":"https:\/\/fittingall.com\/es\/wp-json\/wp\/v2\/media\/982"}],"wp:attachment":[{"href":"https:\/\/fittingall.com\/es\/wp-json\/wp\/v2\/media?parent=988"}],"wp:term":[{"taxonomy":"product_brand","embeddable":true,"href":"https:\/\/fittingall.com\/es\/wp-json\/wp\/v2\/product_brand?post=988"},{"taxonomy":"product_cat","embeddable":true,"href":"https:\/\/fittingall.com\/es\/wp-json\/wp\/v2\/product_cat?post=988"},{"taxonomy":"product_tag","embeddable":true,"href":"https:\/\/fittingall.com\/es\/wp-json\/wp\/v2\/product_tag?post=988"}],"curies":[{"name":"wp","href":"https:\/\/api.w.org\/{rel}","templated":true}]}}