{"id":989,"date":"2022-05-05T09:21:23","date_gmt":"2022-05-05T08:21:23","guid":{"rendered":"https:\/\/fittingall.com\/?post_type=product&#038;p=989"},"modified":"2022-05-05T09:21:23","modified_gmt":"2022-05-05T08:21:23","slug":"guantes-688-egrip","status":"publish","type":"product","link":"https:\/\/fittingall.com\/es\/producto\/guantes-688-egrip\/","title":{"rendered":"Guantes 688-EGRIP"},"content":{"rendered":"<div class=\"productos_detalles_descripcion\">Aplicaciones: Manipulaci\u00f3n General. Riesgos Mec\u00e1nicos. Guante especialmente indicado para trabajos de construcci\u00f3n, residuos, bricolaje y jardiner\u00eda.<\/p>\n<p>Caracter\u00edsticas y ventajas: &#8211; El l\u00e1tex es una sustancia natural que le proporciona un alto nivel de confort por su elevada flexibilidad, a la vez que otorga un excelente agarre y resistencia a la abrasi\u00f3n.<br \/>\n&#8211; Alta transpirabilidad del tejido de poli\u00e9ster\/algod\u00f3n.<\/p><\/div>\n<div class=\"productos_detalles_talla\">Talla 7|8|9|10<\/div>\n<div><\/div>\n<div class=\"productos_detalles_norma\"><img loading=\"lazy\" decoding=\"async\" src=\"https:\/\/marcapl.com\/marca\/img\/logo_CE.png\" width=\"30\" height=\"30\" \/>\u00a0EN 420<\/div>\n<div><\/div>\n<div class=\"productos_detalles_riesgos\">\n<div class=\"row contenido_riesgos\">\n<div class=\"col-xs-6 col-sm-4 col-md-6 col-lg-4\">\n<div class=\"media\">\n<div class=\"media-left\"><img loading=\"lazy\" decoding=\"async\" class=\"\" title=\"EN 388 4,1,3,1\" src=\"https:\/\/marcapl.com\/marca\/img\/riesgos\/riesgos_guantes_de_trabajo\/riesgos_guantes_de_trabajo_388.png\" alt=\"EN 388 4,1,3,1\" width=\"55\" height=\"57\" \/><\/div>\n<div class=\"media-body media-middle text-left\">EN 388 4,1,3,1<\/div>\n<\/div>\n<\/div>\n<div class=\"col-xs-6 col-sm-4 col-md-6 col-lg-4\">\n<div class=\"media\">\n<div class=\"media-left\"><img loading=\"lazy\" decoding=\"async\" class=\"\" title=\"EN 388:16 2142X\" src=\"https:\/\/marcapl.com\/marca\/img\/riesgos\/riesgos_guantes_de_trabajo\/riesgos_guantes_de_trabajo_388.png\" alt=\"EN 388:16 2142X\" width=\"54\" height=\"56\" \/><\/div>\n<div class=\"media-body media-middle text-left\">EN 388:16 2142X<\/div>\n<\/div>\n<\/div>\n<\/div>\n<\/div>\n","protected":false},"excerpt":{"rendered":"<p>Guante econ\u00f3mico de l\u00e1tex con soporte de punto de poli\u00e9ster\/algod\u00f3n y pu\u00f1o el\u00e1stico.<\/p>\n","protected":false},"featured_media":980,"comment_status":"open","ping_status":"closed","template":"","meta":[],"product_brand":[],"product_cat":[30,89],"product_tag":[],"class_list":{"0":"post-989","1":"product","2":"type-product","3":"status-publish","4":"has-post-thumbnail","6":"product_cat-proteccion","7":"product_cat-vestuario-laboral","9":"first","10":"instock","11":"taxable","12":"shipping-taxable","13":"product-type-simple"},"supplier_id":944,"supplier_sku":"688-EGRIP","barcode":null,"atum_controlled":true,"out_stock_date":null,"out_stock_threshold":null,"inheritable":false,"inbound_stock":0,"stock_on_hold":0,"sold_today":0,"sales_last_days":0,"reserved_stock":0,"customer_returns":0,"warehouse_damage":0,"lost_in_post":0,"other_logs":0,"out_stock_days":0,"lost_sales":0,"has_location":false,"update_date":"2026-04-05T01:13:53","atum_locations":[],"atum_stock_status":"instock","restock_status":false,"low_stock_amount":"","sales_update_date":"2026-04-05T01:13:53","calc_backorders":null,"_links":{"self":[{"href":"https:\/\/fittingall.com\/es\/wp-json\/wp\/v2\/product\/989","targetHints":{"allow":["GET"]}}],"collection":[{"href":"https:\/\/fittingall.com\/es\/wp-json\/wp\/v2\/product"}],"about":[{"href":"https:\/\/fittingall.com\/es\/wp-json\/wp\/v2\/types\/product"}],"replies":[{"embeddable":true,"href":"https:\/\/fittingall.com\/es\/wp-json\/wp\/v2\/comments?post=989"}],"wp:featuredmedia":[{"embeddable":true,"href":"https:\/\/fittingall.com\/es\/wp-json\/wp\/v2\/media\/980"}],"wp:attachment":[{"href":"https:\/\/fittingall.com\/es\/wp-json\/wp\/v2\/media?parent=989"}],"wp:term":[{"taxonomy":"product_brand","embeddable":true,"href":"https:\/\/fittingall.com\/es\/wp-json\/wp\/v2\/product_brand?post=989"},{"taxonomy":"product_cat","embeddable":true,"href":"https:\/\/fittingall.com\/es\/wp-json\/wp\/v2\/product_cat?post=989"},{"taxonomy":"product_tag","embeddable":true,"href":"https:\/\/fittingall.com\/es\/wp-json\/wp\/v2\/product_tag?post=989"}],"curies":[{"name":"wp","href":"https:\/\/api.w.org\/{rel}","templated":true}]}}