{"id":990,"date":"2022-05-05T09:24:14","date_gmt":"2022-05-05T08:24:14","guid":{"rendered":"https:\/\/fittingall.com\/?post_type=product&#038;p=990"},"modified":"2022-05-05T09:24:14","modified_gmt":"2022-05-05T08:24:14","slug":"jersey-1288-jcv","status":"publish","type":"product","link":"https:\/\/fittingall.com\/es\/producto\/jersey-1288-jcv\/","title":{"rendered":"Jersey 1288-JCV"},"content":{"rendered":"<div class=\"productos_detalles_descripcion\">Jersey de g\u00e9nero de punto acanalado, reforzado con tejido extra resistente en hombros y codos, del mismo color que la prenda. Disponible en color verde y azul marino.<\/p>\n<p>\u2022 Ajuste de cintura y pu\u00f1os con g\u00e9nero de punto, de acanalado m\u00e1s denso que en el resto de la prenda.<br \/>\n\u2022 1 bolsillo tipo \u201cportabolis\u201d, ubicado en la parte superior de la manga izquierda del usuario.<br \/>\n\u2022 Cremallera visible de resina de 6 mm inyectada del mismo color de la prenda, con tope inferior a medio pecho y superior en zona alta cuello, formando cuello de cisne en posici\u00f3n de cremallera cerrada, y cuello de solapa en abierta.<\/p>\n<p>Composici\u00f3n: 100% Acr\u00edlico (450 gr.\/m2).<\/p><\/div>\n<div class=\"productos_detalles_talla\">Talla M|L|XL|XXL<\/div>\n","protected":false},"excerpt":{"rendered":"<p>Jersey cuello cremallera.<\/p>\n","protected":false},"featured_media":991,"comment_status":"open","ping_status":"closed","template":"","meta":[],"product_brand":[],"product_cat":[30,89],"product_tag":[],"class_list":{"0":"post-990","1":"product","2":"type-product","3":"status-publish","4":"has-post-thumbnail","6":"product_cat-proteccion","7":"product_cat-vestuario-laboral","9":"first","10":"instock","11":"taxable","12":"shipping-taxable","13":"product-type-simple"},"supplier_id":944,"supplier_sku":"1288-JCV","barcode":null,"atum_controlled":true,"out_stock_date":null,"out_stock_threshold":null,"inheritable":false,"inbound_stock":0,"stock_on_hold":0,"sold_today":0,"sales_last_days":0,"reserved_stock":0,"customer_returns":0,"warehouse_damage":0,"lost_in_post":0,"other_logs":0,"out_stock_days":0,"lost_sales":0,"has_location":false,"update_date":"2026-04-05T01:13:53","atum_locations":[],"atum_stock_status":"instock","restock_status":false,"low_stock_amount":"","sales_update_date":"2026-04-05T01:13:53","calc_backorders":null,"_links":{"self":[{"href":"https:\/\/fittingall.com\/es\/wp-json\/wp\/v2\/product\/990","targetHints":{"allow":["GET"]}}],"collection":[{"href":"https:\/\/fittingall.com\/es\/wp-json\/wp\/v2\/product"}],"about":[{"href":"https:\/\/fittingall.com\/es\/wp-json\/wp\/v2\/types\/product"}],"replies":[{"embeddable":true,"href":"https:\/\/fittingall.com\/es\/wp-json\/wp\/v2\/comments?post=990"}],"wp:featuredmedia":[{"embeddable":true,"href":"https:\/\/fittingall.com\/es\/wp-json\/wp\/v2\/media\/991"}],"wp:attachment":[{"href":"https:\/\/fittingall.com\/es\/wp-json\/wp\/v2\/media?parent=990"}],"wp:term":[{"taxonomy":"product_brand","embeddable":true,"href":"https:\/\/fittingall.com\/es\/wp-json\/wp\/v2\/product_brand?post=990"},{"taxonomy":"product_cat","embeddable":true,"href":"https:\/\/fittingall.com\/es\/wp-json\/wp\/v2\/product_cat?post=990"},{"taxonomy":"product_tag","embeddable":true,"href":"https:\/\/fittingall.com\/es\/wp-json\/wp\/v2\/product_tag?post=990"}],"curies":[{"name":"wp","href":"https:\/\/api.w.org\/{rel}","templated":true}]}}