{"id":994,"date":"2022-05-05T09:29:52","date_gmt":"2022-05-05T08:29:52","guid":{"rendered":"https:\/\/fittingall.com\/?post_type=product&#038;p=994"},"modified":"2022-05-05T09:29:52","modified_gmt":"2022-05-05T08:29:52","slug":"pantalon-488-pb-top","status":"publish","type":"product","link":"https:\/\/fittingall.com\/es\/producto\/pantalon-488-pb-top\/","title":{"rendered":"Pantal\u00f3n 488-PB Top"},"content":{"rendered":"<div class=\"productos_detalles_descripcion\">65% poli\u00e9ster 35% algod\u00f3n. Bolsillos extra tipo explorador con fuelle y tapeta con velcro en pantal\u00f3n. Cinturas elasticas. Cremallera de diente ancho. Tapeta cubre cremallera.<\/div>\n<div><\/div>\n<div class=\"productos_detalles_talla\">Talla 38|40|42|44|46|48|50|52|54|56|58|60|62<\/div>\n","protected":false},"excerpt":{"rendered":"<p>Pantal\u00f3n blanco tergal de 245 g.<\/p>\n","protected":false},"featured_media":995,"comment_status":"open","ping_status":"closed","template":"","meta":[],"product_brand":[],"product_cat":[30,89],"product_tag":[],"class_list":{"0":"post-994","1":"product","2":"type-product","3":"status-publish","4":"has-post-thumbnail","6":"product_cat-proteccion","7":"product_cat-vestuario-laboral","9":"first","10":"instock","11":"taxable","12":"shipping-taxable","13":"product-type-simple"},"supplier_id":944,"supplier_sku":"488-PB Top","barcode":null,"atum_controlled":true,"out_stock_date":null,"out_stock_threshold":null,"inheritable":false,"inbound_stock":0,"stock_on_hold":0,"sold_today":0,"sales_last_days":0,"reserved_stock":0,"customer_returns":0,"warehouse_damage":0,"lost_in_post":0,"other_logs":0,"out_stock_days":0,"lost_sales":0,"has_location":false,"update_date":"2026-05-10T09:31:57","atum_locations":[],"atum_stock_status":"instock","restock_status":false,"low_stock_amount":"","sales_update_date":"2026-05-10T09:31:57","calc_backorders":null,"_links":{"self":[{"href":"https:\/\/fittingall.com\/es\/wp-json\/wp\/v2\/product\/994","targetHints":{"allow":["GET"]}}],"collection":[{"href":"https:\/\/fittingall.com\/es\/wp-json\/wp\/v2\/product"}],"about":[{"href":"https:\/\/fittingall.com\/es\/wp-json\/wp\/v2\/types\/product"}],"replies":[{"embeddable":true,"href":"https:\/\/fittingall.com\/es\/wp-json\/wp\/v2\/comments?post=994"}],"wp:featuredmedia":[{"embeddable":true,"href":"https:\/\/fittingall.com\/es\/wp-json\/wp\/v2\/media\/995"}],"wp:attachment":[{"href":"https:\/\/fittingall.com\/es\/wp-json\/wp\/v2\/media?parent=994"}],"wp:term":[{"taxonomy":"product_brand","embeddable":true,"href":"https:\/\/fittingall.com\/es\/wp-json\/wp\/v2\/product_brand?post=994"},{"taxonomy":"product_cat","embeddable":true,"href":"https:\/\/fittingall.com\/es\/wp-json\/wp\/v2\/product_cat?post=994"},{"taxonomy":"product_tag","embeddable":true,"href":"https:\/\/fittingall.com\/es\/wp-json\/wp\/v2\/product_tag?post=994"}],"curies":[{"name":"wp","href":"https:\/\/api.w.org\/{rel}","templated":true}]}}